{"id":1008451,"date":"2025-01-01T00:00:00","date_gmt":"2025-01-01T00:00:00","guid":{"rendered":"http:\/\/&#038;p=1008451"},"modified":"2026-03-20T00:47:58","modified_gmt":"2026-03-20T00:47:58","slug":"eb7180ecco-sv","status":"publish","type":"product","link":"https:\/\/scn.eu\/sv\/produkt\/eb7180ecco-sv\/","title":{"rendered":"EB7181 Ecco SAE klass I LED varningsljus"},"content":{"rendered":"<p>EB7181 LED-varningsljus erbjuder en l\u00e5ng, underh\u00e5llsfri livsl\u00e4ngd och l\u00e5g str\u00f6mf\u00f6rbrukning, detta varningsljus \u00e4r ett h\u00f6gpresterande, kostnadseffektivt val f\u00f6r m\u00e5nga applikationer. Byt enkelt ut blixtljus eller roterande varningsljus med den senaste tekniken s\u00e5 att inget l\u00f6pande underh\u00e5ll kr\u00e4vs.<\/p>\n","protected":false},"excerpt":{"rendered":"<p>EB7181 LED-varningsljus erbjuder en l\u00e5ng, underh\u00e5llsfri livsl\u00e4ngd och l\u00e5g str\u00f6mf\u00f6rbrukning, detta varningsljus \u00e4r ett h\u00f6gpresterande, kostnadseffektivt val f\u00f6r m\u00e5nga applikationer. Byt enkelt ut blixtljus eller roterande varningsljus med den senaste tekniken s\u00e5 att inget l\u00f6pande underh\u00e5ll kr\u00e4vs.<\/p>\n","protected":false},"featured_media":8014965,"comment_status":"closed","ping_status":"closed","template":"","meta":{"_kad_post_transparent":"default","_kad_post_title":"","_kad_post_layout":"default","_kad_post_sidebar_id":"","_kad_post_content_style":"default","_kad_post_vertical_padding":"default","_kad_post_feature":"","_kad_post_feature_position":"","_kad_post_header":false,"_kad_post_footer":false,"_kad_post_classname":""},"product_brand":[921],"product_cat":[10630,9099,10641,10759],"product_tag":[],"product_facet":[10773],"class_list":{"0":"post-1008451","1":"product","2":"type-product","3":"status-publish","4":"has-post-thumbnail","6":"product_brand-ecco-safety","7":"product_cat-components","8":"product_cat-led-direction-indication-and-beacon-lights","9":"product_cat-led-lights","10":"product_cat-products","11":"product_facet-facet-components","13":"first","14":"instock","15":"downloadable","16":"shipping-taxable","17":"product-type-simple","18":"entry","19":"content-bg","20":"loop-entry"},"_links":{"self":[{"href":"https:\/\/scn.eu\/sv\/wp-json\/wp\/v2\/product\/1008451","targetHints":{"allow":["GET"]}}],"collection":[{"href":"https:\/\/scn.eu\/sv\/wp-json\/wp\/v2\/product"}],"about":[{"href":"https:\/\/scn.eu\/sv\/wp-json\/wp\/v2\/types\/product"}],"replies":[{"embeddable":true,"href":"https:\/\/scn.eu\/sv\/wp-json\/wp\/v2\/comments?post=1008451"}],"version-history":[{"count":1,"href":"https:\/\/scn.eu\/sv\/wp-json\/wp\/v2\/product\/1008451\/revisions"}],"predecessor-version":[{"id":8014967,"href":"https:\/\/scn.eu\/sv\/wp-json\/wp\/v2\/product\/1008451\/revisions\/8014967"}],"wp:featuredmedia":[{"embeddable":true,"href":"https:\/\/scn.eu\/sv\/wp-json\/wp\/v2\/media\/8014965"}],"wp:attachment":[{"href":"https:\/\/scn.eu\/sv\/wp-json\/wp\/v2\/media?parent=1008451"}],"wp:term":[{"taxonomy":"product_brand","embeddable":true,"href":"https:\/\/scn.eu\/sv\/wp-json\/wp\/v2\/product_brand?post=1008451"},{"taxonomy":"product_cat","embeddable":true,"href":"https:\/\/scn.eu\/sv\/wp-json\/wp\/v2\/product_cat?post=1008451"},{"taxonomy":"product_tag","embeddable":true,"href":"https:\/\/scn.eu\/sv\/wp-json\/wp\/v2\/product_tag?post=1008451"},{"taxonomy":"product_facet","embeddable":true,"href":"https:\/\/scn.eu\/sv\/wp-json\/wp\/v2\/product_facet?post=1008451"}],"curies":[{"name":"wp","href":"https:\/\/api.w.org\/{rel}","templated":true}]}}