{"id":1008444,"date":"2025-01-01T00:00:00","date_gmt":"2025-01-01T00:00:00","guid":{"rendered":"http:\/\/&#038;p=1008444"},"modified":"2026-03-20T00:47:55","modified_gmt":"2026-03-20T00:47:55","slug":"7960ecco-sv","status":"publish","type":"product","link":"https:\/\/scn.eu\/sv\/produkt\/7960ecco-sv\/","title":{"rendered":"EB5100-SERIEN LED Varningsljus"},"content":{"rendered":"<p>L\u00e5gprofil R65 Beacon anv\u00e4nder kraftfulla lysdioder, arrangerade f\u00f6r att producera ett 360\u00b0 blixtm\u00f6nster genom att kombinera LED-teknikens solid-state, underh\u00e5llsfria l\u00e5nglivade natur. Med ytterligare funktioner inklusive flera blixtm\u00f6nster, synkronisering och kraftfulla tester enligt ECCO-standarden och OEM-specifikationer. Denna h\u00f6gpresterande serie har f\u00f6rb\u00e4ttrat EMC-prestanda till CISPR 25 niv\u00e5 3, \u00e4r robust och kompakt i en popul\u00e4r husdesign och finns i fyra standardmonteringsalternativ. Det h\u00e4r sortimentet \u00e4r utformat f\u00f6r att maximera motst\u00e5ndskraften mot \u00f6verdrivna vibrationer, \u00f6ka produktens livsl\u00e4ngd och st\u00f6ds av v\u00e5r fem\u00e5riga garanti utan kr\u00e5ngel. Beacons med b\u00e4rnstensf\u00e4rgade lysdioder (gul eller klar lins) producerar en simulerad rotation som \u00e4r R65 klass 1-kompatibel.<\/p>\n","protected":false},"excerpt":{"rendered":"<p>L\u00e5gprofil R65 Beacon anv\u00e4nder kraftfulla lysdioder, arrangerade f\u00f6r att producera ett 360\u00b0 blixtm\u00f6nster genom att kombinera LED-teknikens solid-state, underh\u00e5llsfria l\u00e5nglivade natur. Med ytterligare funktioner inklusive flera blixtm\u00f6nster, synkronisering och kraftfulla tester enligt ECCO-standarden och OEM-specifikationer. Denna h\u00f6gpresterande serie har f\u00f6rb\u00e4ttrat EMC-prestanda till CISPR 25 niv\u00e5 3, \u00e4r robust och kompakt i en popul\u00e4r husdesign och&#8230;<\/p>\n","protected":false},"featured_media":8014943,"comment_status":"closed","ping_status":"closed","template":"","meta":{"_kad_post_transparent":"default","_kad_post_title":"","_kad_post_layout":"default","_kad_post_sidebar_id":"","_kad_post_content_style":"default","_kad_post_vertical_padding":"default","_kad_post_feature":"","_kad_post_feature_position":"","_kad_post_header":false,"_kad_post_footer":false,"_kad_post_classname":""},"product_brand":[921],"product_cat":[10630,9099,10641,10759],"product_tag":[],"product_facet":[10773],"class_list":{"0":"post-1008444","1":"product","2":"type-product","3":"status-publish","4":"has-post-thumbnail","6":"product_brand-ecco-safety","7":"product_cat-components","8":"product_cat-led-direction-indication-and-beacon-lights","9":"product_cat-led-lights","10":"product_cat-products","11":"product_facet-facet-components","13":"first","14":"instock","15":"downloadable","16":"shipping-taxable","17":"product-type-simple","18":"entry","19":"content-bg","20":"loop-entry"},"_links":{"self":[{"href":"https:\/\/scn.eu\/sv\/wp-json\/wp\/v2\/product\/1008444","targetHints":{"allow":["GET"]}}],"collection":[{"href":"https:\/\/scn.eu\/sv\/wp-json\/wp\/v2\/product"}],"about":[{"href":"https:\/\/scn.eu\/sv\/wp-json\/wp\/v2\/types\/product"}],"replies":[{"embeddable":true,"href":"https:\/\/scn.eu\/sv\/wp-json\/wp\/v2\/comments?post=1008444"}],"version-history":[{"count":1,"href":"https:\/\/scn.eu\/sv\/wp-json\/wp\/v2\/product\/1008444\/revisions"}],"predecessor-version":[{"id":8014945,"href":"https:\/\/scn.eu\/sv\/wp-json\/wp\/v2\/product\/1008444\/revisions\/8014945"}],"wp:featuredmedia":[{"embeddable":true,"href":"https:\/\/scn.eu\/sv\/wp-json\/wp\/v2\/media\/8014943"}],"wp:attachment":[{"href":"https:\/\/scn.eu\/sv\/wp-json\/wp\/v2\/media?parent=1008444"}],"wp:term":[{"taxonomy":"product_brand","embeddable":true,"href":"https:\/\/scn.eu\/sv\/wp-json\/wp\/v2\/product_brand?post=1008444"},{"taxonomy":"product_cat","embeddable":true,"href":"https:\/\/scn.eu\/sv\/wp-json\/wp\/v2\/product_cat?post=1008444"},{"taxonomy":"product_tag","embeddable":true,"href":"https:\/\/scn.eu\/sv\/wp-json\/wp\/v2\/product_tag?post=1008444"},{"taxonomy":"product_facet","embeddable":true,"href":"https:\/\/scn.eu\/sv\/wp-json\/wp\/v2\/product_facet?post=1008444"}],"curies":[{"name":"wp","href":"https:\/\/api.w.org\/{rel}","templated":true}]}}