{"id":1008430,"date":"2025-01-01T00:00:00","date_gmt":"2025-01-01T00:00:00","guid":{"rendered":"http:\/\/&#038;p=1008430"},"modified":"2026-03-20T00:47:49","modified_gmt":"2026-03-20T00:47:49","slug":"dz266-sv","status":"publish","type":"product","link":"https:\/\/scn.eu\/sv\/produkt\/dz266-sv\/","title":{"rendered":"DZ266 Signalkonverter &#8211;  Obs! slutar att tillverkas Q4 2025"},"content":{"rendered":"<p>DZ266 \u00e4r en multifunktionell f-V- och f-I-omvandlarmodul med snabb svarstid och m\u00e5nga programmerbara funktioner f\u00f6r konvertering av frekvenser till sp\u00e4nning, str\u00f6m eller till seriellt dataformat. <\/p>\n<p>DZ266 har en skalbar LCD-display f\u00f6r indikering av den faktiska ing\u00e5ngsfrekvensen och drifttillst\u00e5ndet. <\/p>\n<p>Den har universella impulsing\u00e5ngar f\u00f6r anv\u00e4ndning med enkanalsignaler (endast A), kvadratursignaler (A, B, 2&#215;90\u00b0) eller differentiella TTL\/RS422-signaler och A, \/A, B, \/B.<br \/>\nSignalomvandlaren DZ266 har hj\u00e4lp driftomr\u00e5de: 0,1Hz till 1MHz och ett seriellt RS232-gr\u00e4nssnitt. Str\u00f6mf\u00f6rs\u00f6rjning 24VDC, extrautg\u00e5ng +5V f\u00f6r f\u00f6rs\u00f6rjning av TTL-kodare. <\/p>\n<p>Montering p\u00e5 DIN-skena.<\/p>\n","protected":false},"excerpt":{"rendered":"<p>DZ266 \u00e4r en multifunktionell f-V- och f-I-omvandlarmodul med snabb svarstid och m\u00e5nga programmerbara funktioner f\u00f6r konvertering av frekvenser till sp\u00e4nning, str\u00f6m eller till seriellt dataformat. DZ266 har en skalbar LCD-display f\u00f6r indikering av den faktiska ing\u00e5ngsfrekvensen och drifttillst\u00e5ndet. Den har universella impulsing\u00e5ngar f\u00f6r anv\u00e4ndning med enkanalsignaler (endast A), kvadratursignaler (A, B, 2&#215;90\u00b0) eller differentiella TTL\/RS422-signaler&#8230;<\/p>\n","protected":false},"featured_media":8014899,"comment_status":"closed","ping_status":"closed","template":"","meta":{"_kad_post_transparent":"default","_kad_post_title":"","_kad_post_layout":"default","_kad_post_sidebar_id":"","_kad_post_content_style":"default","_kad_post_vertical_padding":"default","_kad_post_feature":"","_kad_post_feature_position":"","_kad_post_header":false,"_kad_post_footer":false,"_kad_post_classname":""},"product_brand":[936],"product_cat":[10630,8853,10759],"product_tag":[],"product_facet":[10773],"class_list":{"0":"post-1008430","1":"product","2":"type-product","3":"status-publish","4":"has-post-thumbnail","6":"product_brand-motrona","7":"product_cat-components","8":"product_cat-panel-indicators-and-converters","9":"product_cat-products","10":"product_facet-facet-components","12":"first","13":"instock","14":"downloadable","15":"shipping-taxable","16":"product-type-simple","17":"entry","18":"content-bg","19":"loop-entry"},"_links":{"self":[{"href":"https:\/\/scn.eu\/sv\/wp-json\/wp\/v2\/product\/1008430","targetHints":{"allow":["GET"]}}],"collection":[{"href":"https:\/\/scn.eu\/sv\/wp-json\/wp\/v2\/product"}],"about":[{"href":"https:\/\/scn.eu\/sv\/wp-json\/wp\/v2\/types\/product"}],"replies":[{"embeddable":true,"href":"https:\/\/scn.eu\/sv\/wp-json\/wp\/v2\/comments?post=1008430"}],"version-history":[{"count":1,"href":"https:\/\/scn.eu\/sv\/wp-json\/wp\/v2\/product\/1008430\/revisions"}],"predecessor-version":[{"id":8014901,"href":"https:\/\/scn.eu\/sv\/wp-json\/wp\/v2\/product\/1008430\/revisions\/8014901"}],"wp:featuredmedia":[{"embeddable":true,"href":"https:\/\/scn.eu\/sv\/wp-json\/wp\/v2\/media\/8014899"}],"wp:attachment":[{"href":"https:\/\/scn.eu\/sv\/wp-json\/wp\/v2\/media?parent=1008430"}],"wp:term":[{"taxonomy":"product_brand","embeddable":true,"href":"https:\/\/scn.eu\/sv\/wp-json\/wp\/v2\/product_brand?post=1008430"},{"taxonomy":"product_cat","embeddable":true,"href":"https:\/\/scn.eu\/sv\/wp-json\/wp\/v2\/product_cat?post=1008430"},{"taxonomy":"product_tag","embeddable":true,"href":"https:\/\/scn.eu\/sv\/wp-json\/wp\/v2\/product_tag?post=1008430"},{"taxonomy":"product_facet","embeddable":true,"href":"https:\/\/scn.eu\/sv\/wp-json\/wp\/v2\/product_facet?post=1008430"}],"curies":[{"name":"wp","href":"https:\/\/api.w.org\/{rel}","templated":true}]}}