{"id":1008423,"date":"2025-01-01T00:00:00","date_gmt":"2025-01-01T00:00:00","guid":{"rendered":"http:\/\/&#038;p=1008423"},"modified":"2026-03-20T00:47:44","modified_gmt":"2026-03-20T00:47:44","slug":"dz220-sv","status":"publish","type":"product","link":"https:\/\/scn.eu\/sv\/produkt\/dz220-sv\/","title":{"rendered":"DZ220 Signalkonverter"},"content":{"rendered":"<p>F\u00f6r inkrementella enkoder:<br \/>\nDriftl\u00e4gen som frekvensomvandlare eller positionsgivare (pulsr\u00e4knare).<br \/>\nUniversella inkrementella ing\u00e5ngar (HTL\/TTL\/RS422) f\u00f6r NPN\/PNP\/NAMUR-kodare och sensorer.<br \/>\nFunktioner som kopplingar (t.ex. A+B), skalning, filter, startbryggning, \u2026<br \/>\nIng\u00e5ngsfrekvenser upp till 1 MHz.<\/p>\n<p>F\u00f6r SSI absolut enkoder:<br \/>\nMaster- eller slavdrift med klockfrekvenser upp till 1 MHz.<br \/>\nF\u00f6r enkelvarvs- och flervarvsenkoder med SSI-format fr\u00e5n 10&#8230;32 bitar.<br \/>\nFunktioner som bit-undertryckning, rundslingafunktion, skalning, \u2026<\/p>\n<p>F\u00f6r absolut och magnetostriktiv positionsgivare med Start-Stop-Interface:<br \/>\nDriftl\u00e4gen f\u00f6r master eller slav, f\u00f6r positions-, vinkel- och hastighetsm\u00e4tning.<br \/>\n16 bitars analog utg\u00e5ng, konfigurerbar f\u00f6r sp\u00e4nning eller str\u00f6mdrift.<br \/>\nUSB-C-gr\u00e4nssnitt och RS232\/RS485-gr\u00e4nssnitt f\u00f6r konfiguration och seriell avl\u00e4sning.<br \/>\nExtremt korta konverteringstider.<br \/>\nLinj\u00e4risering med 24 kontrollpunkter.<br \/>\nHj\u00e4lpsp\u00e4nningsutg\u00e5ng 5 och 24VDC f\u00f6r pulsgivarf\u00f6rs\u00f6rjning.<br \/>\nFlera anslutningsm\u00f6jligheter via 5 styring\u00e5ngar, 4 styrutg\u00e5ngar och valfritt 4 ytterligare rel\u00e4kanaler.<br \/>\nDIN-skene montering enligt EN60715.<br \/>\nEnkel parametrering via anv\u00e4ndargr\u00e4nssnitt OS (Freeware).<\/p>\n","protected":false},"excerpt":{"rendered":"<p>F\u00f6r inkrementella enkoder: Driftl\u00e4gen som frekvensomvandlare eller positionsgivare (pulsr\u00e4knare). Universella inkrementella ing\u00e5ngar (HTL\/TTL\/RS422) f\u00f6r NPN\/PNP\/NAMUR-kodare och sensorer. Funktioner som kopplingar (t.ex. A+B), skalning, filter, startbryggning, \u2026 Ing\u00e5ngsfrekvenser upp till 1 MHz. F\u00f6r SSI absolut enkoder: Master- eller slavdrift med klockfrekvenser upp till 1 MHz. F\u00f6r enkelvarvs- och flervarvsenkoder med SSI-format fr\u00e5n 10&#8230;32 bitar. Funktioner som&#8230;<\/p>\n","protected":false},"featured_media":8014877,"comment_status":"closed","ping_status":"closed","template":"","meta":{"_kad_post_transparent":"default","_kad_post_title":"","_kad_post_layout":"default","_kad_post_sidebar_id":"","_kad_post_content_style":"default","_kad_post_vertical_padding":"default","_kad_post_feature":"","_kad_post_feature_position":"","_kad_post_header":false,"_kad_post_footer":false,"_kad_post_classname":""},"product_brand":[936],"product_cat":[10630,8853,10759],"product_tag":[],"product_facet":[10773],"class_list":{"0":"post-1008423","1":"product","2":"type-product","3":"status-publish","4":"has-post-thumbnail","6":"product_brand-motrona","7":"product_cat-components","8":"product_cat-panel-indicators-and-converters","9":"product_cat-products","10":"product_facet-facet-components","12":"first","13":"instock","14":"downloadable","15":"shipping-taxable","16":"product-type-simple","17":"entry","18":"content-bg","19":"loop-entry"},"_links":{"self":[{"href":"https:\/\/scn.eu\/sv\/wp-json\/wp\/v2\/product\/1008423","targetHints":{"allow":["GET"]}}],"collection":[{"href":"https:\/\/scn.eu\/sv\/wp-json\/wp\/v2\/product"}],"about":[{"href":"https:\/\/scn.eu\/sv\/wp-json\/wp\/v2\/types\/product"}],"replies":[{"embeddable":true,"href":"https:\/\/scn.eu\/sv\/wp-json\/wp\/v2\/comments?post=1008423"}],"version-history":[{"count":1,"href":"https:\/\/scn.eu\/sv\/wp-json\/wp\/v2\/product\/1008423\/revisions"}],"predecessor-version":[{"id":8014879,"href":"https:\/\/scn.eu\/sv\/wp-json\/wp\/v2\/product\/1008423\/revisions\/8014879"}],"wp:featuredmedia":[{"embeddable":true,"href":"https:\/\/scn.eu\/sv\/wp-json\/wp\/v2\/media\/8014877"}],"wp:attachment":[{"href":"https:\/\/scn.eu\/sv\/wp-json\/wp\/v2\/media?parent=1008423"}],"wp:term":[{"taxonomy":"product_brand","embeddable":true,"href":"https:\/\/scn.eu\/sv\/wp-json\/wp\/v2\/product_brand?post=1008423"},{"taxonomy":"product_cat","embeddable":true,"href":"https:\/\/scn.eu\/sv\/wp-json\/wp\/v2\/product_cat?post=1008423"},{"taxonomy":"product_tag","embeddable":true,"href":"https:\/\/scn.eu\/sv\/wp-json\/wp\/v2\/product_tag?post=1008423"},{"taxonomy":"product_facet","embeddable":true,"href":"https:\/\/scn.eu\/sv\/wp-json\/wp\/v2\/product_facet?post=1008423"}],"curies":[{"name":"wp","href":"https:\/\/api.w.org\/{rel}","templated":true}]}}