{"id":1008416,"date":"2025-01-01T00:00:00","date_gmt":"2025-01-01T00:00:00","guid":{"rendered":"http:\/\/&#038;p=1008416"},"modified":"2026-03-20T00:47:42","modified_gmt":"2026-03-20T00:47:42","slug":"dx-sv","status":"publish","type":"product","link":"https:\/\/scn.eu\/sv\/produkt\/dx-sv\/","title":{"rendered":"DX350 touchMATRIX\u00ae serien"},"content":{"rendered":"<p>Som standard har displayenheterna i touchMATRIX\u00ae-serien en grafisk display med 186 x 64 pixlar. D\u00e4rf\u00f6r kan klartext, symboler och enheter visas p\u00e5 ett varierande s\u00e4tt. <\/p>\n<p>LCD-bakgrundsdisplayen m\u00f6jligg\u00f6r grafisk representation i f\u00e4rgerna r\u00f6tt, gr\u00f6nt och gult. P\u00e5 grund av den intuitiva parametreringen kan dessa f\u00e4rgvariationer helt enkelt anv\u00e4ndas h\u00e4ndelsestyrt (t.ex. vid gr\u00e4nsv\u00e4rden). <\/p>\n<p>Maximal flexibilitet i anslutning och till\u00e4mpning bevisas av en godtyckligt kombinerbar, modul\u00e4r konfiguration med analog utg\u00e5ng, v\u00e4xelutg\u00e5ngar, rel\u00e4, seriellt gr\u00e4nssnitt (Modbus) och 115 &#8230; 230 VAC. <\/p>\n<p>Med den resistiva pekpanelen och IP65 \u00e4r touchMATRIX\u00ae-displayerna idealiska f\u00f6r anv\u00e4ndning inom livsmedelsindustrin.<\/p>\n","protected":false},"excerpt":{"rendered":"<p>Som standard har displayenheterna i touchMATRIX\u00ae-serien en grafisk display med 186 x 64 pixlar. D\u00e4rf\u00f6r kan klartext, symboler och enheter visas p\u00e5 ett varierande s\u00e4tt. LCD-bakgrundsdisplayen m\u00f6jligg\u00f6r grafisk representation i f\u00e4rgerna r\u00f6tt, gr\u00f6nt och gult. P\u00e5 grund av den intuitiva parametreringen kan dessa f\u00e4rgvariationer helt enkelt anv\u00e4ndas h\u00e4ndelsestyrt (t.ex. vid gr\u00e4nsv\u00e4rden). Maximal flexibilitet i anslutning&#8230;<\/p>\n","protected":false},"featured_media":8014855,"comment_status":"closed","ping_status":"closed","template":"","meta":{"_kad_post_transparent":"default","_kad_post_title":"","_kad_post_layout":"default","_kad_post_sidebar_id":"","_kad_post_content_style":"default","_kad_post_vertical_padding":"default","_kad_post_feature":"","_kad_post_feature_position":"","_kad_post_header":false,"_kad_post_footer":false,"_kad_post_classname":""},"product_brand":[936],"product_cat":[10630,8853,10759],"product_tag":[],"product_facet":[10773],"class_list":{"0":"post-1008416","1":"product","2":"type-product","3":"status-publish","4":"has-post-thumbnail","6":"product_brand-motrona","7":"product_cat-components","8":"product_cat-panel-indicators-and-converters","9":"product_cat-products","10":"product_facet-facet-components","12":"first","13":"instock","14":"downloadable","15":"shipping-taxable","16":"product-type-simple","17":"entry","18":"content-bg","19":"loop-entry"},"_links":{"self":[{"href":"https:\/\/scn.eu\/sv\/wp-json\/wp\/v2\/product\/1008416","targetHints":{"allow":["GET"]}}],"collection":[{"href":"https:\/\/scn.eu\/sv\/wp-json\/wp\/v2\/product"}],"about":[{"href":"https:\/\/scn.eu\/sv\/wp-json\/wp\/v2\/types\/product"}],"replies":[{"embeddable":true,"href":"https:\/\/scn.eu\/sv\/wp-json\/wp\/v2\/comments?post=1008416"}],"version-history":[{"count":1,"href":"https:\/\/scn.eu\/sv\/wp-json\/wp\/v2\/product\/1008416\/revisions"}],"predecessor-version":[{"id":8014857,"href":"https:\/\/scn.eu\/sv\/wp-json\/wp\/v2\/product\/1008416\/revisions\/8014857"}],"wp:featuredmedia":[{"embeddable":true,"href":"https:\/\/scn.eu\/sv\/wp-json\/wp\/v2\/media\/8014855"}],"wp:attachment":[{"href":"https:\/\/scn.eu\/sv\/wp-json\/wp\/v2\/media?parent=1008416"}],"wp:term":[{"taxonomy":"product_brand","embeddable":true,"href":"https:\/\/scn.eu\/sv\/wp-json\/wp\/v2\/product_brand?post=1008416"},{"taxonomy":"product_cat","embeddable":true,"href":"https:\/\/scn.eu\/sv\/wp-json\/wp\/v2\/product_cat?post=1008416"},{"taxonomy":"product_tag","embeddable":true,"href":"https:\/\/scn.eu\/sv\/wp-json\/wp\/v2\/product_tag?post=1008416"},{"taxonomy":"product_facet","embeddable":true,"href":"https:\/\/scn.eu\/sv\/wp-json\/wp\/v2\/product_facet?post=1008416"}],"curies":[{"name":"wp","href":"https:\/\/api.w.org\/{rel}","templated":true}]}}