{"id":1008402,"date":"2025-01-01T00:00:00","date_gmt":"2025-01-01T00:00:00","guid":{"rendered":"http:\/\/&#038;p=1008402"},"modified":"2026-03-20T00:47:31","modified_gmt":"2026-03-20T00:47:31","slug":"drups-20-sv","status":"publish","type":"product","link":"https:\/\/scn.eu\/sv\/produkt\/drups-20-sv\/","title":{"rendered":"DRUPS-20 Batteristyrning f\u00f6r UPS-system (f\u00f6r batterisystem fr\u00e5n 4Ah till 135Ah)"},"content":{"rendered":"<p>Funktioner<\/p>\n<p>&#8211; Batteristyrning f\u00f6r DIN Rail UPS-system.<br \/>\n&#8211; Parallellkoppling till DC BUS.<br \/>\n&#8211; L\u00e4mplig f\u00f6r 24V-system upp till 20A (f\u00f6r batterisystem fr\u00e5n 4Ah till 135Ah).<br \/>\n&#8211; Monteras p\u00e5 DIN-skena TS35 \/ 7,5 eller 15.<br \/>\n&#8211; Inbyggd funktion f\u00f6r batteritest.<br \/>\n&#8211; Skydd f\u00f6r felaktig inkoppling av batteripolaritet.<br \/>\n&#8211; Signalutg\u00e5ng f\u00f6r rel\u00e4kontakt och LED-indikator f\u00f6r DC BUS OK.<br \/>\n&#8211; Batterifel och batteri-urladdning.<br \/>\n&#8211; Kylning genom fri luftv\u00e4xling.<br \/>\n&#8211; 3 \u00e5rs garanti.<\/p>\n","protected":false},"excerpt":{"rendered":"<p>Funktioner &#8211; Batteristyrning f\u00f6r DIN Rail UPS-system. &#8211; Parallellkoppling till DC BUS. &#8211; L\u00e4mplig f\u00f6r 24V-system upp till 20A (f\u00f6r batterisystem fr\u00e5n 4Ah till 135Ah). &#8211; Monteras p\u00e5 DIN-skena TS35 \/ 7,5 eller 15. &#8211; Inbyggd funktion f\u00f6r batteritest. &#8211; Skydd f\u00f6r felaktig inkoppling av batteripolaritet. &#8211; Signalutg\u00e5ng f\u00f6r rel\u00e4kontakt och LED-indikator f\u00f6r DC BUS&#8230;<\/p>\n","protected":false},"featured_media":8014811,"comment_status":"closed","ping_status":"closed","template":"","meta":{"_kad_post_transparent":"default","_kad_post_title":"","_kad_post_layout":"default","_kad_post_sidebar_id":"","_kad_post_content_style":"default","_kad_post_vertical_padding":"default","_kad_post_feature":"","_kad_post_feature_position":"","_kad_post_header":false,"_kad_post_footer":false,"_kad_post_classname":""},"product_brand":[939],"product_cat":[10630,10682,10759,9215],"product_tag":[],"product_facet":[10773],"class_list":{"0":"post-1008402","1":"product","2":"type-product","3":"status-publish","4":"has-post-thumbnail","6":"product_brand-mean-well","7":"product_cat-components","8":"product_cat-power-supplies","9":"product_cat-products","10":"product_cat-ups","11":"product_facet-facet-components","13":"first","14":"instock","15":"downloadable","16":"shipping-taxable","17":"product-type-simple","18":"entry","19":"content-bg","20":"loop-entry"},"_links":{"self":[{"href":"https:\/\/scn.eu\/sv\/wp-json\/wp\/v2\/product\/1008402","targetHints":{"allow":["GET"]}}],"collection":[{"href":"https:\/\/scn.eu\/sv\/wp-json\/wp\/v2\/product"}],"about":[{"href":"https:\/\/scn.eu\/sv\/wp-json\/wp\/v2\/types\/product"}],"replies":[{"embeddable":true,"href":"https:\/\/scn.eu\/sv\/wp-json\/wp\/v2\/comments?post=1008402"}],"version-history":[{"count":1,"href":"https:\/\/scn.eu\/sv\/wp-json\/wp\/v2\/product\/1008402\/revisions"}],"predecessor-version":[{"id":8014813,"href":"https:\/\/scn.eu\/sv\/wp-json\/wp\/v2\/product\/1008402\/revisions\/8014813"}],"wp:featuredmedia":[{"embeddable":true,"href":"https:\/\/scn.eu\/sv\/wp-json\/wp\/v2\/media\/8014811"}],"wp:attachment":[{"href":"https:\/\/scn.eu\/sv\/wp-json\/wp\/v2\/media?parent=1008402"}],"wp:term":[{"taxonomy":"product_brand","embeddable":true,"href":"https:\/\/scn.eu\/sv\/wp-json\/wp\/v2\/product_brand?post=1008402"},{"taxonomy":"product_cat","embeddable":true,"href":"https:\/\/scn.eu\/sv\/wp-json\/wp\/v2\/product_cat?post=1008402"},{"taxonomy":"product_tag","embeddable":true,"href":"https:\/\/scn.eu\/sv\/wp-json\/wp\/v2\/product_tag?post=1008402"},{"taxonomy":"product_facet","embeddable":true,"href":"https:\/\/scn.eu\/sv\/wp-json\/wp\/v2\/product_facet?post=1008402"}],"curies":[{"name":"wp","href":"https:\/\/api.w.org\/{rel}","templated":true}]}}