{"id":1008395,"date":"2025-01-01T00:00:00","date_gmt":"2025-01-01T00:00:00","guid":{"rendered":"http:\/\/&#038;p=1008395"},"modified":"2026-03-20T00:47:26","modified_gmt":"2026-03-20T00:47:26","slug":"dualpolemasterdisconnectswitch500a-sv","status":"publish","type":"product","link":"https:\/\/scn.eu\/sv\/produkt\/dualpolemasterdisconnectswitch500a-sv\/","title":{"rendered":"Tv\u00e5polig manuell batteribrytare f\u00f6r 500A och max 48V"},"content":{"rendered":"<p>Huvudbrytare f\u00f6r batterisystem i fordon f\u00f6r tv\u00e5 kretsar eller b\u00e5de positiv och negativ sida.<br \/>\n500A kontinuerlig str\u00f6m f\u00f6r varje enskild krets (minsta ledararea \u00e4r 2x108kvmm ing\u00e5ng och 2x108kvmm utg\u00e5ng). <\/p>\n<p>Kan anv\u00e4ndas till att simultant bryta tv\u00e5 olika kretsar (24V och 12V). <\/p>\n<p>L\u00e4mplig att bryta ett eller flera batterier p\u00e5 antingen den positiva eller negativa sidan.<\/p>\n","protected":false},"excerpt":{"rendered":"<p>Huvudbrytare f\u00f6r batterisystem i fordon f\u00f6r tv\u00e5 kretsar eller b\u00e5de positiv och negativ sida. 500A kontinuerlig str\u00f6m f\u00f6r varje enskild krets (minsta ledararea \u00e4r 2x108kvmm ing\u00e5ng och 2x108kvmm utg\u00e5ng). Kan anv\u00e4ndas till att simultant bryta tv\u00e5 olika kretsar (24V och 12V). L\u00e4mplig att bryta ett eller flera batterier p\u00e5 antingen den positiva eller negativa sidan.<\/p>\n","protected":false},"featured_media":8014789,"comment_status":"closed","ping_status":"closed","template":"","meta":{"_kad_post_transparent":"default","_kad_post_title":"","_kad_post_layout":"default","_kad_post_sidebar_id":"","_kad_post_content_style":"default","_kad_post_vertical_padding":"default","_kad_post_feature":"","_kad_post_feature_position":"","_kad_post_header":false,"_kad_post_footer":false,"_kad_post_classname":""},"product_brand":[],"product_cat":[10655,10630,9476,10759],"product_tag":[],"product_facet":[10773],"class_list":{"0":"post-1008395","1":"product","2":"type-product","3":"status-publish","4":"has-post-thumbnail","6":"product_cat-battery-disconnector-switches","7":"product_cat-components","8":"product_cat-dpst-double-pole-single-throw","9":"product_cat-products","10":"product_facet-facet-components","12":"first","13":"instock","14":"downloadable","15":"shipping-taxable","16":"product-type-simple","17":"entry","18":"content-bg","19":"loop-entry"},"_links":{"self":[{"href":"https:\/\/scn.eu\/sv\/wp-json\/wp\/v2\/product\/1008395","targetHints":{"allow":["GET"]}}],"collection":[{"href":"https:\/\/scn.eu\/sv\/wp-json\/wp\/v2\/product"}],"about":[{"href":"https:\/\/scn.eu\/sv\/wp-json\/wp\/v2\/types\/product"}],"replies":[{"embeddable":true,"href":"https:\/\/scn.eu\/sv\/wp-json\/wp\/v2\/comments?post=1008395"}],"version-history":[{"count":1,"href":"https:\/\/scn.eu\/sv\/wp-json\/wp\/v2\/product\/1008395\/revisions"}],"predecessor-version":[{"id":8014791,"href":"https:\/\/scn.eu\/sv\/wp-json\/wp\/v2\/product\/1008395\/revisions\/8014791"}],"wp:featuredmedia":[{"embeddable":true,"href":"https:\/\/scn.eu\/sv\/wp-json\/wp\/v2\/media\/8014789"}],"wp:attachment":[{"href":"https:\/\/scn.eu\/sv\/wp-json\/wp\/v2\/media?parent=1008395"}],"wp:term":[{"taxonomy":"product_brand","embeddable":true,"href":"https:\/\/scn.eu\/sv\/wp-json\/wp\/v2\/product_brand?post=1008395"},{"taxonomy":"product_cat","embeddable":true,"href":"https:\/\/scn.eu\/sv\/wp-json\/wp\/v2\/product_cat?post=1008395"},{"taxonomy":"product_tag","embeddable":true,"href":"https:\/\/scn.eu\/sv\/wp-json\/wp\/v2\/product_tag?post=1008395"},{"taxonomy":"product_facet","embeddable":true,"href":"https:\/\/scn.eu\/sv\/wp-json\/wp\/v2\/product_facet?post=1008395"}],"curies":[{"name":"wp","href":"https:\/\/api.w.org\/{rel}","templated":true}]}}