{"id":1008388,"date":"2025-01-01T00:00:00","date_gmt":"2025-01-01T00:00:00","guid":{"rendered":"http:\/\/&#038;p=1008388"},"modified":"2026-03-20T00:47:24","modified_gmt":"2026-03-20T00:47:24","slug":"ds250ds260-sv","status":"publish","type":"product","link":"https:\/\/scn.eu\/sv\/produkt\/ds250ds260-sv\/","title":{"rendered":"DS250 och DS260 Monitor f\u00f6r r\u00f6relse\u00f6vervakning"},"content":{"rendered":"<p>SIL2 och PLd certifiering<br \/>\nS\u00e4kerhetsfunktioner motsvarande EN 61800-5-2<br \/>\n(SS1, SS2, SOS, SLS, SDl, SSM, SLI, SBC, STO, SMS)<br \/>\n1 inkrementell kodaring\u00e5ng med format A, \/A, B, \/B, Z, \/Z<br \/>\n[HTL-differential, RS422]<br \/>\n8 kontrolling\u00e5ngar [HTL \/ PNP]<br \/>\nIng\u00e5ngsfrekvens upp till 500kHz<br \/>\n2 rel\u00e4utg\u00e5ngar 5&#8230;250 VAC \/ VDC (NO)<br \/>\n4 x 2 styrutg\u00e5ngar med push-pull-karakteristik, kortslutningss\u00e4ker,<br \/>\n[HTL], antivalent eller motsvarande redundant eller helt enkelt anv\u00e4nd<br \/>\nS\u00e4kerhetsrelaterad 14-bitars analog utg\u00e5ng f\u00f6r 4 &#8230; 20mA (skalbar)<br \/>\nSignaldelare<br \/>\nStr\u00f6mf\u00f6rs\u00f6rjning 18 &#8230; 30V<br \/>\nTr\u00e5d\u00f6vervakning av sensorsignalerna<br \/>\nKompakt h\u00f6lje f\u00f6r 35mm montering av topphattskena<br \/>\n(enligt EN 60715)<br \/>\nUSB-gr\u00e4nssnitt i kombination med anv\u00e4ndargr\u00e4nssnittet OS6.0 f\u00f6r parametrering av s\u00e4kerhetshastighetsvakten<br \/>\nBG200 operat\u00f6rspanel f\u00f6r enkel parametrering och visning (tillval)<\/p>\n","protected":false},"excerpt":{"rendered":"<p>SIL2 och PLd certifiering S\u00e4kerhetsfunktioner motsvarande EN 61800-5-2 (SS1, SS2, SOS, SLS, SDl, SSM, SLI, SBC, STO, SMS) 1 inkrementell kodaring\u00e5ng med format A, \/A, B, \/B, Z, \/Z [HTL-differential, RS422] 8 kontrolling\u00e5ngar [HTL \/ PNP] Ing\u00e5ngsfrekvens upp till 500kHz 2 rel\u00e4utg\u00e5ngar 5&#8230;250 VAC \/ VDC (NO) 4 x 2 styrutg\u00e5ngar med push-pull-karakteristik, kortslutningss\u00e4ker, [HTL],&#8230;<\/p>\n","protected":false},"featured_media":8014767,"comment_status":"closed","ping_status":"closed","template":"","meta":{"_kad_post_transparent":"default","_kad_post_title":"","_kad_post_layout":"default","_kad_post_sidebar_id":"","_kad_post_content_style":"default","_kad_post_vertical_padding":"default","_kad_post_feature":"","_kad_post_feature_position":"","_kad_post_header":false,"_kad_post_footer":false,"_kad_post_classname":""},"product_brand":[936],"product_cat":[10630,8853,10759],"product_tag":[],"product_facet":[10773],"class_list":{"0":"post-1008388","1":"product","2":"type-product","3":"status-publish","4":"has-post-thumbnail","6":"product_brand-motrona","7":"product_cat-components","8":"product_cat-panel-indicators-and-converters","9":"product_cat-products","10":"product_facet-facet-components","12":"first","13":"instock","14":"downloadable","15":"shipping-taxable","16":"product-type-simple","17":"entry","18":"content-bg","19":"loop-entry"},"_links":{"self":[{"href":"https:\/\/scn.eu\/sv\/wp-json\/wp\/v2\/product\/1008388","targetHints":{"allow":["GET"]}}],"collection":[{"href":"https:\/\/scn.eu\/sv\/wp-json\/wp\/v2\/product"}],"about":[{"href":"https:\/\/scn.eu\/sv\/wp-json\/wp\/v2\/types\/product"}],"replies":[{"embeddable":true,"href":"https:\/\/scn.eu\/sv\/wp-json\/wp\/v2\/comments?post=1008388"}],"version-history":[{"count":1,"href":"https:\/\/scn.eu\/sv\/wp-json\/wp\/v2\/product\/1008388\/revisions"}],"predecessor-version":[{"id":8014769,"href":"https:\/\/scn.eu\/sv\/wp-json\/wp\/v2\/product\/1008388\/revisions\/8014769"}],"wp:featuredmedia":[{"embeddable":true,"href":"https:\/\/scn.eu\/sv\/wp-json\/wp\/v2\/media\/8014767"}],"wp:attachment":[{"href":"https:\/\/scn.eu\/sv\/wp-json\/wp\/v2\/media?parent=1008388"}],"wp:term":[{"taxonomy":"product_brand","embeddable":true,"href":"https:\/\/scn.eu\/sv\/wp-json\/wp\/v2\/product_brand?post=1008388"},{"taxonomy":"product_cat","embeddable":true,"href":"https:\/\/scn.eu\/sv\/wp-json\/wp\/v2\/product_cat?post=1008388"},{"taxonomy":"product_tag","embeddable":true,"href":"https:\/\/scn.eu\/sv\/wp-json\/wp\/v2\/product_tag?post=1008388"},{"taxonomy":"product_facet","embeddable":true,"href":"https:\/\/scn.eu\/sv\/wp-json\/wp\/v2\/product_facet?post=1008388"}],"curies":[{"name":"wp","href":"https:\/\/api.w.org\/{rel}","templated":true}]}}