{"id":1008381,"date":"2025-01-01T00:00:00","date_gmt":"2025-01-01T00:00:00","guid":{"rendered":"http:\/\/&#038;p=1008381"},"modified":"2026-03-20T00:47:18","modified_gmt":"2026-03-20T00:47:18","slug":"ds230ds240-sv","status":"publish","type":"product","link":"https:\/\/scn.eu\/sv\/produkt\/ds230ds240-sv\/","title":{"rendered":"DS230 och DS240 Monitor f\u00f6r r\u00f6relse\u00f6vervakning"},"content":{"rendered":"<p>S\u00e4kerhetsr\u00f6relse\u00f6vervakare f\u00f6r SinCos och inkrementella encoders\/sensorer.<\/p>\n<p>\u00d6vervakning av underhastighet, \u00f6verhastighet, stillast\u00e5ende och rotationsriktning.<\/p>\n<p>SIL3- och PLe-certifiering.<\/p>\n<p>S\u00e4kerhetsfunktioner motsvarande EN61800-5-2 (SS1, SS2, SOS, SLS, SDI, SSM).<\/p>\n<p>Ing\u00e5ngar f\u00f6r:<br \/>\n2 SinCos-kodare.<br \/>\n2 inkrementella kodare RS422.<br \/>\n2 HTL\/PNP-inkrementella givare, n\u00e4rvarokontroller eller styrsignaler.<\/p>\n<p>Utg\u00e5ngar (s\u00e4kerhetsrelaterade):<br \/>\n1 Rel\u00e4utg\u00e5ng 5 &#8230; 36 VDC (NO).<br \/>\n1 Analog utg\u00e5ng 4 &#8230; 20 mA.<br \/>\n4 HTL-kontrollutg\u00e5ngar.<\/p>\n<p>Signalf\u00f6rdelare (s\u00e4kerhetsrelaterad):<br \/>\n1 SinCos Splitterutg\u00e5ng.<br \/>\n1 RS422 Splitterutg\u00e5ng.<\/p>\n<p>Montering p\u00e5 35 mm h\u00f6g hattskena (enligt EN 60715).<\/p>\n<p>USB-gr\u00e4nssnitt f\u00f6r enkel parametrering via operat\u00f6rsytan OS 6.0.<\/p>\n<p>Som tillval finns display- och programmeringsenhet BG230 f\u00f6r parametrering och indikering.<\/p>\n","protected":false},"excerpt":{"rendered":"<p>S\u00e4kerhetsr\u00f6relse\u00f6vervakare f\u00f6r SinCos och inkrementella encoders\/sensorer. \u00d6vervakning av underhastighet, \u00f6verhastighet, stillast\u00e5ende och rotationsriktning. SIL3- och PLe-certifiering. S\u00e4kerhetsfunktioner motsvarande EN61800-5-2 (SS1, SS2, SOS, SLS, SDI, SSM). Ing\u00e5ngar f\u00f6r: 2 SinCos-kodare. 2 inkrementella kodare RS422. 2 HTL\/PNP-inkrementella givare, n\u00e4rvarokontroller eller styrsignaler. Utg\u00e5ngar (s\u00e4kerhetsrelaterade): 1 Rel\u00e4utg\u00e5ng 5 &#8230; 36 VDC (NO). 1 Analog utg\u00e5ng 4 &#8230; 20 mA&#8230;.<\/p>\n","protected":false},"featured_media":8014745,"comment_status":"closed","ping_status":"closed","template":"","meta":{"_kad_post_transparent":"default","_kad_post_title":"","_kad_post_layout":"default","_kad_post_sidebar_id":"","_kad_post_content_style":"default","_kad_post_vertical_padding":"default","_kad_post_feature":"","_kad_post_feature_position":"","_kad_post_header":false,"_kad_post_footer":false,"_kad_post_classname":""},"product_brand":[936],"product_cat":[10630,8853,10759],"product_tag":[],"product_facet":[10773],"class_list":{"0":"post-1008381","1":"product","2":"type-product","3":"status-publish","4":"has-post-thumbnail","6":"product_brand-motrona","7":"product_cat-components","8":"product_cat-panel-indicators-and-converters","9":"product_cat-products","10":"product_facet-facet-components","12":"first","13":"instock","14":"downloadable","15":"shipping-taxable","16":"product-type-simple","17":"entry","18":"content-bg","19":"loop-entry"},"_links":{"self":[{"href":"https:\/\/scn.eu\/sv\/wp-json\/wp\/v2\/product\/1008381","targetHints":{"allow":["GET"]}}],"collection":[{"href":"https:\/\/scn.eu\/sv\/wp-json\/wp\/v2\/product"}],"about":[{"href":"https:\/\/scn.eu\/sv\/wp-json\/wp\/v2\/types\/product"}],"replies":[{"embeddable":true,"href":"https:\/\/scn.eu\/sv\/wp-json\/wp\/v2\/comments?post=1008381"}],"version-history":[{"count":1,"href":"https:\/\/scn.eu\/sv\/wp-json\/wp\/v2\/product\/1008381\/revisions"}],"predecessor-version":[{"id":8014747,"href":"https:\/\/scn.eu\/sv\/wp-json\/wp\/v2\/product\/1008381\/revisions\/8014747"}],"wp:featuredmedia":[{"embeddable":true,"href":"https:\/\/scn.eu\/sv\/wp-json\/wp\/v2\/media\/8014745"}],"wp:attachment":[{"href":"https:\/\/scn.eu\/sv\/wp-json\/wp\/v2\/media?parent=1008381"}],"wp:term":[{"taxonomy":"product_brand","embeddable":true,"href":"https:\/\/scn.eu\/sv\/wp-json\/wp\/v2\/product_brand?post=1008381"},{"taxonomy":"product_cat","embeddable":true,"href":"https:\/\/scn.eu\/sv\/wp-json\/wp\/v2\/product_cat?post=1008381"},{"taxonomy":"product_tag","embeddable":true,"href":"https:\/\/scn.eu\/sv\/wp-json\/wp\/v2\/product_tag?post=1008381"},{"taxonomy":"product_facet","embeddable":true,"href":"https:\/\/scn.eu\/sv\/wp-json\/wp\/v2\/product_facet?post=1008381"}],"curies":[{"name":"wp","href":"https:\/\/api.w.org\/{rel}","templated":true}]}}