{"id":1008360,"date":"2025-01-01T00:00:00","date_gmt":"2025-01-01T00:00:00","guid":{"rendered":"http:\/\/&#038;p=1008360"},"modified":"2026-03-20T00:47:07","modified_gmt":"2026-03-20T00:47:07","slug":"dp350touchmatrix-sv","status":"publish","type":"product","link":"https:\/\/scn.eu\/sv\/produkt\/dp350touchmatrix-sv\/","title":{"rendered":"DP350 TouchMATRIX med start-stop interface"},"content":{"rendered":"<p>DP350 med sitt start-stop-gr\u00e4nssnitt har utvecklats f\u00f6r transsonaravst\u00e5ndsm\u00e4tning med hj\u00e4lp av absoluta givare och magnetostriktiva sensorer. <\/p>\n<p>Enheten har en resistiv peksk\u00e4rm med grafisk flerf\u00e4rgsdisplay (r\u00f6d, gr\u00f6n, gul). Displayen kan programmeras beroende p\u00e5 h\u00e4ndelsen. Enheten har m\u00e5nga funktioner som skalning, filter, nollf\u00f6rskjutning, r\u00e4kneriktning och linj\u00e4risering med upp till 24 interpolationspunkter.<\/p>\n<p>Under transsonarm\u00e4tningen skickar enheten en Init-puls till kodaren, varp\u00e5 m\u00e4tningen startas. M\u00e4taren skickar tillbaka en start- och en stoppimpuls. Positionen kan ber\u00e4knas med hj\u00e4lp av tiden mellan start- och stoppulsen och den presenterade v\u00e5gledarhastigheten f\u00f6r givaren. Denna metod kan anv\u00e4ndas f\u00f6r avst\u00e5nd och \u00e4ven f\u00f6r vinkelm\u00e4tning. Vinklarna kan ocks\u00e5 visas som vinkelminuter och vinkelsekunder.<\/p>\n<p>Start-Stop-gr\u00e4nssnitt f\u00f6r absoluta givare och magnetostriktiva givare.<br \/>\nJusterbar frekvens f\u00f6r initpulserna fr\u00e5n 62,5 Hz till 5 kHz.<br \/>\n3 kontrolling\u00e5ngar f\u00f6r HTL\/PNP-signaler.<br \/>\nStr\u00f6mf\u00f6rs\u00f6rjning 18 &#8230; 30 VDC<br \/>\nHj\u00e4lpsp\u00e4nningsutg\u00e5ng 24 VDC eller 5 VDC f\u00f6r encoderf\u00f6rs\u00f6rjning.<br \/>\nLCD-display med 8 decennier (f\u00e4rg: r\u00f6tt, gr\u00f6nt, gult).<br \/>\nResistiv peksk\u00e4rm<br \/>\nStandardh\u00f6lje med 96 x 48 mm och IP65-skydd.<br \/>\nIntuitiv och enkel parametrering med klartext och peksk\u00e4rm.<br \/>\nM\u00e5nga funktioner som skalning, filter, nollf\u00f6rskjutning, r\u00e4kneriktning osv.<br \/>\nLinj\u00e4risering med 24 interpolationspunkter<br \/>\nAlternativ AC: Str\u00f6mf\u00f6rs\u00f6rjning 115 &#8230; 230 VAC<br \/>\nAlternativ AO: 16 bitars analog utg\u00e5ng, 4 kontrollutg\u00e5ngar, seriellt RS232-gr\u00e4nssnitt.<br \/>\nAlternativ AR: 16 bitars analog utg\u00e5ng, 4 kontrollutg\u00e5ngar, seriellt RS485-gr\u00e4nssnitt.<br \/>\nAlternativ CO: 4 kontrollutg\u00e5ngar, seriellt RS232-gr\u00e4nssnitt.<br \/>\nAlternativ CR: 4 kontrollutg\u00e5ngar, seriellt RS485-gr\u00e4nssnitt.<br \/>\nAlternativ RL: 2 rel\u00e4utg\u00e5ngar<\/p>\n<p>Alternativen kan kombineras.<\/p>\n","protected":false},"excerpt":{"rendered":"<p>DP350 med sitt start-stop-gr\u00e4nssnitt har utvecklats f\u00f6r transsonaravst\u00e5ndsm\u00e4tning med hj\u00e4lp av absoluta givare och magnetostriktiva sensorer. Enheten har en resistiv peksk\u00e4rm med grafisk flerf\u00e4rgsdisplay (r\u00f6d, gr\u00f6n, gul). Displayen kan programmeras beroende p\u00e5 h\u00e4ndelsen. Enheten har m\u00e5nga funktioner som skalning, filter, nollf\u00f6rskjutning, r\u00e4kneriktning och linj\u00e4risering med upp till 24 interpolationspunkter. Under transsonarm\u00e4tningen skickar enheten en Init-puls&#8230;<\/p>\n","protected":false},"featured_media":8014679,"comment_status":"closed","ping_status":"closed","template":"","meta":{"_kad_post_transparent":"default","_kad_post_title":"","_kad_post_layout":"default","_kad_post_sidebar_id":"","_kad_post_content_style":"default","_kad_post_vertical_padding":"default","_kad_post_feature":"","_kad_post_feature_position":"","_kad_post_header":false,"_kad_post_footer":false,"_kad_post_classname":""},"product_brand":[936],"product_cat":[10630,8853,10759],"product_tag":[],"product_facet":[10773],"class_list":{"0":"post-1008360","1":"product","2":"type-product","3":"status-publish","4":"has-post-thumbnail","6":"product_brand-motrona","7":"product_cat-components","8":"product_cat-panel-indicators-and-converters","9":"product_cat-products","10":"product_facet-facet-components","12":"first","13":"instock","14":"downloadable","15":"shipping-taxable","16":"product-type-simple","17":"entry","18":"content-bg","19":"loop-entry"},"_links":{"self":[{"href":"https:\/\/scn.eu\/sv\/wp-json\/wp\/v2\/product\/1008360","targetHints":{"allow":["GET"]}}],"collection":[{"href":"https:\/\/scn.eu\/sv\/wp-json\/wp\/v2\/product"}],"about":[{"href":"https:\/\/scn.eu\/sv\/wp-json\/wp\/v2\/types\/product"}],"replies":[{"embeddable":true,"href":"https:\/\/scn.eu\/sv\/wp-json\/wp\/v2\/comments?post=1008360"}],"version-history":[{"count":1,"href":"https:\/\/scn.eu\/sv\/wp-json\/wp\/v2\/product\/1008360\/revisions"}],"predecessor-version":[{"id":8014681,"href":"https:\/\/scn.eu\/sv\/wp-json\/wp\/v2\/product\/1008360\/revisions\/8014681"}],"wp:featuredmedia":[{"embeddable":true,"href":"https:\/\/scn.eu\/sv\/wp-json\/wp\/v2\/media\/8014679"}],"wp:attachment":[{"href":"https:\/\/scn.eu\/sv\/wp-json\/wp\/v2\/media?parent=1008360"}],"wp:term":[{"taxonomy":"product_brand","embeddable":true,"href":"https:\/\/scn.eu\/sv\/wp-json\/wp\/v2\/product_brand?post=1008360"},{"taxonomy":"product_cat","embeddable":true,"href":"https:\/\/scn.eu\/sv\/wp-json\/wp\/v2\/product_cat?post=1008360"},{"taxonomy":"product_tag","embeddable":true,"href":"https:\/\/scn.eu\/sv\/wp-json\/wp\/v2\/product_tag?post=1008360"},{"taxonomy":"product_facet","embeddable":true,"href":"https:\/\/scn.eu\/sv\/wp-json\/wp\/v2\/product_facet?post=1008360"}],"curies":[{"name":"wp","href":"https:\/\/api.w.org\/{rel}","templated":true}]}}