{"id":1008283,"date":"2025-01-01T00:00:00","date_gmt":"2025-01-01T00:00:00","guid":{"rendered":"http:\/\/&#038;p=1008283"},"modified":"2026-03-20T00:46:29","modified_gmt":"2026-03-20T00:46:29","slug":"dm350-sv","status":"publish","type":"product","link":"https:\/\/scn.eu\/sv\/produkt\/dm350-sv\/","title":{"rendered":"DM350 Indikator f\u00f6r lastsensorer (full bridge)"},"content":{"rendered":"<p>V\u00e5rt panelinstrument har en 6-tr\u00e5dsanslutning f\u00f6r en t\u00f6jningsgivare med full brygga. Detta inneb\u00e4r att alla typer av sp\u00e4nnings-, tryck- och kraftsensorer kan anslutas till DM350. De kraftm\u00e4tningar som genomf\u00f6rs p\u00e5 detta s\u00e4tt anv\u00e4nds i stor utstr\u00e4ckning inom industrin, till exempel i hydraulpressar, valsmaskiner, bockningsmaskiner, h\u00e5llfasthetsprovningsmaskiner och \u00e4ven inom niv\u00e5m\u00e4tning. Liksom alla enheter i v\u00e5r touchMATRIX\u00ae-familj \u00e4r DM350 ocks\u00e5 utrustad med en resistiv peksk\u00e4rm och en flerf\u00e4rgad grafisk display (r\u00f6d, gr\u00f6n, gul). Tack vare den modul\u00e4ra designen finns det ett stort antal alternativ tillg\u00e4ngliga som: Analog utg\u00e5ng, rel\u00e4er, switchade utg\u00e5ngar, seriellt gr\u00e4nssnitt (Modbus) och 115 &#8230; 230 VAC str\u00f6mf\u00f6rs\u00f6rjning.<\/p>\n<p>Produktegenskaper:<br \/>\n\u2022 16 bitars analog ing\u00e5ng<br \/>\n\u2022 Ljusstark display med h\u00f6g kontrast och h\u00e4ndelseberoende f\u00e4rgvariationer<br \/>\n\u2022 Emulering av en 7-segmentssk\u00e4rm inklusive ikoner och enheter<br \/>\n\u2022 Intuitiv och enkel parametrering med vanlig text och peksk\u00e4rm<br \/>\n\u2022 Anslutning f\u00f6r en DMS helbrygga sensor<br \/>\n\u2022 Justerbar bryggsp\u00e4nning fr\u00e5n 3 VDC till 10 VDC<br \/>\n\u2022 Justerbart f\u00f6rst\u00e4rkningsomr\u00e5de fr\u00e5n \u00b1 5 mV till \u00b1 80 mV<br \/>\n\u2022 Tre HTL-ing\u00e5ngar f\u00f6r triggning av olika tillst\u00e5nd<br \/>\n\u2022 Fyra utg\u00e5ngar f\u00f6r visning av olika tillst\u00e5nd<br \/>\n\u2022 3,78 x 1,89 tums normpanelhus och IP65-skydd. Tillg\u00e4ngliga alternativ: DM350: Grundenhet med 1 analog ing\u00e5ng (16 bitar), 3 styring\u00e5ngar<br \/>\n\u2022 Alternativ AC: Str\u00f6mf\u00f6rs\u00f6rjning 115\u2026230 VAC<br \/>\n\u2022 Alternativ AO: 16 bitars analog utg\u00e5ng, 4 styrutg\u00e5ngar, RS232-gr\u00e4nssnitt<br \/>\n\u2022 Alternativ AR: 16 bitars analog utg\u00e5ng, 4 styrutg\u00e5ngar, RS485-gr\u00e4nssnitt<br \/>\n\u2022 Alternativ CO: 4 styrutg\u00e5ngar, RS232-gr\u00e4nssnitt<br \/>\n\u2022 Alternativ CR: 4 styrutg\u00e5ngar, RS485-gr\u00e4nssnitt<br \/>\n\u2022 Alternativ RL: 2 rel\u00e4utg\u00e5ngar<\/p>\n","protected":false},"excerpt":{"rendered":"<p>V\u00e5rt panelinstrument har en 6-tr\u00e5dsanslutning f\u00f6r en t\u00f6jningsgivare med full brygga. Detta inneb\u00e4r att alla typer av sp\u00e4nnings-, tryck- och kraftsensorer kan anslutas till DM350. De kraftm\u00e4tningar som genomf\u00f6rs p\u00e5 detta s\u00e4tt anv\u00e4nds i stor utstr\u00e4ckning inom industrin, till exempel i hydraulpressar, valsmaskiner, bockningsmaskiner, h\u00e5llfasthetsprovningsmaskiner och \u00e4ven inom niv\u00e5m\u00e4tning. Liksom alla enheter i v\u00e5r touchMATRIX\u00ae-familj&#8230;<\/p>\n","protected":false},"featured_media":8014549,"comment_status":"closed","ping_status":"closed","template":"","meta":{"_kad_post_transparent":"default","_kad_post_title":"","_kad_post_layout":"default","_kad_post_sidebar_id":"","_kad_post_content_style":"default","_kad_post_vertical_padding":"default","_kad_post_feature":"","_kad_post_feature_position":"","_kad_post_header":false,"_kad_post_footer":false,"_kad_post_classname":""},"product_brand":[936],"product_cat":[10630,8853,10759],"product_tag":[],"product_facet":[10773],"class_list":{"0":"post-1008283","1":"product","2":"type-product","3":"status-publish","4":"has-post-thumbnail","6":"product_brand-motrona","7":"product_cat-components","8":"product_cat-panel-indicators-and-converters","9":"product_cat-products","10":"product_facet-facet-components","12":"first","13":"instock","14":"downloadable","15":"shipping-taxable","16":"product-type-simple","17":"entry","18":"content-bg","19":"loop-entry"},"_links":{"self":[{"href":"https:\/\/scn.eu\/sv\/wp-json\/wp\/v2\/product\/1008283","targetHints":{"allow":["GET"]}}],"collection":[{"href":"https:\/\/scn.eu\/sv\/wp-json\/wp\/v2\/product"}],"about":[{"href":"https:\/\/scn.eu\/sv\/wp-json\/wp\/v2\/types\/product"}],"replies":[{"embeddable":true,"href":"https:\/\/scn.eu\/sv\/wp-json\/wp\/v2\/comments?post=1008283"}],"version-history":[{"count":1,"href":"https:\/\/scn.eu\/sv\/wp-json\/wp\/v2\/product\/1008283\/revisions"}],"predecessor-version":[{"id":8014551,"href":"https:\/\/scn.eu\/sv\/wp-json\/wp\/v2\/product\/1008283\/revisions\/8014551"}],"wp:featuredmedia":[{"embeddable":true,"href":"https:\/\/scn.eu\/sv\/wp-json\/wp\/v2\/media\/8014549"}],"wp:attachment":[{"href":"https:\/\/scn.eu\/sv\/wp-json\/wp\/v2\/media?parent=1008283"}],"wp:term":[{"taxonomy":"product_brand","embeddable":true,"href":"https:\/\/scn.eu\/sv\/wp-json\/wp\/v2\/product_brand?post=1008283"},{"taxonomy":"product_cat","embeddable":true,"href":"https:\/\/scn.eu\/sv\/wp-json\/wp\/v2\/product_cat?post=1008283"},{"taxonomy":"product_tag","embeddable":true,"href":"https:\/\/scn.eu\/sv\/wp-json\/wp\/v2\/product_tag?post=1008283"},{"taxonomy":"product_facet","embeddable":true,"href":"https:\/\/scn.eu\/sv\/wp-json\/wp\/v2\/product_facet?post=1008283"}],"curies":[{"name":"wp","href":"https:\/\/api.w.org\/{rel}","templated":true}]}}