{"id":1008234,"date":"2025-01-01T00:00:00","date_gmt":"2025-01-01T00:00:00","guid":{"rendered":"http:\/\/&#038;p=1008234"},"modified":"2026-03-20T00:46:03","modified_gmt":"2026-03-20T00:46:03","slug":"dinrailadaptors-sv","status":"publish","type":"product","link":"https:\/\/scn.eu\/sv\/produkt\/dinrailadaptors-sv\/","title":{"rendered":"DIN-skena adaptrar"},"content":{"rendered":"<p>DIN-skena adaptrar:<\/p>\n<p>1LD00400:<br \/>\nDIN-skena adapter f\u00f6r WF21\/07\/05.<\/p>\n<p>1LD00500:<br \/>\nDIN-skena adapter f\u00f6r SG\/SVT\/SV969300.<\/p>\n<p>1LD12020:<br \/>\nAdapter f\u00f6r DIN-skena f\u00f6r SC\/SV8\/SO vertikalt montage.<br \/>\nMontering + kylfl\u00e4ns + DIN-adapter Alternativ.<\/p>\n<p>1LWD1202:<br \/>\nMontering av SC\/SV\/SO p\u00e5 1LD12020 + 1LD12020.<br \/>\nMonteringsalternativ (skruvsats ing\u00e5r) Endast om antal >10.<\/p>\n<p>1LW00000:<br \/>\nMontering av rel\u00e4er p\u00e5 kylfl\u00e4ns.<\/p>\n<p>1LWD0000:<br \/>\nMontering av kylfl\u00e4ns p\u00e5 DIN-skena adapter.<\/p>\n","protected":false},"excerpt":{"rendered":"<p>DIN-skena adaptrar: 1LD00400: DIN-skena adapter f\u00f6r WF21\/07\/05. 1LD00500: DIN-skena adapter f\u00f6r SG\/SVT\/SV969300. 1LD12020: Adapter f\u00f6r DIN-skena f\u00f6r SC\/SV8\/SO vertikalt montage. Montering + kylfl\u00e4ns + DIN-adapter Alternativ. 1LWD1202: Montering av SC\/SV\/SO p\u00e5 1LD12020 + 1LD12020. Monteringsalternativ (skruvsats ing\u00e5r) Endast om antal >10. 1LW00000: Montering av rel\u00e4er p\u00e5 kylfl\u00e4ns. 1LWD0000: Montering av kylfl\u00e4ns p\u00e5 DIN-skena adapter.<\/p>\n","protected":false},"featured_media":8014437,"comment_status":"closed","ping_status":"closed","template":"","meta":{"_kad_post_transparent":"default","_kad_post_title":"","_kad_post_layout":"default","_kad_post_sidebar_id":"","_kad_post_content_style":"default","_kad_post_vertical_padding":"default","_kad_post_feature":"","_kad_post_feature_position":"","_kad_post_header":false,"_kad_post_footer":false,"_kad_post_classname":""},"product_brand":[938],"product_cat":[9452,10630,10759,10417],"product_tag":[],"product_facet":[10773],"class_list":{"0":"post-1008234","1":"product","2":"type-product","3":"status-publish","4":"has-post-thumbnail","6":"product_brand-celduc","7":"product_cat-accessories-solid-state-relays-ssr","8":"product_cat-components","9":"product_cat-products","10":"product_cat-solid-state-relays-ssr","11":"product_facet-facet-components","13":"first","14":"instock","15":"downloadable","16":"shipping-taxable","17":"product-type-simple","18":"entry","19":"content-bg","20":"loop-entry"},"_links":{"self":[{"href":"https:\/\/scn.eu\/sv\/wp-json\/wp\/v2\/product\/1008234","targetHints":{"allow":["GET"]}}],"collection":[{"href":"https:\/\/scn.eu\/sv\/wp-json\/wp\/v2\/product"}],"about":[{"href":"https:\/\/scn.eu\/sv\/wp-json\/wp\/v2\/types\/product"}],"replies":[{"embeddable":true,"href":"https:\/\/scn.eu\/sv\/wp-json\/wp\/v2\/comments?post=1008234"}],"version-history":[{"count":1,"href":"https:\/\/scn.eu\/sv\/wp-json\/wp\/v2\/product\/1008234\/revisions"}],"predecessor-version":[{"id":8014439,"href":"https:\/\/scn.eu\/sv\/wp-json\/wp\/v2\/product\/1008234\/revisions\/8014439"}],"wp:featuredmedia":[{"embeddable":true,"href":"https:\/\/scn.eu\/sv\/wp-json\/wp\/v2\/media\/8014437"}],"wp:attachment":[{"href":"https:\/\/scn.eu\/sv\/wp-json\/wp\/v2\/media?parent=1008234"}],"wp:term":[{"taxonomy":"product_brand","embeddable":true,"href":"https:\/\/scn.eu\/sv\/wp-json\/wp\/v2\/product_brand?post=1008234"},{"taxonomy":"product_cat","embeddable":true,"href":"https:\/\/scn.eu\/sv\/wp-json\/wp\/v2\/product_cat?post=1008234"},{"taxonomy":"product_tag","embeddable":true,"href":"https:\/\/scn.eu\/sv\/wp-json\/wp\/v2\/product_tag?post=1008234"},{"taxonomy":"product_facet","embeddable":true,"href":"https:\/\/scn.eu\/sv\/wp-json\/wp\/v2\/product_facet?post=1008234"}],"curies":[{"name":"wp","href":"https:\/\/api.w.org\/{rel}","templated":true}]}}