{"id":1008094,"date":"2025-01-01T00:00:00","date_gmt":"2025-01-01T00:00:00","guid":{"rendered":"http:\/\/&#038;p=1008094"},"modified":"2026-03-20T00:44:41","modified_gmt":"2026-03-20T00:44:41","slug":"cockpitlights-sv","status":"publish","type":"product","link":"https:\/\/scn.eu\/sv\/produkt\/cockpitlights-sv\/","title":{"rendered":"Cockpit-ljus"},"content":{"rendered":"<p>Comtronic har under m\u00e5nga \u00e5r varit en erk\u00e4nd specialist p\u00e5 utveckling och tillverkning av handh\u00e5llna lampor, cockpit- och kabinbelysning och komplexa belysningsl\u00f6sningar f\u00f6r tankning under flygning och displayer f\u00f6r fallsk\u00e4rmshoppare.<\/p>\n<p>Lampor och belysningsenheter f\u00f6r flygplan, helikoptrar och fordon kan utrustas med ljusk\u00e4llor i LED-, gl\u00f6dlamps- och elektroluminiscensteknik. Belysningen anpassas efter rummets f\u00f6ruts\u00e4ttningar. Den individuella regleringen av ljusstyrkan sker med hj\u00e4lp av pulsbreddsmodulering och d\u00e4rmed \u00e4ven anpassningen till den befintliga cockpitbelysningen.<\/p>\n<p>Det \u00e4r ingen l\u00f6sning fr\u00e5n b\u00f6rjan, men den \u00e4r l\u00e4mplig f\u00f6r uppgiften och funktionell i en kritisk situation. Ljus- och h\u00f6ljef\u00e4rg, ljusstyrka, matningssp\u00e4nning och styrning kan anpassas och utvecklas enligt \u00f6nskem\u00e5l.<\/p>\n<p>EGENSKAPER:<br \/>\n&#8211; Dimring \u00f6ver ett extremt brett omr\u00e5de<\/p>\n<p>&#8211; Inklusive monteringsf\u00e4ste.<\/p>\n<p>&#8211; Individuella monteringspunkter<\/p>\n<p>&#8211; Styling definierbar<\/p>\n<p>&#8211; Stort urval av f\u00e4rger p\u00e5 ljuset<\/p>\n<p>&#8211; H\u00f6gt ljusfl\u00f6de<\/p>\n<p>&#8211; Anv\u00e4ndning i civila och f\u00f6rsvarsmilj\u00f6er<\/p>\n<p>&#8211; Kvalificerad i enlighet med RTCA\/DO-160.<\/p>\n<p>&#8211; Anv\u00e4ndning av egna NVIS-filterskikt<\/p>\n<p>&#8211; NVG-design i enlighet med MIL-STD 3009 tillg\u00e4nglig.<\/p>\n<p>&#8211; Sp\u00e4nningsmatning f\u00f6r 5 V eller 28 V DC<\/p>\n<p>L\u00e5g str\u00f6mf\u00f6rbrukning och l\u00e5ng livsl\u00e4ngd<\/p>\n<p>&#8211; Drifttemperaturomr\u00e5de -55\u00b0 till +85\u00b0C<\/p>\n<p>Anpassad till cockpitdesignen (NVG-kompatibel).<\/p>\n","protected":false},"excerpt":{"rendered":"<p>Comtronic har under m\u00e5nga \u00e5r varit en erk\u00e4nd specialist p\u00e5 utveckling och tillverkning av handh\u00e5llna lampor, cockpit- och kabinbelysning och komplexa belysningsl\u00f6sningar f\u00f6r tankning under flygning och displayer f\u00f6r fallsk\u00e4rmshoppare. Lampor och belysningsenheter f\u00f6r flygplan, helikoptrar och fordon kan utrustas med ljusk\u00e4llor i LED-, gl\u00f6dlamps- och elektroluminiscensteknik. Belysningen anpassas efter rummets f\u00f6ruts\u00e4ttningar. Den individuella regleringen&#8230;<\/p>\n","protected":false},"featured_media":8014033,"comment_status":"closed","ping_status":"closed","template":"","meta":{"_kad_post_transparent":"default","_kad_post_title":"","_kad_post_layout":"default","_kad_post_sidebar_id":"","_kad_post_content_style":"default","_kad_post_vertical_padding":"default","_kad_post_feature":"","_kad_post_feature_position":"","_kad_post_header":false,"_kad_post_footer":false,"_kad_post_classname":""},"product_brand":[932],"product_cat":[10630,10641,10759,9104],"product_tag":[],"product_facet":[10773],"class_list":{"0":"post-1008094","1":"product","2":"type-product","3":"status-publish","4":"has-post-thumbnail","6":"product_brand-comtronic","7":"product_cat-components","8":"product_cat-led-lights","9":"product_cat-products","10":"product_cat-special-led","11":"product_facet-facet-components","13":"first","14":"instock","15":"downloadable","16":"shipping-taxable","17":"product-type-simple","18":"entry","19":"content-bg","20":"loop-entry"},"_links":{"self":[{"href":"https:\/\/scn.eu\/sv\/wp-json\/wp\/v2\/product\/1008094","targetHints":{"allow":["GET"]}}],"collection":[{"href":"https:\/\/scn.eu\/sv\/wp-json\/wp\/v2\/product"}],"about":[{"href":"https:\/\/scn.eu\/sv\/wp-json\/wp\/v2\/types\/product"}],"replies":[{"embeddable":true,"href":"https:\/\/scn.eu\/sv\/wp-json\/wp\/v2\/comments?post=1008094"}],"version-history":[{"count":1,"href":"https:\/\/scn.eu\/sv\/wp-json\/wp\/v2\/product\/1008094\/revisions"}],"predecessor-version":[{"id":8014034,"href":"https:\/\/scn.eu\/sv\/wp-json\/wp\/v2\/product\/1008094\/revisions\/8014034"}],"wp:featuredmedia":[{"embeddable":true,"href":"https:\/\/scn.eu\/sv\/wp-json\/wp\/v2\/media\/8014033"}],"wp:attachment":[{"href":"https:\/\/scn.eu\/sv\/wp-json\/wp\/v2\/media?parent=1008094"}],"wp:term":[{"taxonomy":"product_brand","embeddable":true,"href":"https:\/\/scn.eu\/sv\/wp-json\/wp\/v2\/product_brand?post=1008094"},{"taxonomy":"product_cat","embeddable":true,"href":"https:\/\/scn.eu\/sv\/wp-json\/wp\/v2\/product_cat?post=1008094"},{"taxonomy":"product_tag","embeddable":true,"href":"https:\/\/scn.eu\/sv\/wp-json\/wp\/v2\/product_tag?post=1008094"},{"taxonomy":"product_facet","embeddable":true,"href":"https:\/\/scn.eu\/sv\/wp-json\/wp\/v2\/product_facet?post=1008094"}],"curies":[{"name":"wp","href":"https:\/\/api.w.org\/{rel}","templated":true}]}}