{"id":1008066,"date":"2025-01-01T00:00:00","date_gmt":"2025-01-01T00:00:00","guid":{"rendered":"http:\/\/&#038;p=1008066"},"modified":"2026-03-20T00:44:28","modified_gmt":"2026-03-20T00:44:28","slug":"cm5204t-sv","status":"publish","type":"product","link":"https:\/\/scn.eu\/sv\/produkt\/cm5204t-sv\/","title":{"rendered":"CM5204T Horisontell montering; 4.40 NC 2B skruvar"},"content":{"rendered":"<p>L\u00e4mplig f\u00f6r sv\u00e5ra milj\u00f6er som fukt, korrosion, st\u00f6tar, vibrationer och extrema temperaturer. <\/p>\n<p>CM5204T har en drifttemperatur p\u00e5 -55\u00b0C till +125\u00b0C. <\/p>\n<p>Det \u00e4r en vattent\u00e4t indikator f\u00f6r driftstid utan nollst\u00e4llning.<\/p>\n","protected":false},"excerpt":{"rendered":"<p>L\u00e4mplig f\u00f6r sv\u00e5ra milj\u00f6er som fukt, korrosion, st\u00f6tar, vibrationer och extrema temperaturer. CM5204T har en drifttemperatur p\u00e5 -55\u00b0C till +125\u00b0C. Det \u00e4r en vattent\u00e4t indikator f\u00f6r driftstid utan nollst\u00e4llning.<\/p>\n","protected":false},"featured_media":8013979,"comment_status":"closed","ping_status":"closed","template":"","meta":{"_kad_post_transparent":"default","_kad_post_title":"","_kad_post_layout":"default","_kad_post_sidebar_id":"","_kad_post_content_style":"default","_kad_post_vertical_padding":"default","_kad_post_feature":"","_kad_post_feature_position":"","_kad_post_header":false,"_kad_post_footer":false,"_kad_post_classname":""},"product_brand":[937],"product_cat":[9435,10630,10689,10759],"product_tag":[],"product_facet":[10773],"class_list":{"0":"post-1008066","1":"product","2":"type-product","3":"status-publish","4":"has-post-thumbnail","6":"product_brand-petercem","7":"product_cat-analogue-elapsed-time-indicators","8":"product_cat-components","9":"product_cat-elapsed-time-indicators-aero-defence","10":"product_cat-products","11":"product_facet-facet-components","13":"first","14":"instock","15":"downloadable","16":"shipping-taxable","17":"product-type-simple","18":"entry","19":"content-bg","20":"loop-entry"},"_links":{"self":[{"href":"https:\/\/scn.eu\/sv\/wp-json\/wp\/v2\/product\/1008066","targetHints":{"allow":["GET"]}}],"collection":[{"href":"https:\/\/scn.eu\/sv\/wp-json\/wp\/v2\/product"}],"about":[{"href":"https:\/\/scn.eu\/sv\/wp-json\/wp\/v2\/types\/product"}],"replies":[{"embeddable":true,"href":"https:\/\/scn.eu\/sv\/wp-json\/wp\/v2\/comments?post=1008066"}],"version-history":[{"count":1,"href":"https:\/\/scn.eu\/sv\/wp-json\/wp\/v2\/product\/1008066\/revisions"}],"predecessor-version":[{"id":8013988,"href":"https:\/\/scn.eu\/sv\/wp-json\/wp\/v2\/product\/1008066\/revisions\/8013988"}],"wp:featuredmedia":[{"embeddable":true,"href":"https:\/\/scn.eu\/sv\/wp-json\/wp\/v2\/media\/8013979"}],"wp:attachment":[{"href":"https:\/\/scn.eu\/sv\/wp-json\/wp\/v2\/media?parent=1008066"}],"wp:term":[{"taxonomy":"product_brand","embeddable":true,"href":"https:\/\/scn.eu\/sv\/wp-json\/wp\/v2\/product_brand?post=1008066"},{"taxonomy":"product_cat","embeddable":true,"href":"https:\/\/scn.eu\/sv\/wp-json\/wp\/v2\/product_cat?post=1008066"},{"taxonomy":"product_tag","embeddable":true,"href":"https:\/\/scn.eu\/sv\/wp-json\/wp\/v2\/product_tag?post=1008066"},{"taxonomy":"product_facet","embeddable":true,"href":"https:\/\/scn.eu\/sv\/wp-json\/wp\/v2\/product_facet?post=1008066"}],"curies":[{"name":"wp","href":"https:\/\/api.w.org\/{rel}","templated":true}]}}