{"id":1008038,"date":"2025-01-01T00:00:00","date_gmt":"2025-01-01T00:00:00","guid":{"rendered":"http:\/\/&#038;p=1008038"},"modified":"2026-03-20T00:44:15","modified_gmt":"2026-03-20T00:44:15","slug":"cdcu-sv","status":"publish","type":"product","link":"https:\/\/scn.eu\/sv\/produkt\/cdcu-sv\/","title":{"rendered":"CDCU Dimmer"},"content":{"rendered":"<p>Dimmer f\u00f6r flygplansbelysning. <\/p>\n<p>En enhetlig belysning i cockpit \u00e4r en viktig faktor, s\u00e4rskilt n\u00e4r piloten flyger under NVG-f\u00f6rh\u00e5llanden. <\/p>\n<p>Comtronic har konstruerat en kontrollenhet f\u00f6r att dimra upp till 8 separata utg\u00e5ngar.<br \/>\nVarje kanal kan programmeras individuellt f\u00f6r att samordna olika ljusk\u00e4llor eller omr\u00e5den i cockpit.<\/p>\n<p>Comtronic 8-kanals dimbox.<br \/>\nComtronic CDCU f\u00f6renklar dimringen av en flygplanscockpit.<\/p>\n<p>CDCU sparar:<br \/>\n&#8211; Utrymme<br \/>\n&#8211; Vikt.<br \/>\n&#8211; Tid f\u00f6r att justera de olika ljusstyrkorna i cockpit.<br \/>\nCDCU:n kan konfigureras via programvara (programmering av dimring i upp till  8 kanaler).<\/p>\n<p>EGENSKAPER :<br \/>\n&#8211; Tv\u00e5 28 VDC-ing\u00e5ngslinjer<br \/>\n&#8211; Olika ing\u00e5ngar f\u00f6r ljusstyrning<br \/>\n&#8211; 8 x 1000 mA f\u00f6r utg\u00e5ngseffekt<br \/>\n&#8211; 8 utg\u00e5ngar 0 &#8211; 28 VDC justerbara<\/p>\n","protected":false},"excerpt":{"rendered":"<p>Dimmer f\u00f6r flygplansbelysning. En enhetlig belysning i cockpit \u00e4r en viktig faktor, s\u00e4rskilt n\u00e4r piloten flyger under NVG-f\u00f6rh\u00e5llanden. Comtronic har konstruerat en kontrollenhet f\u00f6r att dimra upp till 8 separata utg\u00e5ngar. Varje kanal kan programmeras individuellt f\u00f6r att samordna olika ljusk\u00e4llor eller omr\u00e5den i cockpit. Comtronic 8-kanals dimbox. Comtronic CDCU f\u00f6renklar dimringen av en flygplanscockpit&#8230;.<\/p>\n","protected":false},"featured_media":8013934,"comment_status":"closed","ping_status":"closed","template":"","meta":{"_kad_post_transparent":"default","_kad_post_title":"","_kad_post_layout":"default","_kad_post_sidebar_id":"","_kad_post_content_style":"default","_kad_post_vertical_padding":"default","_kad_post_feature":"","_kad_post_feature_position":"","_kad_post_header":false,"_kad_post_footer":false,"_kad_post_classname":""},"product_brand":[932],"product_cat":[10630,10641,10759,9104],"product_tag":[],"product_facet":[10773],"class_list":{"0":"post-1008038","1":"product","2":"type-product","3":"status-publish","4":"has-post-thumbnail","6":"product_brand-comtronic","7":"product_cat-components","8":"product_cat-led-lights","9":"product_cat-products","10":"product_cat-special-led","11":"product_facet-facet-components","13":"first","14":"instock","15":"downloadable","16":"shipping-taxable","17":"product-type-simple","18":"entry","19":"content-bg","20":"loop-entry"},"_links":{"self":[{"href":"https:\/\/scn.eu\/sv\/wp-json\/wp\/v2\/product\/1008038","targetHints":{"allow":["GET"]}}],"collection":[{"href":"https:\/\/scn.eu\/sv\/wp-json\/wp\/v2\/product"}],"about":[{"href":"https:\/\/scn.eu\/sv\/wp-json\/wp\/v2\/types\/product"}],"replies":[{"embeddable":true,"href":"https:\/\/scn.eu\/sv\/wp-json\/wp\/v2\/comments?post=1008038"}],"version-history":[{"count":1,"href":"https:\/\/scn.eu\/sv\/wp-json\/wp\/v2\/product\/1008038\/revisions"}],"predecessor-version":[{"id":8013935,"href":"https:\/\/scn.eu\/sv\/wp-json\/wp\/v2\/product\/1008038\/revisions\/8013935"}],"wp:featuredmedia":[{"embeddable":true,"href":"https:\/\/scn.eu\/sv\/wp-json\/wp\/v2\/media\/8013934"}],"wp:attachment":[{"href":"https:\/\/scn.eu\/sv\/wp-json\/wp\/v2\/media?parent=1008038"}],"wp:term":[{"taxonomy":"product_brand","embeddable":true,"href":"https:\/\/scn.eu\/sv\/wp-json\/wp\/v2\/product_brand?post=1008038"},{"taxonomy":"product_cat","embeddable":true,"href":"https:\/\/scn.eu\/sv\/wp-json\/wp\/v2\/product_cat?post=1008038"},{"taxonomy":"product_tag","embeddable":true,"href":"https:\/\/scn.eu\/sv\/wp-json\/wp\/v2\/product_tag?post=1008038"},{"taxonomy":"product_facet","embeddable":true,"href":"https:\/\/scn.eu\/sv\/wp-json\/wp\/v2\/product_facet?post=1008038"}],"curies":[{"name":"wp","href":"https:\/\/api.w.org\/{rel}","templated":true}]}}