{"id":1007877,"date":"2025-01-01T00:00:00","date_gmt":"2025-01-01T00:00:00","guid":{"rendered":"http:\/\/&#038;p=1007877"},"modified":"2026-03-20T00:42:21","modified_gmt":"2026-03-20T00:42:21","slug":"by340-sv","status":"publish","type":"product","link":"https:\/\/scn.eu\/sv\/produkt\/by340-sv\/","title":{"rendered":"BY340 Synkron kontroller"},"content":{"rendered":"<p>BY340 fr\u00e5n Motrona \u00e4r en serie kompakta synkronregulatorer, inbyggda i en standard.<br \/>\nRegulatorerna har DIN-hus och \u00e4r utformade f\u00f6r montering p\u00e5 frontpanelen. <\/p>\n<p>Eftersom de \u00e4r mest \u00f6verkomliga i pris \u00e4r dessa enheter ocks\u00e5 l\u00e4mpliga f\u00f6r anv\u00e4ndning med sm\u00e5 maskiner och begr\u00e4nsade budgetar. <\/p>\n<p>BY340 har en fullst\u00e4ndig vinkel- och l\u00e4gesstyrning med justerbara kugghastigheter och maximal noggrannhet genom 300 kHz \u00e5terkopplingsfrekvens vid en styrslingacykel p\u00e5 endast 250 \u00b5sek. <\/p>\n<p>BY340 erbjuder manuella och automatiska m\u00f6jligheter att justera fas eller relativ position mellan master och slav. <\/p>\n<p>PROFIBUS-kommunikation \u00e4r m\u00f6jlig med hj\u00e4lp av gatewayen PB251. Med anv\u00e4ndning av SM300\/SM600-f\u00e4sten \u00e4r BY340 ocks\u00e5 l\u00e4mplig f\u00f6r montering p\u00e5 DIN-skena.<\/p>\n","protected":false},"excerpt":{"rendered":"<p>BY340 fr\u00e5n Motrona \u00e4r en serie kompakta synkronregulatorer, inbyggda i en standard. Regulatorerna har DIN-hus och \u00e4r utformade f\u00f6r montering p\u00e5 frontpanelen. Eftersom de \u00e4r mest \u00f6verkomliga i pris \u00e4r dessa enheter ocks\u00e5 l\u00e4mpliga f\u00f6r anv\u00e4ndning med sm\u00e5 maskiner och begr\u00e4nsade budgetar. BY340 har en fullst\u00e4ndig vinkel- och l\u00e4gesstyrning med justerbara kugghastigheter och maximal noggrannhet&#8230;<\/p>\n","protected":false},"featured_media":8013532,"comment_status":"closed","ping_status":"closed","template":"","meta":{"_kad_post_transparent":"default","_kad_post_title":"","_kad_post_layout":"default","_kad_post_sidebar_id":"","_kad_post_content_style":"default","_kad_post_vertical_padding":"default","_kad_post_feature":"","_kad_post_feature_position":"","_kad_post_header":false,"_kad_post_footer":false,"_kad_post_classname":""},"product_brand":[936],"product_cat":[10630,8853,10759],"product_tag":[],"product_facet":[10773],"class_list":{"0":"post-1007877","1":"product","2":"type-product","3":"status-publish","4":"has-post-thumbnail","6":"product_brand-motrona","7":"product_cat-components","8":"product_cat-panel-indicators-and-converters","9":"product_cat-products","10":"product_facet-facet-components","12":"first","13":"instock","14":"downloadable","15":"shipping-taxable","16":"product-type-simple","17":"entry","18":"content-bg","19":"loop-entry"},"_links":{"self":[{"href":"https:\/\/scn.eu\/sv\/wp-json\/wp\/v2\/product\/1007877","targetHints":{"allow":["GET"]}}],"collection":[{"href":"https:\/\/scn.eu\/sv\/wp-json\/wp\/v2\/product"}],"about":[{"href":"https:\/\/scn.eu\/sv\/wp-json\/wp\/v2\/types\/product"}],"replies":[{"embeddable":true,"href":"https:\/\/scn.eu\/sv\/wp-json\/wp\/v2\/comments?post=1007877"}],"version-history":[{"count":1,"href":"https:\/\/scn.eu\/sv\/wp-json\/wp\/v2\/product\/1007877\/revisions"}],"predecessor-version":[{"id":8013534,"href":"https:\/\/scn.eu\/sv\/wp-json\/wp\/v2\/product\/1007877\/revisions\/8013534"}],"wp:featuredmedia":[{"embeddable":true,"href":"https:\/\/scn.eu\/sv\/wp-json\/wp\/v2\/media\/8013532"}],"wp:attachment":[{"href":"https:\/\/scn.eu\/sv\/wp-json\/wp\/v2\/media?parent=1007877"}],"wp:term":[{"taxonomy":"product_brand","embeddable":true,"href":"https:\/\/scn.eu\/sv\/wp-json\/wp\/v2\/product_brand?post=1007877"},{"taxonomy":"product_cat","embeddable":true,"href":"https:\/\/scn.eu\/sv\/wp-json\/wp\/v2\/product_cat?post=1007877"},{"taxonomy":"product_tag","embeddable":true,"href":"https:\/\/scn.eu\/sv\/wp-json\/wp\/v2\/product_tag?post=1007877"},{"taxonomy":"product_facet","embeddable":true,"href":"https:\/\/scn.eu\/sv\/wp-json\/wp\/v2\/product_facet?post=1007877"}],"curies":[{"name":"wp","href":"https:\/\/api.w.org\/{rel}","templated":true}]}}