{"id":1007842,"date":"2025-01-01T00:00:00","date_gmt":"2025-01-01T00:00:00","guid":{"rendered":"http:\/\/&#038;p=1007842"},"modified":"2026-03-20T00:41:36","modified_gmt":"2026-03-20T00:41:36","slug":"bp1baseplate-sv","status":"publish","type":"product","link":"https:\/\/scn.eu\/sv\/produkt\/bp1baseplate-sv\/","title":{"rendered":"BP1 Base plate"},"content":{"rendered":"<p>Solid base plate for gooseneck mounting.<\/p>\n<p>Thread M10<br \/>\nFor mounting goosenecks with \u00d8 11 mm and \u00d8 15 mm<br \/>\n\u00d8 58 mm bolt circle 3 x 120\u00b0 \u00b1 5\u00b0, bore \u00d8 6 mm<\/p>\n<p>Options<br \/>\nOptionally with thread M14 for mounting goosenecks \u00d8 18 mm (article on request)<\/p>\n<p>Material: Aluminum<br \/>\nColor: black<br \/>\nDimensions: height 15 mm, \u00d8 80 mm<br \/>\nWeight: 270 g<\/p>\n","protected":false},"excerpt":{"rendered":"<p>Solid base plate for gooseneck mounting. Thread M10 For mounting goosenecks with \u00d8 11 mm and \u00d8 15 mm \u00d8 58 mm bolt circle 3 x 120\u00b0 \u00b1 5\u00b0, bore \u00d8 6 mm Options Optionally with thread M14 for mounting goosenecks \u00d8 18 mm (article on request) Material: Aluminum Color: black Dimensions: height 15 mm,&#8230;<\/p>\n","protected":false},"featured_media":8013444,"comment_status":"closed","ping_status":"closed","template":"","meta":{"_kad_post_transparent":"default","_kad_post_title":"","_kad_post_layout":"default","_kad_post_sidebar_id":"","_kad_post_content_style":"default","_kad_post_vertical_padding":"default","_kad_post_feature":"","_kad_post_feature_position":"","_kad_post_header":false,"_kad_post_footer":false,"_kad_post_classname":""},"product_brand":[931],"product_cat":[8783,423,10759],"product_tag":[],"product_facet":[10789],"class_list":{"0":"post-1007842","1":"product","2":"type-product","3":"status-publish","4":"has-post-thumbnail","6":"product_brand-rosho-automotive-solutions","7":"product_cat-accessories-camera-systems","8":"product_cat-camera-systems","9":"product_cat-products","10":"product_facet-facet-camera-systems","12":"first","13":"instock","14":"downloadable","15":"shipping-taxable","16":"product-type-simple","17":"entry","18":"content-bg","19":"loop-entry"},"_links":{"self":[{"href":"https:\/\/scn.eu\/sv\/wp-json\/wp\/v2\/product\/1007842","targetHints":{"allow":["GET"]}}],"collection":[{"href":"https:\/\/scn.eu\/sv\/wp-json\/wp\/v2\/product"}],"about":[{"href":"https:\/\/scn.eu\/sv\/wp-json\/wp\/v2\/types\/product"}],"replies":[{"embeddable":true,"href":"https:\/\/scn.eu\/sv\/wp-json\/wp\/v2\/comments?post=1007842"}],"version-history":[{"count":1,"href":"https:\/\/scn.eu\/sv\/wp-json\/wp\/v2\/product\/1007842\/revisions"}],"predecessor-version":[{"id":8013445,"href":"https:\/\/scn.eu\/sv\/wp-json\/wp\/v2\/product\/1007842\/revisions\/8013445"}],"wp:featuredmedia":[{"embeddable":true,"href":"https:\/\/scn.eu\/sv\/wp-json\/wp\/v2\/media\/8013444"}],"wp:attachment":[{"href":"https:\/\/scn.eu\/sv\/wp-json\/wp\/v2\/media?parent=1007842"}],"wp:term":[{"taxonomy":"product_brand","embeddable":true,"href":"https:\/\/scn.eu\/sv\/wp-json\/wp\/v2\/product_brand?post=1007842"},{"taxonomy":"product_cat","embeddable":true,"href":"https:\/\/scn.eu\/sv\/wp-json\/wp\/v2\/product_cat?post=1007842"},{"taxonomy":"product_tag","embeddable":true,"href":"https:\/\/scn.eu\/sv\/wp-json\/wp\/v2\/product_tag?post=1007842"},{"taxonomy":"product_facet","embeddable":true,"href":"https:\/\/scn.eu\/sv\/wp-json\/wp\/v2\/product_facet?post=1007842"}],"curies":[{"name":"wp","href":"https:\/\/api.w.org\/{rel}","templated":true}]}}