{"id":1007835,"date":"2025-01-01T00:00:00","date_gmt":"2025-01-01T00:00:00","guid":{"rendered":"http:\/\/&#038;p=1007835"},"modified":"2026-03-20T00:41:19","modified_gmt":"2026-03-20T00:41:19","slug":"ax350-sv","status":"publish","type":"product","link":"https:\/\/scn.eu\/sv\/produkt\/ax350-sv\/","title":{"rendered":"AX350 touchMATRIX Process Indikator"},"content":{"rendered":"<p>Som standard har displayenheterna i touchMATRIX\u00ae-serien en grafisk display med 186&#215;64 pixlar. D\u00e4rf\u00f6r kan klartext, symboler och enheter visas p\u00e5 ett varierande s\u00e4tt. <\/p>\n<p>LED-bakgrundsdisplayen m\u00f6jligg\u00f6r grafisk representation i f\u00e4rgerna r\u00f6tt, gr\u00f6nt och gult.<br \/>\nTack vare den intuitiva inst\u00e4llningen av parametrar kan dessa varianter av f\u00e4rger helt enkelt anv\u00e4ndas h\u00e4ndelsestyrt (t.ex. vid gr\u00e4nsv\u00e4rden). <\/p>\n<p>Maximal flexibilitet i anslutning och till\u00e4mpning bevisas av en godtyckligt kombinerbar, modul\u00e4r konfiguration med analog utg\u00e5ng, v\u00e4xelutg\u00e5ngar, rel\u00e4, seriellt gr\u00e4nssnitt (Modbus) och 115&#8230;230VAC.<br \/>\nMed den resistiva pekpanelen och IP65 \u00e4r touchMATRIX-displayerna idealiska f\u00f6r anv\u00e4ndning inom livsmedelsindustrin.<\/p>\n<p>2 universella 16-bitars analoga ing\u00e5ngar f\u00f6r \u00b110V eller 0\/4&#8230;20mA.<br \/>\n3 styring\u00e5ngar f\u00f6r HTL\/PNP-signaler.<br \/>\nStr\u00f6mf\u00f6rs\u00f6rjning 18&#8230;30VDC (som tillval 115&#8230;230Vac).<br \/>\n24V extrautg\u00e5ng f\u00f6r givarf\u00f6rs\u00f6rjning.<br \/>\nReferensutg\u00e5ng med h\u00f6g noggrannhet 10V f\u00f6r potentiometrar > 1kOhm.<br \/>\n96&#215;48 mm normpanelh\u00f6lje och IP65-skydd.<br \/>\nLjus och kontraststark display med h\u00e4ndelsestyrda f\u00e4rgvariationer.<br \/>\nEmulering av en 7-segmentsdisplay inklusive ikoner och enheter.<br \/>\nIntuitiv och enkel inst\u00e4llning av parametrar med klartext och peksk\u00e4rm.<\/p>\n","protected":false},"excerpt":{"rendered":"<p>Som standard har displayenheterna i touchMATRIX\u00ae-serien en grafisk display med 186&#215;64 pixlar. D\u00e4rf\u00f6r kan klartext, symboler och enheter visas p\u00e5 ett varierande s\u00e4tt. LED-bakgrundsdisplayen m\u00f6jligg\u00f6r grafisk representation i f\u00e4rgerna r\u00f6tt, gr\u00f6nt och gult. Tack vare den intuitiva inst\u00e4llningen av parametrar kan dessa varianter av f\u00e4rger helt enkelt anv\u00e4ndas h\u00e4ndelsestyrt (t.ex. vid gr\u00e4nsv\u00e4rden). Maximal flexibilitet i&#8230;<\/p>\n","protected":false},"featured_media":8013428,"comment_status":"closed","ping_status":"closed","template":"","meta":{"_kad_post_transparent":"default","_kad_post_title":"","_kad_post_layout":"default","_kad_post_sidebar_id":"","_kad_post_content_style":"default","_kad_post_vertical_padding":"default","_kad_post_feature":"","_kad_post_feature_position":"","_kad_post_header":false,"_kad_post_footer":false,"_kad_post_classname":""},"product_brand":[936],"product_cat":[10630,8853,10759],"product_tag":[],"product_facet":[10773],"class_list":{"0":"post-1007835","1":"product","2":"type-product","3":"status-publish","4":"has-post-thumbnail","6":"product_brand-motrona","7":"product_cat-components","8":"product_cat-panel-indicators-and-converters","9":"product_cat-products","10":"product_facet-facet-components","12":"first","13":"instock","14":"downloadable","15":"shipping-taxable","16":"product-type-simple","17":"entry","18":"content-bg","19":"loop-entry"},"_links":{"self":[{"href":"https:\/\/scn.eu\/sv\/wp-json\/wp\/v2\/product\/1007835","targetHints":{"allow":["GET"]}}],"collection":[{"href":"https:\/\/scn.eu\/sv\/wp-json\/wp\/v2\/product"}],"about":[{"href":"https:\/\/scn.eu\/sv\/wp-json\/wp\/v2\/types\/product"}],"replies":[{"embeddable":true,"href":"https:\/\/scn.eu\/sv\/wp-json\/wp\/v2\/comments?post=1007835"}],"version-history":[{"count":1,"href":"https:\/\/scn.eu\/sv\/wp-json\/wp\/v2\/product\/1007835\/revisions"}],"predecessor-version":[{"id":8013430,"href":"https:\/\/scn.eu\/sv\/wp-json\/wp\/v2\/product\/1007835\/revisions\/8013430"}],"wp:featuredmedia":[{"embeddable":true,"href":"https:\/\/scn.eu\/sv\/wp-json\/wp\/v2\/media\/8013428"}],"wp:attachment":[{"href":"https:\/\/scn.eu\/sv\/wp-json\/wp\/v2\/media?parent=1007835"}],"wp:term":[{"taxonomy":"product_brand","embeddable":true,"href":"https:\/\/scn.eu\/sv\/wp-json\/wp\/v2\/product_brand?post=1007835"},{"taxonomy":"product_cat","embeddable":true,"href":"https:\/\/scn.eu\/sv\/wp-json\/wp\/v2\/product_cat?post=1007835"},{"taxonomy":"product_tag","embeddable":true,"href":"https:\/\/scn.eu\/sv\/wp-json\/wp\/v2\/product_tag?post=1007835"},{"taxonomy":"product_facet","embeddable":true,"href":"https:\/\/scn.eu\/sv\/wp-json\/wp\/v2\/product_facet?post=1007835"}],"curies":[{"name":"wp","href":"https:\/\/api.w.org\/{rel}","templated":true}]}}