{"id":1007814,"date":"2025-01-01T00:00:00","date_gmt":"2025-01-01T00:00:00","guid":{"rendered":"http:\/\/&#038;p=1007814"},"modified":"2026-03-20T00:40:53","modified_gmt":"2026-03-20T00:40:53","slug":"audible-sv","status":"publish","type":"product","link":"https:\/\/scn.eu\/sv\/produkt\/audible-sv\/","title":{"rendered":"Ljudsignalerande anordningar f\u00f6r montering i kup\u00e9"},"content":{"rendered":"<p>Varningsanordning avsedd f\u00f6r anv\u00e4ndning i hytten, monteras p\u00e5 panelen i ett 1,25-tums h\u00e5l.<br \/>\nPiezoelektronisk konstruktion som ger en mycket l\u00e5g str\u00f6mf\u00f6rbrukning (100mA).<\/p>\n","protected":false},"excerpt":{"rendered":"<p>Varningsanordning avsedd f\u00f6r anv\u00e4ndning i hytten, monteras p\u00e5 panelen i ett 1,25-tums h\u00e5l. Piezoelektronisk konstruktion som ger en mycket l\u00e5g str\u00f6mf\u00f6rbrukning (100mA).<\/p>\n","protected":false},"featured_media":8013369,"comment_status":"closed","ping_status":"closed","template":"","meta":{"_kad_post_transparent":"default","_kad_post_title":"","_kad_post_layout":"default","_kad_post_sidebar_id":"","_kad_post_content_style":"default","_kad_post_vertical_padding":"default","_kad_post_feature":"","_kad_post_feature_position":"","_kad_post_header":false,"_kad_post_footer":false,"_kad_post_classname":""},"product_brand":[921],"product_cat":[9345,8823,10630,10759],"product_tag":[],"product_facet":[10773],"class_list":{"0":"post-1007814","1":"product","2":"type-product","3":"status-publish","4":"has-post-thumbnail","6":"product_brand-ecco-safety","7":"product_cat-back-up-alarms","8":"product_cat-back-up-alarms-cameras","9":"product_cat-components","10":"product_cat-products","11":"product_facet-facet-components","13":"first","14":"instock","15":"downloadable","16":"shipping-taxable","17":"product-type-simple","18":"entry","19":"content-bg","20":"loop-entry"},"_links":{"self":[{"href":"https:\/\/scn.eu\/sv\/wp-json\/wp\/v2\/product\/1007814","targetHints":{"allow":["GET"]}}],"collection":[{"href":"https:\/\/scn.eu\/sv\/wp-json\/wp\/v2\/product"}],"about":[{"href":"https:\/\/scn.eu\/sv\/wp-json\/wp\/v2\/types\/product"}],"replies":[{"embeddable":true,"href":"https:\/\/scn.eu\/sv\/wp-json\/wp\/v2\/comments?post=1007814"}],"version-history":[{"count":1,"href":"https:\/\/scn.eu\/sv\/wp-json\/wp\/v2\/product\/1007814\/revisions"}],"predecessor-version":[{"id":8013371,"href":"https:\/\/scn.eu\/sv\/wp-json\/wp\/v2\/product\/1007814\/revisions\/8013371"}],"wp:featuredmedia":[{"embeddable":true,"href":"https:\/\/scn.eu\/sv\/wp-json\/wp\/v2\/media\/8013369"}],"wp:attachment":[{"href":"https:\/\/scn.eu\/sv\/wp-json\/wp\/v2\/media?parent=1007814"}],"wp:term":[{"taxonomy":"product_brand","embeddable":true,"href":"https:\/\/scn.eu\/sv\/wp-json\/wp\/v2\/product_brand?post=1007814"},{"taxonomy":"product_cat","embeddable":true,"href":"https:\/\/scn.eu\/sv\/wp-json\/wp\/v2\/product_cat?post=1007814"},{"taxonomy":"product_tag","embeddable":true,"href":"https:\/\/scn.eu\/sv\/wp-json\/wp\/v2\/product_tag?post=1007814"},{"taxonomy":"product_facet","embeddable":true,"href":"https:\/\/scn.eu\/sv\/wp-json\/wp\/v2\/product_facet?post=1007814"}],"curies":[{"name":"wp","href":"https:\/\/api.w.org\/{rel}","templated":true}]}}