{"id":1007695,"date":"2025-01-01T00:00:00","date_gmt":"2025-01-01T00:00:00","guid":{"rendered":"http:\/\/&#038;p=1007695"},"modified":"2026-03-20T00:39:22","modified_gmt":"2026-03-20T00:39:22","slug":"antimicrobialdomelight-sv","status":"publish","type":"product","link":"https:\/\/scn.eu\/sv\/produkt\/antimicrobialdomelight-sv\/","title":{"rendered":"Antimikrobilt kup\u00e9ljus"},"content":{"rendered":"<p>Antimicrobial &#8221;Dome Light&#8221; ger effektiv interi\u00f6rbelysning och det bl\u00e5 LED-ljuset d\u00f6dar\u00b9 virus, bakterier, svampar, j\u00e4stsvampar, m\u00f6gel och SARS-CoV-2\u00b2. LED-kupolljuset anv\u00e4nder bl\u00e5 LED-ljusteknik som \u00e4r s\u00e4ker f\u00f6r kontinuerlig exponering av m\u00e4nniskor och djur, n\u00e4r den anv\u00e4nds enligt anvisningarna. Denna lampa \u00e4r l\u00e4tt att installera i utryckningsfordon och idealisk f\u00f6r polis-, brand- och EMS-applikationer.<\/p>\n<p>1 Testning p\u00e5 ett virus utan h\u00f6lje (MS2-bakteriofag) visade en minskning med 97,12 % av kontrollerade laboratorietester p\u00e5 8 timmar p\u00e5 h\u00e5rda ytor. Testning p\u00e5 SARS-CoV-2 (h\u00f6ljesvirus) visade en 96,76 % minskning av kontrollerade laboratorietester p\u00e5 8 timmar p\u00e5 h\u00e5rda ytor. Tester p\u00e5 MRSA och E. coli visade 90%+ minskning av kontrollerade laboratorietester p\u00e5 24 timmar p\u00e5 h\u00e5rda ytor. 2 Testning p\u00e5 SARS-CoV-2 (h\u00f6ljesvirus) visade en 98,45 % minskning av kontrollerade laboratorietester p\u00e5 4 timmar p\u00e5 h\u00e5rda ytor. 1,2 Resultaten kan variera beroende p\u00e5 m\u00e4ngden ljus som n\u00e5r ytorna i utrymmet d\u00e4r produkten \u00e4r installerad och exponeringstiden. Anv\u00e4ndning av Vyv antimikrobiellt ljus \u00e4r inte avsett att ers\u00e4tta manuell reng\u00f6ring och desinfektion.<\/p>\n","protected":false},"excerpt":{"rendered":"<p>Antimicrobial &#8221;Dome Light&#8221; ger effektiv interi\u00f6rbelysning och det bl\u00e5 LED-ljuset d\u00f6dar\u00b9 virus, bakterier, svampar, j\u00e4stsvampar, m\u00f6gel och SARS-CoV-2\u00b2. LED-kupolljuset anv\u00e4nder bl\u00e5 LED-ljusteknik som \u00e4r s\u00e4ker f\u00f6r kontinuerlig exponering av m\u00e4nniskor och djur, n\u00e4r den anv\u00e4nds enligt anvisningarna. Denna lampa \u00e4r l\u00e4tt att installera i utryckningsfordon och idealisk f\u00f6r polis-, brand- och EMS-applikationer. 1 Testning p\u00e5&#8230;<\/p>\n","protected":false},"featured_media":8013044,"comment_status":"closed","ping_status":"closed","template":"","meta":{"_kad_post_transparent":"default","_kad_post_title":"","_kad_post_layout":"default","_kad_post_sidebar_id":"","_kad_post_content_style":"default","_kad_post_vertical_padding":"default","_kad_post_feature":"","_kad_post_feature_position":"","_kad_post_header":false,"_kad_post_footer":false,"_kad_post_classname":""},"product_brand":[921],"product_cat":[10630,10641,10759,9104],"product_tag":[],"product_facet":[10773],"class_list":{"0":"post-1007695","1":"product","2":"type-product","3":"status-publish","4":"has-post-thumbnail","6":"product_brand-ecco-safety","7":"product_cat-components","8":"product_cat-led-lights","9":"product_cat-products","10":"product_cat-special-led","11":"product_facet-facet-components","13":"first","14":"instock","15":"downloadable","16":"shipping-taxable","17":"product-type-simple","18":"entry","19":"content-bg","20":"loop-entry"},"_links":{"self":[{"href":"https:\/\/scn.eu\/sv\/wp-json\/wp\/v2\/product\/1007695","targetHints":{"allow":["GET"]}}],"collection":[{"href":"https:\/\/scn.eu\/sv\/wp-json\/wp\/v2\/product"}],"about":[{"href":"https:\/\/scn.eu\/sv\/wp-json\/wp\/v2\/types\/product"}],"replies":[{"embeddable":true,"href":"https:\/\/scn.eu\/sv\/wp-json\/wp\/v2\/comments?post=1007695"}],"version-history":[{"count":1,"href":"https:\/\/scn.eu\/sv\/wp-json\/wp\/v2\/product\/1007695\/revisions"}],"predecessor-version":[{"id":8013046,"href":"https:\/\/scn.eu\/sv\/wp-json\/wp\/v2\/product\/1007695\/revisions\/8013046"}],"wp:featuredmedia":[{"embeddable":true,"href":"https:\/\/scn.eu\/sv\/wp-json\/wp\/v2\/media\/8013044"}],"wp:attachment":[{"href":"https:\/\/scn.eu\/sv\/wp-json\/wp\/v2\/media?parent=1007695"}],"wp:term":[{"taxonomy":"product_brand","embeddable":true,"href":"https:\/\/scn.eu\/sv\/wp-json\/wp\/v2\/product_brand?post=1007695"},{"taxonomy":"product_cat","embeddable":true,"href":"https:\/\/scn.eu\/sv\/wp-json\/wp\/v2\/product_cat?post=1007695"},{"taxonomy":"product_tag","embeddable":true,"href":"https:\/\/scn.eu\/sv\/wp-json\/wp\/v2\/product_tag?post=1007695"},{"taxonomy":"product_facet","embeddable":true,"href":"https:\/\/scn.eu\/sv\/wp-json\/wp\/v2\/product_facet?post=1007695"}],"curies":[{"name":"wp","href":"https:\/\/api.w.org\/{rel}","templated":true}]}}