{"id":1007674,"date":"2025-01-01T00:00:00","date_gmt":"2025-01-01T00:00:00","guid":{"rendered":"http:\/\/&#038;p=1007674"},"modified":"2026-03-20T00:39:12","modified_gmt":"2026-03-20T00:39:12","slug":"al-sv","status":"publish","type":"product","link":"https:\/\/scn.eu\/sv\/produkt\/al-sv\/","title":{"rendered":"AL Serien diameter 22mm"},"content":{"rendered":"<p>Med betoning p\u00e5 f\u00e4rgdifferentiering, bearbetbarhet och s\u00e4kerhetsdesign F\u00f6r att tillhandah\u00e5lla p\u00e5litlig och s\u00e4ker processkontroll.<\/p>\n<p>Mibbo \u00e4r specialiserade p\u00e5 FoU, produktion, f\u00f6rs\u00e4ljning och tekniska l\u00f6sningar av h\u00f6gkvalitativa industriella kontrollprodukter. Positioneringstj\u00e4nster hos avancerade utrustningstillverkare och systemintegrat\u00f6rer. Mibbo tillhandah\u00e5lla produkter av h\u00f6g kvalitet och anpassade l\u00f6sningar som ligger i frontlinjen f\u00f6r att vi skapa ett gemensamt v\u00e4rde f\u00f6r att v\u00e4xa tillsammans.<\/p>\n<p>Tryckknappar \u00e4r en av huvudprodukterna f\u00f6r Mibbo och h\u00e5ller p\u00e5litlig, s\u00e4ker och stabil brytardrift och indikeringsfunktioner f\u00f6r processautomatiseringskontroll.<\/p>\n","protected":false},"excerpt":{"rendered":"<p>Med betoning p\u00e5 f\u00e4rgdifferentiering, bearbetbarhet och s\u00e4kerhetsdesign F\u00f6r att tillhandah\u00e5lla p\u00e5litlig och s\u00e4ker processkontroll. Mibbo \u00e4r specialiserade p\u00e5 FoU, produktion, f\u00f6rs\u00e4ljning och tekniska l\u00f6sningar av h\u00f6gkvalitativa industriella kontrollprodukter. Positioneringstj\u00e4nster hos avancerade utrustningstillverkare och systemintegrat\u00f6rer. Mibbo tillhandah\u00e5lla produkter av h\u00f6g kvalitet och anpassade l\u00f6sningar som ligger i frontlinjen f\u00f6r att vi skapa ett gemensamt v\u00e4rde f\u00f6r&#8230;<\/p>\n","protected":false},"featured_media":8012978,"comment_status":"closed","ping_status":"closed","template":"","meta":{"_kad_post_transparent":"default","_kad_post_title":"","_kad_post_layout":"default","_kad_post_sidebar_id":"","_kad_post_content_style":"default","_kad_post_vertical_padding":"default","_kad_post_feature":"","_kad_post_feature_position":"","_kad_post_header":false,"_kad_post_footer":false,"_kad_post_classname":""},"product_brand":[933],"product_cat":[9379,10630,10759,10696],"product_tag":[],"product_facet":[10773],"class_list":{"0":"post-1007674","1":"product","2":"type-product","3":"status-publish","4":"has-post-thumbnail","6":"product_brand-mibbo","7":"product_cat-automation-pushbutton","8":"product_cat-components","9":"product_cat-products","10":"product_cat-rotary-switches-and-pushbuttons","11":"product_facet-facet-components","13":"first","14":"instock","15":"downloadable","16":"shipping-taxable","17":"product-type-simple","18":"entry","19":"content-bg","20":"loop-entry"},"_links":{"self":[{"href":"https:\/\/scn.eu\/sv\/wp-json\/wp\/v2\/product\/1007674","targetHints":{"allow":["GET"]}}],"collection":[{"href":"https:\/\/scn.eu\/sv\/wp-json\/wp\/v2\/product"}],"about":[{"href":"https:\/\/scn.eu\/sv\/wp-json\/wp\/v2\/types\/product"}],"replies":[{"embeddable":true,"href":"https:\/\/scn.eu\/sv\/wp-json\/wp\/v2\/comments?post=1007674"}],"version-history":[{"count":1,"href":"https:\/\/scn.eu\/sv\/wp-json\/wp\/v2\/product\/1007674\/revisions"}],"predecessor-version":[{"id":8012980,"href":"https:\/\/scn.eu\/sv\/wp-json\/wp\/v2\/product\/1007674\/revisions\/8012980"}],"wp:featuredmedia":[{"embeddable":true,"href":"https:\/\/scn.eu\/sv\/wp-json\/wp\/v2\/media\/8012978"}],"wp:attachment":[{"href":"https:\/\/scn.eu\/sv\/wp-json\/wp\/v2\/media?parent=1007674"}],"wp:term":[{"taxonomy":"product_brand","embeddable":true,"href":"https:\/\/scn.eu\/sv\/wp-json\/wp\/v2\/product_brand?post=1007674"},{"taxonomy":"product_cat","embeddable":true,"href":"https:\/\/scn.eu\/sv\/wp-json\/wp\/v2\/product_cat?post=1007674"},{"taxonomy":"product_tag","embeddable":true,"href":"https:\/\/scn.eu\/sv\/wp-json\/wp\/v2\/product_tag?post=1007674"},{"taxonomy":"product_facet","embeddable":true,"href":"https:\/\/scn.eu\/sv\/wp-json\/wp\/v2\/product_facet?post=1007674"}],"curies":[{"name":"wp","href":"https:\/\/api.w.org\/{rel}","templated":true}]}}