{"id":1007660,"date":"2025-01-01T00:00:00","date_gmt":"2025-01-01T00:00:00","guid":{"rendered":"http:\/\/&#038;p=1007660"},"modified":"2026-03-20T00:39:06","modified_gmt":"2026-03-20T00:39:06","slug":"aj5-sv","status":"publish","type":"product","link":"https:\/\/scn.eu\/sv\/produkt\/aj5-sv\/","title":{"rendered":"AJ5 Serien tryckknapp f\u00f6r h\u00f6ga str\u00f6mma i metall"},"content":{"rendered":"<p>\u2022 Tryckknapp f\u00f6r h\u00f6ga str\u00f6mmar i metall<\/p>\n<p>\u2022 Flera storlekar: \u044416\/ \u044419\/ \u044422\/ \u044425<\/p>\n<p>\u2022 Vattent\u00e4t\/dammt\u00e4t\/best\u00e4ndig mot korrosion och temperatur<\/p>\n<p>\u2022 Dubbelriktad LED f\u00f6r upplysta modeller<\/p>\n<p>\u2022 M\u00e4rkstr\u00f6m: 20A (\u044422\/\u044425)<\/p>\n<p>\u2022 Enf\u00e4rgad\/dubbelf\u00e4rgad\/tref\u00e4rgad LED-indikator (tillval)<\/p>\n<p>\u2022 Kontakt med f\u00f6rkabel (standard kabell\u00e4ngd 150 mm) eller avsedd l\u00e4ngd kabel tillg\u00e4nglig.<\/p>\n","protected":false},"excerpt":{"rendered":"<p>\u2022 Tryckknapp f\u00f6r h\u00f6ga str\u00f6mmar i metall \u2022 Flera storlekar: \u044416\/ \u044419\/ \u044422\/ \u044425 \u2022 Vattent\u00e4t\/dammt\u00e4t\/best\u00e4ndig mot korrosion och temperatur \u2022 Dubbelriktad LED f\u00f6r upplysta modeller \u2022 M\u00e4rkstr\u00f6m: 20A (\u044422\/\u044425) \u2022 Enf\u00e4rgad\/dubbelf\u00e4rgad\/tref\u00e4rgad LED-indikator (tillval) \u2022 Kontakt med f\u00f6rkabel (standard kabell\u00e4ngd 150 mm) eller avsedd l\u00e4ngd kabel tillg\u00e4nglig.<\/p>\n","protected":false},"featured_media":8012934,"comment_status":"closed","ping_status":"closed","template":"","meta":{"_kad_post_transparent":"default","_kad_post_title":"","_kad_post_layout":"default","_kad_post_sidebar_id":"","_kad_post_content_style":"default","_kad_post_vertical_padding":"default","_kad_post_feature":"","_kad_post_feature_position":"","_kad_post_header":false,"_kad_post_footer":false,"_kad_post_classname":""},"product_brand":[933],"product_cat":[9379,10630,10759,10696],"product_tag":[],"product_facet":[10773],"class_list":{"0":"post-1007660","1":"product","2":"type-product","3":"status-publish","4":"has-post-thumbnail","6":"product_brand-mibbo","7":"product_cat-automation-pushbutton","8":"product_cat-components","9":"product_cat-products","10":"product_cat-rotary-switches-and-pushbuttons","11":"product_facet-facet-components","13":"first","14":"instock","15":"downloadable","16":"shipping-taxable","17":"product-type-simple","18":"entry","19":"content-bg","20":"loop-entry"},"_links":{"self":[{"href":"https:\/\/scn.eu\/sv\/wp-json\/wp\/v2\/product\/1007660","targetHints":{"allow":["GET"]}}],"collection":[{"href":"https:\/\/scn.eu\/sv\/wp-json\/wp\/v2\/product"}],"about":[{"href":"https:\/\/scn.eu\/sv\/wp-json\/wp\/v2\/types\/product"}],"replies":[{"embeddable":true,"href":"https:\/\/scn.eu\/sv\/wp-json\/wp\/v2\/comments?post=1007660"}],"version-history":[{"count":1,"href":"https:\/\/scn.eu\/sv\/wp-json\/wp\/v2\/product\/1007660\/revisions"}],"predecessor-version":[{"id":8012936,"href":"https:\/\/scn.eu\/sv\/wp-json\/wp\/v2\/product\/1007660\/revisions\/8012936"}],"wp:featuredmedia":[{"embeddable":true,"href":"https:\/\/scn.eu\/sv\/wp-json\/wp\/v2\/media\/8012934"}],"wp:attachment":[{"href":"https:\/\/scn.eu\/sv\/wp-json\/wp\/v2\/media?parent=1007660"}],"wp:term":[{"taxonomy":"product_brand","embeddable":true,"href":"https:\/\/scn.eu\/sv\/wp-json\/wp\/v2\/product_brand?post=1007660"},{"taxonomy":"product_cat","embeddable":true,"href":"https:\/\/scn.eu\/sv\/wp-json\/wp\/v2\/product_cat?post=1007660"},{"taxonomy":"product_tag","embeddable":true,"href":"https:\/\/scn.eu\/sv\/wp-json\/wp\/v2\/product_tag?post=1007660"},{"taxonomy":"product_facet","embeddable":true,"href":"https:\/\/scn.eu\/sv\/wp-json\/wp\/v2\/product_facet?post=1007660"}],"curies":[{"name":"wp","href":"https:\/\/api.w.org\/{rel}","templated":true}]}}