{"id":1007639,"date":"2025-01-01T00:00:00","date_gmt":"2025-01-01T00:00:00","guid":{"rendered":"http:\/\/&#038;p=1007639"},"modified":"2026-03-20T00:38:55","modified_gmt":"2026-03-20T00:38:55","slug":"aj2-sv","status":"publish","type":"product","link":"https:\/\/scn.eu\/sv\/produkt\/aj2-sv\/","title":{"rendered":"AJ2 Serien Ultrakort  tryckknapp switch metall"},"content":{"rendered":"<p>Superkort metalltryckknappsbrytare<\/p>\n<p>\u2022 Flera storlekar: \u044412\/ \u044416\/ \u044419\/ \u044422\/ \u044425\/ \u044430<\/p>\n<p>\u2022 Ultrakort design, h\u00f6g: max 15 mm.<\/p>\n<p>\u2022 Kort slagl\u00e4ngd, l\u00e4tt att skjuta, utm\u00e4rkt driftupplevelse<\/p>\n<p>\u2022 \u00d6verensst\u00e4mmelse med IEC 60947-5, GB14048 standard<\/p>\n<p>\u2022 IP67<\/p>\n","protected":false},"excerpt":{"rendered":"<p>Superkort metalltryckknappsbrytare \u2022 Flera storlekar: \u044412\/ \u044416\/ \u044419\/ \u044422\/ \u044425\/ \u044430 \u2022 Ultrakort design, h\u00f6g: max 15 mm. \u2022 Kort slagl\u00e4ngd, l\u00e4tt att skjuta, utm\u00e4rkt driftupplevelse \u2022 \u00d6verensst\u00e4mmelse med IEC 60947-5, GB14048 standard \u2022 IP67<\/p>\n","protected":false},"featured_media":8012868,"comment_status":"closed","ping_status":"closed","template":"","meta":{"_kad_post_transparent":"default","_kad_post_title":"","_kad_post_layout":"default","_kad_post_sidebar_id":"","_kad_post_content_style":"default","_kad_post_vertical_padding":"default","_kad_post_feature":"","_kad_post_feature_position":"","_kad_post_header":false,"_kad_post_footer":false,"_kad_post_classname":""},"product_brand":[933],"product_cat":[9379,10630,10759,10696],"product_tag":[],"product_facet":[10773],"class_list":{"0":"post-1007639","1":"product","2":"type-product","3":"status-publish","4":"has-post-thumbnail","6":"product_brand-mibbo","7":"product_cat-automation-pushbutton","8":"product_cat-components","9":"product_cat-products","10":"product_cat-rotary-switches-and-pushbuttons","11":"product_facet-facet-components","13":"first","14":"instock","15":"downloadable","16":"shipping-taxable","17":"product-type-simple","18":"entry","19":"content-bg","20":"loop-entry"},"_links":{"self":[{"href":"https:\/\/scn.eu\/sv\/wp-json\/wp\/v2\/product\/1007639","targetHints":{"allow":["GET"]}}],"collection":[{"href":"https:\/\/scn.eu\/sv\/wp-json\/wp\/v2\/product"}],"about":[{"href":"https:\/\/scn.eu\/sv\/wp-json\/wp\/v2\/types\/product"}],"replies":[{"embeddable":true,"href":"https:\/\/scn.eu\/sv\/wp-json\/wp\/v2\/comments?post=1007639"}],"version-history":[{"count":1,"href":"https:\/\/scn.eu\/sv\/wp-json\/wp\/v2\/product\/1007639\/revisions"}],"predecessor-version":[{"id":8012870,"href":"https:\/\/scn.eu\/sv\/wp-json\/wp\/v2\/product\/1007639\/revisions\/8012870"}],"wp:featuredmedia":[{"embeddable":true,"href":"https:\/\/scn.eu\/sv\/wp-json\/wp\/v2\/media\/8012868"}],"wp:attachment":[{"href":"https:\/\/scn.eu\/sv\/wp-json\/wp\/v2\/media?parent=1007639"}],"wp:term":[{"taxonomy":"product_brand","embeddable":true,"href":"https:\/\/scn.eu\/sv\/wp-json\/wp\/v2\/product_brand?post=1007639"},{"taxonomy":"product_cat","embeddable":true,"href":"https:\/\/scn.eu\/sv\/wp-json\/wp\/v2\/product_cat?post=1007639"},{"taxonomy":"product_tag","embeddable":true,"href":"https:\/\/scn.eu\/sv\/wp-json\/wp\/v2\/product_tag?post=1007639"},{"taxonomy":"product_facet","embeddable":true,"href":"https:\/\/scn.eu\/sv\/wp-json\/wp\/v2\/product_facet?post=1007639"}],"curies":[{"name":"wp","href":"https:\/\/api.w.org\/{rel}","templated":true}]}}