{"id":1007429,"date":"2025-01-01T00:00:00","date_gmt":"2025-01-01T00:00:00","guid":{"rendered":"http:\/\/&#038;p=1007429"},"modified":"2026-03-20T00:37:07","modified_gmt":"2026-03-20T00:37:07","slug":"800ecco-sv","status":"publish","type":"product","link":"https:\/\/scn.eu\/sv\/produkt\/800ecco-sv\/","title":{"rendered":"800-Serien f\u00f6r ytmontering"},"content":{"rendered":"<p>Smart Alarm\u00ae fr\u00e5n ECCO \u00e4r v\u00e4rldens f\u00f6rsta sj\u00e4lvjusterande backvarnare som st\u00e4ndigt m\u00e4ter omgivande ljud och justerar ljudniv\u00e5n f\u00f6r att skapa en volym som \u00e4r s\u00e4ker utan att vara irriterande eller bidra till \u00f6kat buller. <\/p>\n<p>Smart Alarms\u00ae eliminerar behovet av konstant manuell justering och hj\u00e4lper till att f\u00f6rhindra avsiktlig bortkoppling av larmet. <\/p>\n<p>F\u00e4stet \u00e4r konstruerat f\u00f6r att passa m\u00e5nga tillverkares monterings\u00f6nskem\u00e5l. <\/p>\n<p>St\u00e5lh\u00f6lje och robust konstruktion f\u00f6r kr\u00e4vande till\u00e4mpningar. <\/p>\n<p>Bak\u00e5tmonterad h\u00f6gtalare f\u00f6rb\u00e4ttrar ljudet och skyddar larmet fr\u00e5n damm och fuktintr\u00e4ngning. <\/p>\n<p>F\u00f6rseglad i epoxi f\u00f6r skydd mot damm, fukt och vibrationer.<\/p>\n","protected":false},"excerpt":{"rendered":"<p>Smart Alarm\u00ae fr\u00e5n ECCO \u00e4r v\u00e4rldens f\u00f6rsta sj\u00e4lvjusterande backvarnare som st\u00e4ndigt m\u00e4ter omgivande ljud och justerar ljudniv\u00e5n f\u00f6r att skapa en volym som \u00e4r s\u00e4ker utan att vara irriterande eller bidra till \u00f6kat buller. Smart Alarms\u00ae eliminerar behovet av konstant manuell justering och hj\u00e4lper till att f\u00f6rhindra avsiktlig bortkoppling av larmet. F\u00e4stet \u00e4r konstruerat f\u00f6r&#8230;<\/p>\n","protected":false},"featured_media":8012264,"comment_status":"closed","ping_status":"closed","template":"","meta":{"_kad_post_transparent":"default","_kad_post_title":"","_kad_post_layout":"default","_kad_post_sidebar_id":"","_kad_post_content_style":"default","_kad_post_vertical_padding":"default","_kad_post_feature":"","_kad_post_feature_position":"","_kad_post_header":false,"_kad_post_footer":false,"_kad_post_classname":""},"product_brand":[921],"product_cat":[9345,8823,10630,10759],"product_tag":[],"product_facet":[10773],"class_list":{"0":"post-1007429","1":"product","2":"type-product","3":"status-publish","4":"has-post-thumbnail","6":"product_brand-ecco-safety","7":"product_cat-back-up-alarms","8":"product_cat-back-up-alarms-cameras","9":"product_cat-components","10":"product_cat-products","11":"product_facet-facet-components","13":"first","14":"instock","15":"downloadable","16":"shipping-taxable","17":"product-type-simple","18":"entry","19":"content-bg","20":"loop-entry"},"_links":{"self":[{"href":"https:\/\/scn.eu\/sv\/wp-json\/wp\/v2\/product\/1007429","targetHints":{"allow":["GET"]}}],"collection":[{"href":"https:\/\/scn.eu\/sv\/wp-json\/wp\/v2\/product"}],"about":[{"href":"https:\/\/scn.eu\/sv\/wp-json\/wp\/v2\/types\/product"}],"replies":[{"embeddable":true,"href":"https:\/\/scn.eu\/sv\/wp-json\/wp\/v2\/comments?post=1007429"}],"version-history":[{"count":1,"href":"https:\/\/scn.eu\/sv\/wp-json\/wp\/v2\/product\/1007429\/revisions"}],"predecessor-version":[{"id":8012266,"href":"https:\/\/scn.eu\/sv\/wp-json\/wp\/v2\/product\/1007429\/revisions\/8012266"}],"wp:featuredmedia":[{"embeddable":true,"href":"https:\/\/scn.eu\/sv\/wp-json\/wp\/v2\/media\/8012264"}],"wp:attachment":[{"href":"https:\/\/scn.eu\/sv\/wp-json\/wp\/v2\/media?parent=1007429"}],"wp:term":[{"taxonomy":"product_brand","embeddable":true,"href":"https:\/\/scn.eu\/sv\/wp-json\/wp\/v2\/product_brand?post=1007429"},{"taxonomy":"product_cat","embeddable":true,"href":"https:\/\/scn.eu\/sv\/wp-json\/wp\/v2\/product_cat?post=1007429"},{"taxonomy":"product_tag","embeddable":true,"href":"https:\/\/scn.eu\/sv\/wp-json\/wp\/v2\/product_tag?post=1007429"},{"taxonomy":"product_facet","embeddable":true,"href":"https:\/\/scn.eu\/sv\/wp-json\/wp\/v2\/product_facet?post=1007429"}],"curies":[{"name":"wp","href":"https:\/\/api.w.org\/{rel}","templated":true}]}}