{"id":1007394,"date":"2025-01-01T00:00:00","date_gmt":"2025-01-01T00:00:00","guid":{"rendered":"http:\/\/&#038;p=1007394"},"modified":"2026-03-20T00:36:52","modified_gmt":"2026-03-20T00:36:52","slug":"7965ecco-sv","status":"publish","type":"product","link":"https:\/\/scn.eu\/sv\/produkt\/7965ecco-sv\/","title":{"rendered":"7945 Ecco Serien Puls II Varningsljus"},"content":{"rendered":"<p>Varningsljus i 7945-serien kombinerar alla de stora f\u00f6rdelarna med den senaste LED-tekniken med ett traditionellt h\u00f6lje i stroboskopstil till ett pris som \u00e4r j\u00e4mf\u00f6rbart med en stroboskop. Tillg\u00e4nglig i antingen 13cm eller 18cm h\u00f6jdprofiler, \u00e4r 7945 l\u00e4mplig f\u00f6r ett brett spektrum av applikationer d\u00e4r ett h\u00f6gintensivt SAE klass I-ljus kr\u00e4vs. 7945 har 12-24VDC-drift och 11 blixtm\u00f6nster som ger en varningssignal som f\u00e5r mycket bra uppm\u00e4rksamhet.<\/p>\n","protected":false},"excerpt":{"rendered":"<p>Varningsljus i 7945-serien kombinerar alla de stora f\u00f6rdelarna med den senaste LED-tekniken med ett traditionellt h\u00f6lje i stroboskopstil till ett pris som \u00e4r j\u00e4mf\u00f6rbart med en stroboskop. Tillg\u00e4nglig i antingen 13cm eller 18cm h\u00f6jdprofiler, \u00e4r 7945 l\u00e4mplig f\u00f6r ett brett spektrum av applikationer d\u00e4r ett h\u00f6gintensivt SAE klass I-ljus kr\u00e4vs. 7945 har 12-24VDC-drift och 11&#8230;<\/p>\n","protected":false},"featured_media":8012175,"comment_status":"closed","ping_status":"closed","template":"","meta":{"_kad_post_transparent":"default","_kad_post_title":"","_kad_post_layout":"default","_kad_post_sidebar_id":"","_kad_post_content_style":"default","_kad_post_vertical_padding":"default","_kad_post_feature":"","_kad_post_feature_position":"","_kad_post_header":false,"_kad_post_footer":false,"_kad_post_classname":""},"product_brand":[921],"product_cat":[10630,9099,10641,10759],"product_tag":[],"product_facet":[10773],"class_list":{"0":"post-1007394","1":"product","2":"type-product","3":"status-publish","4":"has-post-thumbnail","6":"product_brand-ecco-safety","7":"product_cat-components","8":"product_cat-led-direction-indication-and-beacon-lights","9":"product_cat-led-lights","10":"product_cat-products","11":"product_facet-facet-components","13":"first","14":"instock","15":"downloadable","16":"shipping-taxable","17":"product-type-simple","18":"entry","19":"content-bg","20":"loop-entry"},"_links":{"self":[{"href":"https:\/\/scn.eu\/sv\/wp-json\/wp\/v2\/product\/1007394","targetHints":{"allow":["GET"]}}],"collection":[{"href":"https:\/\/scn.eu\/sv\/wp-json\/wp\/v2\/product"}],"about":[{"href":"https:\/\/scn.eu\/sv\/wp-json\/wp\/v2\/types\/product"}],"replies":[{"embeddable":true,"href":"https:\/\/scn.eu\/sv\/wp-json\/wp\/v2\/comments?post=1007394"}],"version-history":[{"count":1,"href":"https:\/\/scn.eu\/sv\/wp-json\/wp\/v2\/product\/1007394\/revisions"}],"predecessor-version":[{"id":8012177,"href":"https:\/\/scn.eu\/sv\/wp-json\/wp\/v2\/product\/1007394\/revisions\/8012177"}],"wp:featuredmedia":[{"embeddable":true,"href":"https:\/\/scn.eu\/sv\/wp-json\/wp\/v2\/media\/8012175"}],"wp:attachment":[{"href":"https:\/\/scn.eu\/sv\/wp-json\/wp\/v2\/media?parent=1007394"}],"wp:term":[{"taxonomy":"product_brand","embeddable":true,"href":"https:\/\/scn.eu\/sv\/wp-json\/wp\/v2\/product_brand?post=1007394"},{"taxonomy":"product_cat","embeddable":true,"href":"https:\/\/scn.eu\/sv\/wp-json\/wp\/v2\/product_cat?post=1007394"},{"taxonomy":"product_tag","embeddable":true,"href":"https:\/\/scn.eu\/sv\/wp-json\/wp\/v2\/product_tag?post=1007394"},{"taxonomy":"product_facet","embeddable":true,"href":"https:\/\/scn.eu\/sv\/wp-json\/wp\/v2\/product_facet?post=1007394"}],"curies":[{"name":"wp","href":"https:\/\/api.w.org\/{rel}","templated":true}]}}