{"id":1007387,"date":"2025-01-01T00:00:00","date_gmt":"2025-01-01T00:00:00","guid":{"rendered":"http:\/\/&#038;p=1007387"},"modified":"2026-03-20T00:36:47","modified_gmt":"2026-03-20T00:36:47","slug":"7660ecco-sv","status":"publish","type":"product","link":"https:\/\/scn.eu\/sv\/produkt\/7660ecco-sv\/","title":{"rendered":"7660 Ecco RotoLED SAE klass 1 LED Hybrid Varningsljus"},"content":{"rendered":"<p>7660-seriens RotoLED\u2122-ljus kombinerar alla de stora f\u00f6rdelarna med de senaste lysdioderna med den omissk\u00e4nnliga varningssignalen fr\u00e5n en rotator, utan att kompromissa med tillf\u00f6rlitligheten.<br \/>\nLED Hybrid-teknik anv\u00e4nder ett borstl\u00f6st magnetiskt drivsystem f\u00f6r att snurra reflektorskivan, vilket minskar buller och eliminerar de typiska motor-\/v\u00e4xelnackdelarna f\u00f6rknippade med konventionella rotatorer.<br \/>\n7660 har ocks\u00e5 en TIR-optik f\u00f6r att ge SAE klass 1 ljuseffekt. Ytterligare f\u00f6rdelar inkluderar en f\u00f6rl\u00e4ngd, tj\u00e4nstefri livsl\u00e4ngd, l\u00e5g f\u00f6rbrukning.<\/p>\n","protected":false},"excerpt":{"rendered":"<p>7660-seriens RotoLED\u2122-ljus kombinerar alla de stora f\u00f6rdelarna med de senaste lysdioderna med den omissk\u00e4nnliga varningssignalen fr\u00e5n en rotator, utan att kompromissa med tillf\u00f6rlitligheten. LED Hybrid-teknik anv\u00e4nder ett borstl\u00f6st magnetiskt drivsystem f\u00f6r att snurra reflektorskivan, vilket minskar buller och eliminerar de typiska motor-\/v\u00e4xelnackdelarna f\u00f6rknippade med konventionella rotatorer. 7660 har ocks\u00e5 en TIR-optik f\u00f6r att ge SAE&#8230;<\/p>\n","protected":false},"featured_media":8012153,"comment_status":"closed","ping_status":"closed","template":"","meta":{"_kad_post_transparent":"default","_kad_post_title":"","_kad_post_layout":"default","_kad_post_sidebar_id":"","_kad_post_content_style":"default","_kad_post_vertical_padding":"default","_kad_post_feature":"","_kad_post_feature_position":"","_kad_post_header":false,"_kad_post_footer":false,"_kad_post_classname":""},"product_brand":[921],"product_cat":[10630,9099,10641,10759],"product_tag":[],"product_facet":[10773],"class_list":{"0":"post-1007387","1":"product","2":"type-product","3":"status-publish","4":"has-post-thumbnail","6":"product_brand-ecco-safety","7":"product_cat-components","8":"product_cat-led-direction-indication-and-beacon-lights","9":"product_cat-led-lights","10":"product_cat-products","11":"product_facet-facet-components","13":"first","14":"instock","15":"downloadable","16":"shipping-taxable","17":"product-type-simple","18":"entry","19":"content-bg","20":"loop-entry"},"_links":{"self":[{"href":"https:\/\/scn.eu\/sv\/wp-json\/wp\/v2\/product\/1007387","targetHints":{"allow":["GET"]}}],"collection":[{"href":"https:\/\/scn.eu\/sv\/wp-json\/wp\/v2\/product"}],"about":[{"href":"https:\/\/scn.eu\/sv\/wp-json\/wp\/v2\/types\/product"}],"replies":[{"embeddable":true,"href":"https:\/\/scn.eu\/sv\/wp-json\/wp\/v2\/comments?post=1007387"}],"version-history":[{"count":1,"href":"https:\/\/scn.eu\/sv\/wp-json\/wp\/v2\/product\/1007387\/revisions"}],"predecessor-version":[{"id":8012155,"href":"https:\/\/scn.eu\/sv\/wp-json\/wp\/v2\/product\/1007387\/revisions\/8012155"}],"wp:featuredmedia":[{"embeddable":true,"href":"https:\/\/scn.eu\/sv\/wp-json\/wp\/v2\/media\/8012153"}],"wp:attachment":[{"href":"https:\/\/scn.eu\/sv\/wp-json\/wp\/v2\/media?parent=1007387"}],"wp:term":[{"taxonomy":"product_brand","embeddable":true,"href":"https:\/\/scn.eu\/sv\/wp-json\/wp\/v2\/product_brand?post=1007387"},{"taxonomy":"product_cat","embeddable":true,"href":"https:\/\/scn.eu\/sv\/wp-json\/wp\/v2\/product_cat?post=1007387"},{"taxonomy":"product_tag","embeddable":true,"href":"https:\/\/scn.eu\/sv\/wp-json\/wp\/v2\/product_tag?post=1007387"},{"taxonomy":"product_facet","embeddable":true,"href":"https:\/\/scn.eu\/sv\/wp-json\/wp\/v2\/product_facet?post=1007387"}],"curies":[{"name":"wp","href":"https:\/\/api.w.org\/{rel}","templated":true}]}}