{"id":1007289,"date":"2025-01-01T00:00:00","date_gmt":"2025-01-01T00:00:00","guid":{"rendered":"http:\/\/&#038;p=1007289"},"modified":"2026-03-20T00:35:51","modified_gmt":"2026-03-20T00:35:51","slug":"3bt4bt-sv","status":"publish","type":"product","link":"https:\/\/scn.eu\/sv\/produkt\/3bt4bt-sv\/","title":{"rendered":"3BT och 4BT"},"content":{"rendered":"<p>Enkelpolig (SPST) och finns b\u00e5de som normalt \u00f6ppen (NO) eller normalt st\u00e4ngd (NC). Ni kan v\u00e4lja modell om ni \u00f6nskar att kretsen bryts eller sluts vid uppn\u00e5dd temperatur.  <\/p>\n<p>Hermetiskt f\u00f6rseglad och fylld med kv\u00e4ve.<\/p>\n<p>I en m\u00e4ngd  varianter och flera monteringsalternativ.<\/p>\n<p>Finns f\u00f6r 30VDC\/VAC och 115VAC f\u00f6r resistiva belastningar upp till 1A.<\/p>\n<p>I extremt sm\u00e5 storlekar och vikt fr\u00e5n l\u00e5ga 0,2g. Tack vare denna l\u00e5ga vikt \u00e4r responstiden ocks\u00e5 mycket snabb.<\/p>\n<p>Extremt motst\u00e5ndskraftig mot st\u00f6tar och vibrationer.<\/p>\n<p>3BT tillverkas i enlighet med MIL-PRF-24236\/19 och NASA S-311-641 \/ 07.<\/p>\n<p>Fysiska dimensioner fr\u00e5n \u00d85,5mm och h\u00f6jd fr\u00e5n 8mm.<\/p>\n<p>L\u00e4mplig f\u00f6r applikationer som radarsystem, kretskort, batteripaket, motor- eller generatorlindningar och kemiska detekteringssystem.<\/p>\n","protected":false},"excerpt":{"rendered":"<p>Enkelpolig (SPST) och finns b\u00e5de som normalt \u00f6ppen (NO) eller normalt st\u00e4ngd (NC). Ni kan v\u00e4lja modell om ni \u00f6nskar att kretsen bryts eller sluts vid uppn\u00e5dd temperatur. Hermetiskt f\u00f6rseglad och fylld med kv\u00e4ve. I en m\u00e4ngd varianter och flera monteringsalternativ. Finns f\u00f6r 30VDC\/VAC och 115VAC f\u00f6r resistiva belastningar upp till 1A. I extremt sm\u00e5&#8230;<\/p>\n","protected":false},"featured_media":8011845,"comment_status":"closed","ping_status":"closed","template":"","meta":{"_kad_post_transparent":"default","_kad_post_title":"","_kad_post_layout":"default","_kad_post_sidebar_id":"","_kad_post_content_style":"default","_kad_post_vertical_padding":"default","_kad_post_feature":"","_kad_post_feature_position":"","_kad_post_header":false,"_kad_post_footer":false,"_kad_post_classname":""},"product_brand":[922],"product_cat":[10630,9116,10759,10565],"product_tag":[],"product_facet":[10773],"class_list":{"0":"post-1007289","1":"product","2":"type-product","3":"status-publish","4":"has-post-thumbnail","6":"product_brand-sensata","7":"product_cat-components","8":"product_cat-klixon-7mm-probes","9":"product_cat-products","10":"product_cat-thermostats","11":"product_facet-facet-components","13":"first","14":"instock","15":"downloadable","16":"shipping-taxable","17":"product-type-simple","18":"entry","19":"content-bg","20":"loop-entry"},"_links":{"self":[{"href":"https:\/\/scn.eu\/sv\/wp-json\/wp\/v2\/product\/1007289","targetHints":{"allow":["GET"]}}],"collection":[{"href":"https:\/\/scn.eu\/sv\/wp-json\/wp\/v2\/product"}],"about":[{"href":"https:\/\/scn.eu\/sv\/wp-json\/wp\/v2\/types\/product"}],"replies":[{"embeddable":true,"href":"https:\/\/scn.eu\/sv\/wp-json\/wp\/v2\/comments?post=1007289"}],"version-history":[{"count":1,"href":"https:\/\/scn.eu\/sv\/wp-json\/wp\/v2\/product\/1007289\/revisions"}],"predecessor-version":[{"id":8011847,"href":"https:\/\/scn.eu\/sv\/wp-json\/wp\/v2\/product\/1007289\/revisions\/8011847"}],"wp:featuredmedia":[{"embeddable":true,"href":"https:\/\/scn.eu\/sv\/wp-json\/wp\/v2\/media\/8011845"}],"wp:attachment":[{"href":"https:\/\/scn.eu\/sv\/wp-json\/wp\/v2\/media?parent=1007289"}],"wp:term":[{"taxonomy":"product_brand","embeddable":true,"href":"https:\/\/scn.eu\/sv\/wp-json\/wp\/v2\/product_brand?post=1007289"},{"taxonomy":"product_cat","embeddable":true,"href":"https:\/\/scn.eu\/sv\/wp-json\/wp\/v2\/product_cat?post=1007289"},{"taxonomy":"product_tag","embeddable":true,"href":"https:\/\/scn.eu\/sv\/wp-json\/wp\/v2\/product_tag?post=1007289"},{"taxonomy":"product_facet","embeddable":true,"href":"https:\/\/scn.eu\/sv\/wp-json\/wp\/v2\/product_facet?post=1007289"}],"curies":[{"name":"wp","href":"https:\/\/api.w.org\/{rel}","templated":true}]}}