{"id":1007275,"date":"2025-01-01T00:00:00","date_gmt":"2025-01-01T00:00:00","guid":{"rendered":"http:\/\/&#038;p=1007275"},"modified":"2026-03-20T00:35:43","modified_gmt":"2026-03-20T00:35:43","slug":"700ecco-sv","status":"publish","type":"product","link":"https:\/\/scn.eu\/sv\/produkt\/700ecco-sv\/","title":{"rendered":"300 Serien f\u00f6r universell montering backvarnare"},"content":{"rendered":"<p>ECCO erbjuder ett komplett sortiment av larm med olika ljudniv\u00e5er och driftsp\u00e4nningar f\u00f6r att m\u00f6ta dina larmkrav p\u00e5 ett brett utbud av utrustning och arbetsmilj\u00f6ljudniv\u00e5er.<br \/>\nDet valda reservlarmet b\u00f6r ha en ljudniv\u00e5 som \u00e4r h\u00f6rbar \u00f6ver den omgivande ljudniv\u00e5n.<\/p>\n","protected":false},"excerpt":{"rendered":"<p>ECCO erbjuder ett komplett sortiment av larm med olika ljudniv\u00e5er och driftsp\u00e4nningar f\u00f6r att m\u00f6ta dina larmkrav p\u00e5 ett brett utbud av utrustning och arbetsmilj\u00f6ljudniv\u00e5er. Det valda reservlarmet b\u00f6r ha en ljudniv\u00e5 som \u00e4r h\u00f6rbar \u00f6ver den omgivande ljudniv\u00e5n.<\/p>\n","protected":false},"featured_media":8011801,"comment_status":"closed","ping_status":"closed","template":"","meta":{"_kad_post_transparent":"default","_kad_post_title":"","_kad_post_layout":"default","_kad_post_sidebar_id":"","_kad_post_content_style":"default","_kad_post_vertical_padding":"default","_kad_post_feature":"","_kad_post_feature_position":"","_kad_post_header":false,"_kad_post_footer":false,"_kad_post_classname":""},"product_brand":[921],"product_cat":[9345,8823,10630,10759],"product_tag":[],"product_facet":[10773],"class_list":{"0":"post-1007275","1":"product","2":"type-product","3":"status-publish","4":"has-post-thumbnail","6":"product_brand-ecco-safety","7":"product_cat-back-up-alarms","8":"product_cat-back-up-alarms-cameras","9":"product_cat-components","10":"product_cat-products","11":"product_facet-facet-components","13":"first","14":"instock","15":"downloadable","16":"shipping-taxable","17":"product-type-simple","18":"entry","19":"content-bg","20":"loop-entry"},"_links":{"self":[{"href":"https:\/\/scn.eu\/sv\/wp-json\/wp\/v2\/product\/1007275","targetHints":{"allow":["GET"]}}],"collection":[{"href":"https:\/\/scn.eu\/sv\/wp-json\/wp\/v2\/product"}],"about":[{"href":"https:\/\/scn.eu\/sv\/wp-json\/wp\/v2\/types\/product"}],"replies":[{"embeddable":true,"href":"https:\/\/scn.eu\/sv\/wp-json\/wp\/v2\/comments?post=1007275"}],"version-history":[{"count":1,"href":"https:\/\/scn.eu\/sv\/wp-json\/wp\/v2\/product\/1007275\/revisions"}],"predecessor-version":[{"id":8011803,"href":"https:\/\/scn.eu\/sv\/wp-json\/wp\/v2\/product\/1007275\/revisions\/8011803"}],"wp:featuredmedia":[{"embeddable":true,"href":"https:\/\/scn.eu\/sv\/wp-json\/wp\/v2\/media\/8011801"}],"wp:attachment":[{"href":"https:\/\/scn.eu\/sv\/wp-json\/wp\/v2\/media?parent=1007275"}],"wp:term":[{"taxonomy":"product_brand","embeddable":true,"href":"https:\/\/scn.eu\/sv\/wp-json\/wp\/v2\/product_brand?post=1007275"},{"taxonomy":"product_cat","embeddable":true,"href":"https:\/\/scn.eu\/sv\/wp-json\/wp\/v2\/product_cat?post=1007275"},{"taxonomy":"product_tag","embeddable":true,"href":"https:\/\/scn.eu\/sv\/wp-json\/wp\/v2\/product_tag?post=1007275"},{"taxonomy":"product_facet","embeddable":true,"href":"https:\/\/scn.eu\/sv\/wp-json\/wp\/v2\/product_facet?post=1007275"}],"curies":[{"name":"wp","href":"https:\/\/api.w.org\/{rel}","templated":true}]}}