{"id":1006092,"date":"2025-01-01T00:00:00","date_gmt":"2025-01-01T00:00:00","guid":{"rendered":"http:\/\/&#038;p=1006092"},"modified":"2026-03-20T00:20:53","modified_gmt":"2026-03-20T00:20:53","slug":"p1py217-sv","status":"publish","type":"product","link":"https:\/\/scn.eu\/sv\/produkt\/p1py217-sv\/","title":{"rendered":"Laser avst\u00e5ndsgivare, P1PY217"},"content":{"rendered":"<p>Wenglor P1PY217 \u00e4r en avancerad Time-of-Flight-sensor som anv\u00e4nder bl\u00e5tt ljus f\u00f6r att leverera stabil och tillf\u00f6rlitlig avst\u00e5ndsm\u00e4tning \u2013 \u00e4ven p\u00e5 sv\u00e5ra ytor som \u00e4r m\u00f6rka, blanka, transparenta eller heta. Tack vare sin robusta konstruktion, h\u00f6ga m\u00e4tnoggrannhet och l\u00e5nga r\u00e4ckvidd upp till 5 meter \u00e4r den ett utm\u00e4rkt val f\u00f6r fabriksautomation och kvalitetskontroll i tuffa industrimilj\u00f6er.<\/p>\n<p>Sensorn \u00e4r utrustad med en tydlig OLED-display, intuitiva inst\u00e4llningsm\u00f6jligheter via Bluetooth och st\u00f6d f\u00f6r IO-Link, vilket g\u00f6r den enkel att installera, konfigurera och integrera i befintliga system.<\/p>\n<p>F\u00f6rdelar med P1PY217:<\/p>\n<p>&#8211; Bl\u00e5tt ljus ger p\u00e5litlig detektion av sv\u00e5ra ytor<br \/>\n&#8211; R\u00e4ckvidd upp till 5 000 mm<br \/>\n&#8211; Kompakt och kapslad f\u00f6r industriell anv\u00e4ndning<br \/>\n&#8211; Anv\u00e4ndarv\u00e4nlig display och tr\u00e5dl\u00f6s konfiguration via app<br \/>\n&#8211; IO-Link f\u00f6r smidig kommunikation och \u00f6vervakning<\/p>\n","protected":false},"excerpt":{"rendered":"<p>Wenglor P1PY217 \u00e4r en avancerad Time-of-Flight-sensor som anv\u00e4nder bl\u00e5tt ljus f\u00f6r att leverera stabil och tillf\u00f6rlitlig avst\u00e5ndsm\u00e4tning \u2013 \u00e4ven p\u00e5 sv\u00e5ra ytor som \u00e4r m\u00f6rka, blanka, transparenta eller heta. Tack vare sin robusta konstruktion, h\u00f6ga m\u00e4tnoggrannhet och l\u00e5nga r\u00e4ckvidd upp till 5 meter \u00e4r den ett utm\u00e4rkt val f\u00f6r fabriksautomation och kvalitetskontroll i tuffa industrimilj\u00f6er&#8230;.<\/p>\n","protected":false},"featured_media":8008156,"comment_status":"closed","ping_status":"closed","template":"","meta":{"_kad_post_transparent":"default","_kad_post_title":"","_kad_post_layout":"default","_kad_post_sidebar_id":"","_kad_post_content_style":"default","_kad_post_vertical_padding":"default","_kad_post_feature":"","_kad_post_feature_position":"","_kad_post_header":false,"_kad_post_footer":false,"_kad_post_classname":""},"product_brand":[928],"product_cat":[9288,8988,10759,10719],"product_tag":[],"product_facet":[10781],"class_list":{"0":"post-1006092","1":"product","2":"type-product","3":"status-publish","4":"has-post-thumbnail","6":"product_brand-wenglor","7":"product_cat-laser-sensors-for-distance-measurement","8":"product_cat-photoelectric-sensors","9":"product_cat-products","10":"product_cat-sensors","11":"product_facet-facet-sensors","13":"first","14":"instock","15":"downloadable","16":"shipping-taxable","17":"product-type-simple","18":"entry","19":"content-bg","20":"loop-entry"},"_links":{"self":[{"href":"https:\/\/scn.eu\/sv\/wp-json\/wp\/v2\/product\/1006092","targetHints":{"allow":["GET"]}}],"collection":[{"href":"https:\/\/scn.eu\/sv\/wp-json\/wp\/v2\/product"}],"about":[{"href":"https:\/\/scn.eu\/sv\/wp-json\/wp\/v2\/types\/product"}],"replies":[{"embeddable":true,"href":"https:\/\/scn.eu\/sv\/wp-json\/wp\/v2\/comments?post=1006092"}],"version-history":[{"count":1,"href":"https:\/\/scn.eu\/sv\/wp-json\/wp\/v2\/product\/1006092\/revisions"}],"predecessor-version":[{"id":8008158,"href":"https:\/\/scn.eu\/sv\/wp-json\/wp\/v2\/product\/1006092\/revisions\/8008158"}],"wp:featuredmedia":[{"embeddable":true,"href":"https:\/\/scn.eu\/sv\/wp-json\/wp\/v2\/media\/8008156"}],"wp:attachment":[{"href":"https:\/\/scn.eu\/sv\/wp-json\/wp\/v2\/media?parent=1006092"}],"wp:term":[{"taxonomy":"product_brand","embeddable":true,"href":"https:\/\/scn.eu\/sv\/wp-json\/wp\/v2\/product_brand?post=1006092"},{"taxonomy":"product_cat","embeddable":true,"href":"https:\/\/scn.eu\/sv\/wp-json\/wp\/v2\/product_cat?post=1006092"},{"taxonomy":"product_tag","embeddable":true,"href":"https:\/\/scn.eu\/sv\/wp-json\/wp\/v2\/product_tag?post=1006092"},{"taxonomy":"product_facet","embeddable":true,"href":"https:\/\/scn.eu\/sv\/wp-json\/wp\/v2\/product_facet?post=1006092"}],"curies":[{"name":"wp","href":"https:\/\/api.w.org\/{rel}","templated":true}]}}