{"id":1003934,"date":"2025-01-01T00:00:00","date_gmt":"2025-01-01T00:00:00","guid":{"rendered":"http:\/\/&#038;p=1003934"},"modified":"2026-03-19T23:56:46","modified_gmt":"2026-03-19T23:56:46","slug":"5550-sv","status":"publish","type":"product","link":"https:\/\/scn.eu\/sv\/produkt\/5550-sv\/","title":{"rendered":"5550 Serien Reflex Microbar LED ljusramp"},"content":{"rendered":"<p>5550-seriens LED-mikrobarer ger en superkompakt men \u00e4nd\u00e5 kraftfull varningsl\u00f6sning som erbjuder flexibiliteten f\u00f6r antingen permanent eller vakuummagnetmontering. Reflex-mikrobaren har 12-24 VDC-drift och anv\u00e4nder h\u00f6gintensiva lysdioder f\u00f6r att maximera ljusutbytet. Anv\u00e4ndare kan v\u00e4lja mellan 35 eller 91 blixtm\u00f6nster, antingen via triggerkabel p\u00e5 modeller med permanent montering eller cigarettkontakt p\u00e5 modeller med vakuummagnet.<\/p>\n","protected":false},"excerpt":{"rendered":"<p>5550-seriens LED-mikrobarer ger en superkompakt men \u00e4nd\u00e5 kraftfull varningsl\u00f6sning som erbjuder flexibiliteten f\u00f6r antingen permanent eller vakuummagnetmontering. Reflex-mikrobaren har 12-24 VDC-drift och anv\u00e4nder h\u00f6gintensiva lysdioder f\u00f6r att maximera ljusutbytet. Anv\u00e4ndare kan v\u00e4lja mellan 35 eller 91 blixtm\u00f6nster, antingen via triggerkabel p\u00e5 modeller med permanent montering eller cigarettkontakt p\u00e5 modeller med vakuummagnet.<\/p>\n","protected":false},"featured_media":8001419,"comment_status":"closed","ping_status":"closed","template":"","meta":{"_kad_post_transparent":"default","_kad_post_title":"","_kad_post_layout":"default","_kad_post_sidebar_id":"","_kad_post_content_style":"default","_kad_post_vertical_padding":"default","_kad_post_feature":"","_kad_post_feature_position":"","_kad_post_header":false,"_kad_post_footer":false,"_kad_post_classname":""},"product_brand":[921],"product_cat":[10630,9103,10641,10759],"product_tag":[],"product_facet":[10773],"class_list":{"0":"post-1003934","1":"product","2":"type-product","3":"status-publish","4":"has-post-thumbnail","6":"product_brand-ecco-safety","7":"product_cat-components","8":"product_cat-led-bars","9":"product_cat-led-lights","10":"product_cat-products","11":"product_facet-facet-components","13":"first","14":"instock","15":"downloadable","16":"shipping-taxable","17":"product-type-simple","18":"entry","19":"content-bg","20":"loop-entry"},"_links":{"self":[{"href":"https:\/\/scn.eu\/sv\/wp-json\/wp\/v2\/product\/1003934","targetHints":{"allow":["GET"]}}],"collection":[{"href":"https:\/\/scn.eu\/sv\/wp-json\/wp\/v2\/product"}],"about":[{"href":"https:\/\/scn.eu\/sv\/wp-json\/wp\/v2\/types\/product"}],"replies":[{"embeddable":true,"href":"https:\/\/scn.eu\/sv\/wp-json\/wp\/v2\/comments?post=1003934"}],"version-history":[{"count":1,"href":"https:\/\/scn.eu\/sv\/wp-json\/wp\/v2\/product\/1003934\/revisions"}],"predecessor-version":[{"id":8001421,"href":"https:\/\/scn.eu\/sv\/wp-json\/wp\/v2\/product\/1003934\/revisions\/8001421"}],"wp:featuredmedia":[{"embeddable":true,"href":"https:\/\/scn.eu\/sv\/wp-json\/wp\/v2\/media\/8001419"}],"wp:attachment":[{"href":"https:\/\/scn.eu\/sv\/wp-json\/wp\/v2\/media?parent=1003934"}],"wp:term":[{"taxonomy":"product_brand","embeddable":true,"href":"https:\/\/scn.eu\/sv\/wp-json\/wp\/v2\/product_brand?post=1003934"},{"taxonomy":"product_cat","embeddable":true,"href":"https:\/\/scn.eu\/sv\/wp-json\/wp\/v2\/product_cat?post=1003934"},{"taxonomy":"product_tag","embeddable":true,"href":"https:\/\/scn.eu\/sv\/wp-json\/wp\/v2\/product_tag?post=1003934"},{"taxonomy":"product_facet","embeddable":true,"href":"https:\/\/scn.eu\/sv\/wp-json\/wp\/v2\/product_facet?post=1003934"}],"curies":[{"name":"wp","href":"https:\/\/api.w.org\/{rel}","templated":true}]}}