{"id":1003891,"date":"2025-01-01T00:00:00","date_gmt":"2025-01-01T00:00:00","guid":{"rendered":"http:\/\/&#038;p=1003891"},"modified":"2026-03-19T23:56:22","modified_gmt":"2026-03-19T23:56:22","slug":"3400-sv","status":"publish","type":"product","link":"https:\/\/scn.eu\/sv\/produkt\/3400-sv\/","title":{"rendered":"3400 Serien kompakt och h\u00f6gintensiv ljusvarning"},"content":{"rendered":"<p>3410 LED Safety Director\u2122 \u00e4r ett kompakt h\u00f6gintensivt varningssystem som \u00e4r utformat f\u00f6r att dirigera trafik som n\u00e4rmar sig bakdelen av ett stillast\u00e5ende fordon. Den kompakta ljusstavdesignen m\u00f6jligg\u00f6r diskret inv\u00e4ndig eller exteri\u00f6r montering, antingen i linje med fordonet eller med hj\u00e4lp av de medf\u00f6ljande monteringsf\u00e4stena. Inuti hytten ger en modern soft touch-kontroller fingertoppskontroll av 3410:s nio inbyggda blixtm\u00f6nster, har en LED-display som efterliknar det valda m\u00f6nstret i realtid och inkluderar \u00e4ven en hj\u00e4lpstr\u00f6mbrytare.<br \/>\n20A hj\u00e4lprel\u00e4 ing\u00e5r.<\/p>\n","protected":false},"excerpt":{"rendered":"<p>3410 LED Safety Director\u2122 \u00e4r ett kompakt h\u00f6gintensivt varningssystem som \u00e4r utformat f\u00f6r att dirigera trafik som n\u00e4rmar sig bakdelen av ett stillast\u00e5ende fordon. Den kompakta ljusstavdesignen m\u00f6jligg\u00f6r diskret inv\u00e4ndig eller exteri\u00f6r montering, antingen i linje med fordonet eller med hj\u00e4lp av de medf\u00f6ljande monteringsf\u00e4stena. Inuti hytten ger en modern soft touch-kontroller fingertoppskontroll av 3410:s&#8230;<\/p>\n","protected":false},"featured_media":8001283,"comment_status":"closed","ping_status":"closed","template":"","meta":{"_kad_post_transparent":"default","_kad_post_title":"","_kad_post_layout":"default","_kad_post_sidebar_id":"","_kad_post_content_style":"default","_kad_post_vertical_padding":"default","_kad_post_feature":"","_kad_post_feature_position":"","_kad_post_header":false,"_kad_post_footer":false,"_kad_post_classname":""},"product_brand":[921],"product_cat":[10630,9103,10641,10759],"product_tag":[],"product_facet":[10773],"class_list":{"0":"post-1003891","1":"product","2":"type-product","3":"status-publish","4":"has-post-thumbnail","6":"product_brand-ecco-safety","7":"product_cat-components","8":"product_cat-led-bars","9":"product_cat-led-lights","10":"product_cat-products","11":"product_facet-facet-components","13":"first","14":"instock","15":"downloadable","16":"shipping-taxable","17":"product-type-simple","18":"entry","19":"content-bg","20":"loop-entry"},"_links":{"self":[{"href":"https:\/\/scn.eu\/sv\/wp-json\/wp\/v2\/product\/1003891","targetHints":{"allow":["GET"]}}],"collection":[{"href":"https:\/\/scn.eu\/sv\/wp-json\/wp\/v2\/product"}],"about":[{"href":"https:\/\/scn.eu\/sv\/wp-json\/wp\/v2\/types\/product"}],"replies":[{"embeddable":true,"href":"https:\/\/scn.eu\/sv\/wp-json\/wp\/v2\/comments?post=1003891"}],"version-history":[{"count":1,"href":"https:\/\/scn.eu\/sv\/wp-json\/wp\/v2\/product\/1003891\/revisions"}],"predecessor-version":[{"id":8001285,"href":"https:\/\/scn.eu\/sv\/wp-json\/wp\/v2\/product\/1003891\/revisions\/8001285"}],"wp:featuredmedia":[{"embeddable":true,"href":"https:\/\/scn.eu\/sv\/wp-json\/wp\/v2\/media\/8001283"}],"wp:attachment":[{"href":"https:\/\/scn.eu\/sv\/wp-json\/wp\/v2\/media?parent=1003891"}],"wp:term":[{"taxonomy":"product_brand","embeddable":true,"href":"https:\/\/scn.eu\/sv\/wp-json\/wp\/v2\/product_brand?post=1003891"},{"taxonomy":"product_cat","embeddable":true,"href":"https:\/\/scn.eu\/sv\/wp-json\/wp\/v2\/product_cat?post=1003891"},{"taxonomy":"product_tag","embeddable":true,"href":"https:\/\/scn.eu\/sv\/wp-json\/wp\/v2\/product_tag?post=1003891"},{"taxonomy":"product_facet","embeddable":true,"href":"https:\/\/scn.eu\/sv\/wp-json\/wp\/v2\/product_facet?post=1003891"}],"curies":[{"name":"wp","href":"https:\/\/api.w.org\/{rel}","templated":true}]}}