{"id":1003499,"date":"2025-01-01T00:00:01","date_gmt":"2025-01-01T00:00:01","guid":{"rendered":"http:\/\/&#038;p=1003499"},"modified":"2026-03-20T04:11:59","modified_gmt":"2026-03-20T04:11:59","slug":"cmt-ctrl01","status":"publish","type":"product","link":"https:\/\/scn.eu\/sv\/produkt\/cmt-ctrl01\/","title":{"rendered":"cMT-CTRL01"},"content":{"rendered":"<p>En kombinerad CODESYS PLC och IIoT Gateway, allt i ett!<\/p>\n<p>cMT-CTRL01 \u00e4r en  CODESYS PLC som st\u00f6der alla IR-seriens I\/O-moduler, kombinerat med en IIoT Gateway med MQTT eller OPC UA protokoll f\u00f6r att skicka data till molnet eller en SQL-databas.<\/p>\n<p>Detta \u00e4r ett utm\u00e4rkt s\u00e4tt att f\u00e5 en modern CODESYS PLC med m\u00e5nga I\/O-alternativ och samtidigt kunna samla in produktionsdata fr\u00e5n flertalet andra PLC:er och skicka det till n\u00e5gon typ av molntj\u00e4nst.<\/p>\n","protected":false},"excerpt":{"rendered":"<p>En kombinerad CODESYS PLC och IIoT Gateway, allt i ett! cMT-CTRL01 \u00e4r en CODESYS PLC som st\u00f6der alla IR-seriens I\/O-moduler, kombinerat med en IIoT Gateway med MQTT eller OPC UA protokoll f\u00f6r att skicka data till molnet eller en SQL-databas. Detta \u00e4r ett utm\u00e4rkt s\u00e4tt att f\u00e5 en modern CODESYS PLC med m\u00e5nga I\/O-alternativ och&#8230;<\/p>\n","protected":false},"featured_media":2003315,"comment_status":"closed","ping_status":"closed","template":"","meta":{"_kad_post_transparent":"default","_kad_post_title":"","_kad_post_layout":"default","_kad_post_sidebar_id":"","_kad_post_content_style":"default","_kad_post_vertical_padding":"default","_kad_post_feature":"","_kad_post_feature_position":"","_kad_post_header":false,"_kad_post_footer":false,"_kad_post_classname":""},"product_brand":[976],"product_cat":[9163,10424,10438,10759],"product_tag":[],"product_facet":[10797],"class_list":{"0":"post-1003499","1":"product","2":"type-product","3":"status-publish","4":"has-post-thumbnail","6":"product_brand-weintek","7":"product_cat-automotion-io","8":"product_cat-control-systems","9":"product_cat-plc-systems","10":"product_cat-products","11":"product_facet-facet-control-systems","13":"first","14":"instock","15":"downloadable","16":"shipping-taxable","17":"product-type-simple","18":"entry","19":"content-bg","20":"loop-entry"},"_links":{"self":[{"href":"https:\/\/scn.eu\/sv\/wp-json\/wp\/v2\/product\/1003499","targetHints":{"allow":["GET"]}}],"collection":[{"href":"https:\/\/scn.eu\/sv\/wp-json\/wp\/v2\/product"}],"about":[{"href":"https:\/\/scn.eu\/sv\/wp-json\/wp\/v2\/types\/product"}],"replies":[{"embeddable":true,"href":"https:\/\/scn.eu\/sv\/wp-json\/wp\/v2\/comments?post=1003499"}],"version-history":[{"count":1,"href":"https:\/\/scn.eu\/sv\/wp-json\/wp\/v2\/product\/1003499\/revisions"}],"predecessor-version":[{"id":8063627,"href":"https:\/\/scn.eu\/sv\/wp-json\/wp\/v2\/product\/1003499\/revisions\/8063627"}],"wp:featuredmedia":[{"embeddable":true,"href":"https:\/\/scn.eu\/sv\/wp-json\/wp\/v2\/media\/2003315"}],"wp:attachment":[{"href":"https:\/\/scn.eu\/sv\/wp-json\/wp\/v2\/media?parent=1003499"}],"wp:term":[{"taxonomy":"product_brand","embeddable":true,"href":"https:\/\/scn.eu\/sv\/wp-json\/wp\/v2\/product_brand?post=1003499"},{"taxonomy":"product_cat","embeddable":true,"href":"https:\/\/scn.eu\/sv\/wp-json\/wp\/v2\/product_cat?post=1003499"},{"taxonomy":"product_tag","embeddable":true,"href":"https:\/\/scn.eu\/sv\/wp-json\/wp\/v2\/product_tag?post=1003499"},{"taxonomy":"product_facet","embeddable":true,"href":"https:\/\/scn.eu\/sv\/wp-json\/wp\/v2\/product_facet?post=1003499"}],"curies":[{"name":"wp","href":"https:\/\/api.w.org\/{rel}","templated":true}]}}