{"id":1003438,"date":"2025-01-01T00:00:01","date_gmt":"2025-01-01T00:00:01","guid":{"rendered":"http:\/\/&#038;p=1003438"},"modified":"2026-03-20T04:09:30","modified_gmt":"2026-03-20T04:09:30","slug":"tkp20002","status":"publish","type":"product","link":"https:\/\/scn.eu\/sv\/produkt\/tkp20002\/","title":{"rendered":"TKP2000-2 Kapsling"},"content":{"rendered":"<p>TKP2000-panelerna har ett monteringsdjup som str\u00e4cker sig fr\u00e5n 250\u00d7250 mm min. till 600\u00d7600 mm max. (storlek p\u00e5 frontpanelen) och 152 mm monteringsdjup med hj\u00e4lp av en silikonf\u00f6rseglad LM-struktur. <\/p>\n<p>De ELOXAL-belagda panelprofilerna och de f\u00e4rgade h\u00f6rnkomponenterna kan anpassas. <\/p>\n<p>B\u00e5de skruvad och skruvl\u00f6s montering \u00e4r tillg\u00e4nglig (g\u00e4ller f\u00f6r 2 mm pl\u00e5ttjocklek) med v\u00e5r modul\u00e4ra konstruktion. <\/p>\n<p>L\u00e5s och g\u00e5ngj\u00e4rn \u00e4r IP65-klassade. <\/p>\n<p>Standardpanelen f\u00e4rg \u00e4r naturanodiserad E6\/C0 och h\u00f6rnkomponenterna \u00e4r RAL 4016 antracitgr\u00e5, med skyddsklass IP 65 \/ IEC 60 529.<br \/>\nKontakta oss f\u00f6r icke-standardiserade f\u00e4rger och storlekar.<\/p>\n","protected":false},"excerpt":{"rendered":"<p>TKP2000-panelerna har ett monteringsdjup som str\u00e4cker sig fr\u00e5n 250\u00d7250 mm min. till 600\u00d7600 mm max. (storlek p\u00e5 frontpanelen) och 152 mm monteringsdjup med hj\u00e4lp av en silikonf\u00f6rseglad LM-struktur. De ELOXAL-belagda panelprofilerna och de f\u00e4rgade h\u00f6rnkomponenterna kan anpassas. B\u00e5de skruvad och skruvl\u00f6s montering \u00e4r tillg\u00e4nglig (g\u00e4ller f\u00f6r 2 mm pl\u00e5ttjocklek) med v\u00e5r modul\u00e4ra konstruktion. L\u00e5s och&#8230;<\/p>\n","protected":false},"featured_media":2003258,"comment_status":"closed","ping_status":"closed","template":"","meta":{"_kad_post_transparent":"default","_kad_post_title":"","_kad_post_layout":"default","_kad_post_sidebar_id":"","_kad_post_content_style":"default","_kad_post_vertical_padding":"default","_kad_post_feature":"","_kad_post_feature_position":"","_kad_post_header":false,"_kad_post_footer":false,"_kad_post_classname":""},"product_brand":[934],"product_cat":[10630,9380,10759,10669],"product_tag":[],"product_facet":[10773],"class_list":{"0":"post-1003438","1":"product","2":"type-product","3":"status-publish","4":"has-post-thumbnail","6":"product_brand-teknokol","7":"product_cat-components","8":"product_cat-operator-control-panel-hmi-enclosure-systems","9":"product_cat-products","10":"product_cat-support-arm-and-control-panel-systems","11":"product_facet-facet-components","13":"first","14":"instock","15":"downloadable","16":"shipping-taxable","17":"product-type-simple","18":"entry","19":"content-bg","20":"loop-entry"},"_links":{"self":[{"href":"https:\/\/scn.eu\/sv\/wp-json\/wp\/v2\/product\/1003438","targetHints":{"allow":["GET"]}}],"collection":[{"href":"https:\/\/scn.eu\/sv\/wp-json\/wp\/v2\/product"}],"about":[{"href":"https:\/\/scn.eu\/sv\/wp-json\/wp\/v2\/types\/product"}],"replies":[{"embeddable":true,"href":"https:\/\/scn.eu\/sv\/wp-json\/wp\/v2\/comments?post=1003438"}],"version-history":[{"count":1,"href":"https:\/\/scn.eu\/sv\/wp-json\/wp\/v2\/product\/1003438\/revisions"}],"predecessor-version":[{"id":8063119,"href":"https:\/\/scn.eu\/sv\/wp-json\/wp\/v2\/product\/1003438\/revisions\/8063119"}],"wp:featuredmedia":[{"embeddable":true,"href":"https:\/\/scn.eu\/sv\/wp-json\/wp\/v2\/media\/2003258"}],"wp:attachment":[{"href":"https:\/\/scn.eu\/sv\/wp-json\/wp\/v2\/media?parent=1003438"}],"wp:term":[{"taxonomy":"product_brand","embeddable":true,"href":"https:\/\/scn.eu\/sv\/wp-json\/wp\/v2\/product_brand?post=1003438"},{"taxonomy":"product_cat","embeddable":true,"href":"https:\/\/scn.eu\/sv\/wp-json\/wp\/v2\/product_cat?post=1003438"},{"taxonomy":"product_tag","embeddable":true,"href":"https:\/\/scn.eu\/sv\/wp-json\/wp\/v2\/product_tag?post=1003438"},{"taxonomy":"product_facet","embeddable":true,"href":"https:\/\/scn.eu\/sv\/wp-json\/wp\/v2\/product_facet?post=1003438"}],"curies":[{"name":"wp","href":"https:\/\/api.w.org\/{rel}","templated":true}]}}