{"id":1003387,"date":"2025-01-01T00:00:01","date_gmt":"2025-01-01T00:00:01","guid":{"rendered":"http:\/\/&#038;p=1003387"},"modified":"2026-03-20T04:07:54","modified_gmt":"2026-03-20T04:07:54","slug":"sgx050","status":"publish","type":"product","link":"https:\/\/scn.eu\/sv\/produkt\/sgx050\/","title":{"rendered":"SGX050 Kontaktor 12-1000VDC &#8211; Planerad lansering Q3 2025"},"content":{"rendered":"<p>Planerad lansering Q3 2025<\/p>\n<p>Hermetiskt t\u00e4t och klassad till 175\u00b0C med minskad risk f\u00f6r brand eller h\u00e4rdsm\u00e4lta under \u00f6verstr\u00f6msf\u00f6rh\u00e5llanden.<\/p>\n<p>\u00c5terfylld med gas (fr\u00e4mst v\u00e4te) f\u00f6r att effektivt h\u00e4mma oxidation, vilket resulterar i en l\u00e5g och stabil kontaktresistans.<\/p>\n<p>Isolationsresistansen ligger p\u00e5 1000M\u03a9 (1000Vdc), medan den dielektriska styrkan mellan spolen och kontakterna n\u00e5r 4,0kV.<\/p>\n<p>Kontinuerlig str\u00f6m p\u00e5 50A vid 85\u00b0C,<\/p>\n<p>F\u00f6ljer IEC 60664-1 och RoHS-standarder.<\/p>\n","protected":false},"excerpt":{"rendered":"<p>Planerad lansering Q3 2025 Hermetiskt t\u00e4t och klassad till 175\u00b0C med minskad risk f\u00f6r brand eller h\u00e4rdsm\u00e4lta under \u00f6verstr\u00f6msf\u00f6rh\u00e5llanden. \u00c5terfylld med gas (fr\u00e4mst v\u00e4te) f\u00f6r att effektivt h\u00e4mma oxidation, vilket resulterar i en l\u00e5g och stabil kontaktresistans. Isolationsresistansen ligger p\u00e5 1000M\u03a9 (1000Vdc), medan den dielektriska styrkan mellan spolen och kontakterna n\u00e5r 4,0kV. Kontinuerlig str\u00f6m p\u00e5&#8230;<\/p>\n","protected":false},"featured_media":2003228,"comment_status":"closed","ping_status":"closed","template":"","meta":{"_kad_post_transparent":"default","_kad_post_title":"","_kad_post_layout":"default","_kad_post_sidebar_id":"","_kad_post_content_style":"default","_kad_post_vertical_padding":"default","_kad_post_feature":"","_kad_post_feature_position":"","_kad_post_header":false,"_kad_post_footer":false,"_kad_post_classname":""},"product_brand":[920],"product_cat":[9037,10630,10656,10759],"product_tag":[],"product_facet":[],"class_list":{"0":"post-1003387","1":"product","2":"type-product","3":"status-publish","4":"has-post-thumbnail","6":"product_brand-gigavac","7":"product_cat-12100vdc-10080090010001500vdc","8":"product_cat-components","9":"product_cat-power-contactors","10":"product_cat-products","12":"first","13":"instock","14":"downloadable","15":"shipping-taxable","16":"product-type-simple","17":"entry","18":"content-bg","19":"loop-entry"},"_links":{"self":[{"href":"https:\/\/scn.eu\/sv\/wp-json\/wp\/v2\/product\/1003387","targetHints":{"allow":["GET"]}}],"collection":[{"href":"https:\/\/scn.eu\/sv\/wp-json\/wp\/v2\/product"}],"about":[{"href":"https:\/\/scn.eu\/sv\/wp-json\/wp\/v2\/types\/product"}],"replies":[{"embeddable":true,"href":"https:\/\/scn.eu\/sv\/wp-json\/wp\/v2\/comments?post=1003387"}],"version-history":[{"count":1,"href":"https:\/\/scn.eu\/sv\/wp-json\/wp\/v2\/product\/1003387\/revisions"}],"predecessor-version":[{"id":8062825,"href":"https:\/\/scn.eu\/sv\/wp-json\/wp\/v2\/product\/1003387\/revisions\/8062825"}],"wp:featuredmedia":[{"embeddable":true,"href":"https:\/\/scn.eu\/sv\/wp-json\/wp\/v2\/media\/2003228"}],"wp:attachment":[{"href":"https:\/\/scn.eu\/sv\/wp-json\/wp\/v2\/media?parent=1003387"}],"wp:term":[{"taxonomy":"product_brand","embeddable":true,"href":"https:\/\/scn.eu\/sv\/wp-json\/wp\/v2\/product_brand?post=1003387"},{"taxonomy":"product_cat","embeddable":true,"href":"https:\/\/scn.eu\/sv\/wp-json\/wp\/v2\/product_cat?post=1003387"},{"taxonomy":"product_tag","embeddable":true,"href":"https:\/\/scn.eu\/sv\/wp-json\/wp\/v2\/product_tag?post=1003387"},{"taxonomy":"product_facet","embeddable":true,"href":"https:\/\/scn.eu\/sv\/wp-json\/wp\/v2\/product_facet?post=1003387"}],"curies":[{"name":"wp","href":"https:\/\/api.w.org\/{rel}","templated":true}]}}