{"id":1003371,"date":"2025-01-01T00:00:01","date_gmt":"2025-01-01T00:00:01","guid":{"rendered":"http:\/\/&#038;p=1003371"},"modified":"2026-03-20T04:07:38","modified_gmt":"2026-03-20T04:07:38","slug":"sa842","status":"publish","type":"product","link":"https:\/\/scn.eu\/sv\/produkt\/sa842\/","title":{"rendered":"SA842 Halvledarrel\u00e4 50A"},"content":{"rendered":"<p>SA842070<br \/>\nUtg\u00e5ngssp\u00e4nning: 12-275VAC<br \/>\nTyristorv\u00e4rde: 25A<br \/>\nV toppv\u00e4rde (V): 600V<br \/>\nStyrsp\u00e4nning: 3-32VDC<\/p>\n","protected":false},"excerpt":{"rendered":"<p>SA842070 Utg\u00e5ngssp\u00e4nning: 12-275VAC Tyristorv\u00e4rde: 25A V toppv\u00e4rde (V): 600V Styrsp\u00e4nning: 3-32VDC<\/p>\n","protected":false},"featured_media":2003222,"comment_status":"closed","ping_status":"closed","template":"","meta":{"_kad_post_transparent":"default","_kad_post_title":"","_kad_post_layout":"default","_kad_post_sidebar_id":"","_kad_post_content_style":"default","_kad_post_vertical_padding":"default","_kad_post_feature":"","_kad_post_feature_position":"","_kad_post_header":false,"_kad_post_footer":false,"_kad_post_classname":""},"product_brand":[938],"product_cat":[10630,10682,10759,9205],"product_tag":[],"product_facet":[10773],"class_list":{"0":"post-1003371","1":"product","2":"type-product","3":"status-publish","4":"has-post-thumbnail","6":"product_brand-celduc","7":"product_cat-components","8":"product_cat-power-supplies","9":"product_cat-products","10":"product_cat-single-phase","11":"product_facet-facet-components","13":"first","14":"instock","15":"downloadable","16":"shipping-taxable","17":"product-type-simple","18":"entry","19":"content-bg","20":"loop-entry"},"_links":{"self":[{"href":"https:\/\/scn.eu\/sv\/wp-json\/wp\/v2\/product\/1003371","targetHints":{"allow":["GET"]}}],"collection":[{"href":"https:\/\/scn.eu\/sv\/wp-json\/wp\/v2\/product"}],"about":[{"href":"https:\/\/scn.eu\/sv\/wp-json\/wp\/v2\/types\/product"}],"replies":[{"embeddable":true,"href":"https:\/\/scn.eu\/sv\/wp-json\/wp\/v2\/comments?post=1003371"}],"version-history":[{"count":1,"href":"https:\/\/scn.eu\/sv\/wp-json\/wp\/v2\/product\/1003371\/revisions"}],"predecessor-version":[{"id":8062757,"href":"https:\/\/scn.eu\/sv\/wp-json\/wp\/v2\/product\/1003371\/revisions\/8062757"}],"wp:featuredmedia":[{"embeddable":true,"href":"https:\/\/scn.eu\/sv\/wp-json\/wp\/v2\/media\/2003222"}],"wp:attachment":[{"href":"https:\/\/scn.eu\/sv\/wp-json\/wp\/v2\/media?parent=1003371"}],"wp:term":[{"taxonomy":"product_brand","embeddable":true,"href":"https:\/\/scn.eu\/sv\/wp-json\/wp\/v2\/product_brand?post=1003371"},{"taxonomy":"product_cat","embeddable":true,"href":"https:\/\/scn.eu\/sv\/wp-json\/wp\/v2\/product_cat?post=1003371"},{"taxonomy":"product_tag","embeddable":true,"href":"https:\/\/scn.eu\/sv\/wp-json\/wp\/v2\/product_tag?post=1003371"},{"taxonomy":"product_facet","embeddable":true,"href":"https:\/\/scn.eu\/sv\/wp-json\/wp\/v2\/product_facet?post=1003371"}],"curies":[{"name":"wp","href":"https:\/\/api.w.org\/{rel}","templated":true}]}}