{"id":1003367,"date":"2025-01-01T00:00:01","date_gmt":"2025-01-01T00:00:01","guid":{"rendered":"http:\/\/&#038;p=1003367"},"modified":"2026-03-20T04:07:26","modified_gmt":"2026-03-20T04:07:26","slug":"psm","status":"publish","type":"product","link":"https:\/\/scn.eu\/sv\/produkt\/psm\/","title":{"rendered":"PSM"},"content":{"rendered":"<p>Termisk automats\u00e4kring fr\u00e5n 2A till 35A vid 30 VDC f\u00f6r panelmontering.<\/p>\n<p>Med manuell \u00e5terst\u00e4llning och g\u00e4ngad hals f\u00f6r panelmontering med mutter.<\/p>\n<p>Vibrationsbest\u00e4ndig p\u00e5 10G och st\u00f6tt\u00e5lig p\u00e5 100G, detta i en liten enhet med en mycket l\u00e5g vikt p\u00e5 cirka 35g.<\/p>\n","protected":false},"excerpt":{"rendered":"<p>Termisk automats\u00e4kring fr\u00e5n 2A till 35A vid 30 VDC f\u00f6r panelmontering. Med manuell \u00e5terst\u00e4llning och g\u00e4ngad hals f\u00f6r panelmontering med mutter. Vibrationsbest\u00e4ndig p\u00e5 10G och st\u00f6tt\u00e5lig p\u00e5 100G, detta i en liten enhet med en mycket l\u00e5g vikt p\u00e5 cirka 35g.<\/p>\n","protected":false},"featured_media":2003218,"comment_status":"closed","ping_status":"closed","template":"","meta":{"_kad_post_transparent":"default","_kad_post_title":"","_kad_post_layout":"default","_kad_post_sidebar_id":"","_kad_post_content_style":"default","_kad_post_vertical_padding":"default","_kad_post_feature":"","_kad_post_feature_position":"","_kad_post_header":false,"_kad_post_footer":false,"_kad_post_classname":""},"product_brand":[922],"product_cat":[10630,10682,10759,9205],"product_tag":[],"product_facet":[],"class_list":{"0":"post-1003367","1":"product","2":"type-product","3":"status-publish","4":"has-post-thumbnail","6":"product_brand-sensata","7":"product_cat-components","8":"product_cat-power-supplies","9":"product_cat-products","10":"product_cat-single-phase","12":"first","13":"instock","14":"downloadable","15":"shipping-taxable","16":"product-type-simple","17":"entry","18":"content-bg","19":"loop-entry"},"_links":{"self":[{"href":"https:\/\/scn.eu\/sv\/wp-json\/wp\/v2\/product\/1003367","targetHints":{"allow":["GET"]}}],"collection":[{"href":"https:\/\/scn.eu\/sv\/wp-json\/wp\/v2\/product"}],"about":[{"href":"https:\/\/scn.eu\/sv\/wp-json\/wp\/v2\/types\/product"}],"replies":[{"embeddable":true,"href":"https:\/\/scn.eu\/sv\/wp-json\/wp\/v2\/comments?post=1003367"}],"version-history":[{"count":1,"href":"https:\/\/scn.eu\/sv\/wp-json\/wp\/v2\/product\/1003367\/revisions"}],"predecessor-version":[{"id":8062732,"href":"https:\/\/scn.eu\/sv\/wp-json\/wp\/v2\/product\/1003367\/revisions\/8062732"}],"wp:featuredmedia":[{"embeddable":true,"href":"https:\/\/scn.eu\/sv\/wp-json\/wp\/v2\/media\/2003218"}],"wp:attachment":[{"href":"https:\/\/scn.eu\/sv\/wp-json\/wp\/v2\/media?parent=1003367"}],"wp:term":[{"taxonomy":"product_brand","embeddable":true,"href":"https:\/\/scn.eu\/sv\/wp-json\/wp\/v2\/product_brand?post=1003367"},{"taxonomy":"product_cat","embeddable":true,"href":"https:\/\/scn.eu\/sv\/wp-json\/wp\/v2\/product_cat?post=1003367"},{"taxonomy":"product_tag","embeddable":true,"href":"https:\/\/scn.eu\/sv\/wp-json\/wp\/v2\/product_tag?post=1003367"},{"taxonomy":"product_facet","embeddable":true,"href":"https:\/\/scn.eu\/sv\/wp-json\/wp\/v2\/product_facet?post=1003367"}],"curies":[{"name":"wp","href":"https:\/\/api.w.org\/{rel}","templated":true}]}}