{"id":1003364,"date":"2025-01-01T00:00:01","date_gmt":"2025-01-01T00:00:01","guid":{"rendered":"http:\/\/&#038;p=1003364"},"modified":"2026-03-20T04:07:13","modified_gmt":"2026-03-20T04:07:13","slug":"pdlapdlm","status":"publish","type":"product","link":"https:\/\/scn.eu\/sv\/produkt\/pdlapdlm\/","title":{"rendered":"PDLA och PDLM"},"content":{"rendered":"<p>35A till 150A Termiska automats\u00e4kringar med h\u00f6g precision och upp till 30VDC<\/p>\n<p>Utvecklad f\u00f6r att klara de v\u00e4rsta m\u00f6jliga milj\u00f6erna.<br \/>\nV\u00e4derbest\u00e4ndig och klarar av vibrationer upp till 10G och st\u00f6tt\u00e5lighet upp till 100G.<\/p>\n<p>L\u00e4mplig f\u00f6r b\u00e5de milit\u00e4ra och kommersiella till\u00e4mpningar d\u00e4r h\u00f6ga krav p\u00e5 noggrann drift finns.<\/p>\n","protected":false},"excerpt":{"rendered":"<p>35A till 150A Termiska automats\u00e4kringar med h\u00f6g precision och upp till 30VDC Utvecklad f\u00f6r att klara de v\u00e4rsta m\u00f6jliga milj\u00f6erna. V\u00e4derbest\u00e4ndig och klarar av vibrationer upp till 10G och st\u00f6tt\u00e5lighet upp till 100G. L\u00e4mplig f\u00f6r b\u00e5de milit\u00e4ra och kommersiella till\u00e4mpningar d\u00e4r h\u00f6ga krav p\u00e5 noggrann drift finns.<\/p>\n","protected":false},"featured_media":2003215,"comment_status":"closed","ping_status":"closed","template":"","meta":{"_kad_post_transparent":"default","_kad_post_title":"","_kad_post_layout":"default","_kad_post_sidebar_id":"","_kad_post_content_style":"default","_kad_post_vertical_padding":"default","_kad_post_feature":"","_kad_post_feature_position":"","_kad_post_header":false,"_kad_post_footer":false,"_kad_post_classname":""},"product_brand":[922],"product_cat":[10630,10682,10759,9205],"product_tag":[],"product_facet":[10773],"class_list":{"0":"post-1003364","1":"product","2":"type-product","3":"status-publish","4":"has-post-thumbnail","6":"product_brand-sensata","7":"product_cat-components","8":"product_cat-power-supplies","9":"product_cat-products","10":"product_cat-single-phase","11":"product_facet-facet-components","13":"first","14":"instock","15":"downloadable","16":"shipping-taxable","17":"product-type-simple","18":"entry","19":"content-bg","20":"loop-entry"},"_links":{"self":[{"href":"https:\/\/scn.eu\/sv\/wp-json\/wp\/v2\/product\/1003364","targetHints":{"allow":["GET"]}}],"collection":[{"href":"https:\/\/scn.eu\/sv\/wp-json\/wp\/v2\/product"}],"about":[{"href":"https:\/\/scn.eu\/sv\/wp-json\/wp\/v2\/types\/product"}],"replies":[{"embeddable":true,"href":"https:\/\/scn.eu\/sv\/wp-json\/wp\/v2\/comments?post=1003364"}],"version-history":[{"count":1,"href":"https:\/\/scn.eu\/sv\/wp-json\/wp\/v2\/product\/1003364\/revisions"}],"predecessor-version":[{"id":8062675,"href":"https:\/\/scn.eu\/sv\/wp-json\/wp\/v2\/product\/1003364\/revisions\/8062675"}],"wp:featuredmedia":[{"embeddable":true,"href":"https:\/\/scn.eu\/sv\/wp-json\/wp\/v2\/media\/2003215"}],"wp:attachment":[{"href":"https:\/\/scn.eu\/sv\/wp-json\/wp\/v2\/media?parent=1003364"}],"wp:term":[{"taxonomy":"product_brand","embeddable":true,"href":"https:\/\/scn.eu\/sv\/wp-json\/wp\/v2\/product_brand?post=1003364"},{"taxonomy":"product_cat","embeddable":true,"href":"https:\/\/scn.eu\/sv\/wp-json\/wp\/v2\/product_cat?post=1003364"},{"taxonomy":"product_tag","embeddable":true,"href":"https:\/\/scn.eu\/sv\/wp-json\/wp\/v2\/product_tag?post=1003364"},{"taxonomy":"product_facet","embeddable":true,"href":"https:\/\/scn.eu\/sv\/wp-json\/wp\/v2\/product_facet?post=1003364"}],"curies":[{"name":"wp","href":"https:\/\/api.w.org\/{rel}","templated":true}]}}