{"id":1003363,"date":"2025-01-01T00:00:01","date_gmt":"2025-01-01T00:00:01","guid":{"rendered":"http:\/\/&#038;p=1003363"},"modified":"2026-03-20T04:07:08","modified_gmt":"2026-03-20T04:07:08","slug":"pdapdm","status":"publish","type":"product","link":"https:\/\/scn.eu\/sv\/produkt\/pdapdm\/","title":{"rendered":"PDA och PDM"},"content":{"rendered":"<p>Med en vikt p\u00e5 mindre \u00e4n 50g och en st\u00f6tt\u00e5lighet p\u00e5 100G f\u00e5r du mycket h\u00f6g prestanda i ett litet format.<\/p>\n<p>Typiska till\u00e4mpningar f\u00f6r dessa automats\u00e4kringar \u00e4r ledar- och kabelskydd i tillbeh\u00f6rskretsar, skydd av utrustning och batterier i bygg- och terr\u00e4ngutrustning, marin- och fritidsfordon, gruvdrift, jordbruksutrustning och elhybridfordon. <\/p>\n<p>PD-serien anv\u00e4nds b\u00e5de i milit\u00e4ra och kommersiella till\u00e4mpningar.<\/p>\n","protected":false},"excerpt":{"rendered":"<p>Med en vikt p\u00e5 mindre \u00e4n 50g och en st\u00f6tt\u00e5lighet p\u00e5 100G f\u00e5r du mycket h\u00f6g prestanda i ett litet format. Typiska till\u00e4mpningar f\u00f6r dessa automats\u00e4kringar \u00e4r ledar- och kabelskydd i tillbeh\u00f6rskretsar, skydd av utrustning och batterier i bygg- och terr\u00e4ngutrustning, marin- och fritidsfordon, gruvdrift, jordbruksutrustning och elhybridfordon. PD-serien anv\u00e4nds b\u00e5de i milit\u00e4ra och kommersiella&#8230;<\/p>\n","protected":false},"featured_media":2003214,"comment_status":"closed","ping_status":"closed","template":"","meta":{"_kad_post_transparent":"default","_kad_post_title":"","_kad_post_layout":"default","_kad_post_sidebar_id":"","_kad_post_content_style":"default","_kad_post_vertical_padding":"default","_kad_post_feature":"","_kad_post_feature_position":"","_kad_post_header":false,"_kad_post_footer":false,"_kad_post_classname":""},"product_brand":[922],"product_cat":[10630,10682,10759,9205],"product_tag":[],"product_facet":[10773],"class_list":{"0":"post-1003363","1":"product","2":"type-product","3":"status-publish","4":"has-post-thumbnail","6":"product_brand-sensata","7":"product_cat-components","8":"product_cat-power-supplies","9":"product_cat-products","10":"product_cat-single-phase","11":"product_facet-facet-components","13":"first","14":"instock","15":"downloadable","16":"shipping-taxable","17":"product-type-simple","18":"entry","19":"content-bg","20":"loop-entry"},"_links":{"self":[{"href":"https:\/\/scn.eu\/sv\/wp-json\/wp\/v2\/product\/1003363","targetHints":{"allow":["GET"]}}],"collection":[{"href":"https:\/\/scn.eu\/sv\/wp-json\/wp\/v2\/product"}],"about":[{"href":"https:\/\/scn.eu\/sv\/wp-json\/wp\/v2\/types\/product"}],"replies":[{"embeddable":true,"href":"https:\/\/scn.eu\/sv\/wp-json\/wp\/v2\/comments?post=1003363"}],"version-history":[{"count":1,"href":"https:\/\/scn.eu\/sv\/wp-json\/wp\/v2\/product\/1003363\/revisions"}],"predecessor-version":[{"id":8062656,"href":"https:\/\/scn.eu\/sv\/wp-json\/wp\/v2\/product\/1003363\/revisions\/8062656"}],"wp:featuredmedia":[{"embeddable":true,"href":"https:\/\/scn.eu\/sv\/wp-json\/wp\/v2\/media\/2003214"}],"wp:attachment":[{"href":"https:\/\/scn.eu\/sv\/wp-json\/wp\/v2\/media?parent=1003363"}],"wp:term":[{"taxonomy":"product_brand","embeddable":true,"href":"https:\/\/scn.eu\/sv\/wp-json\/wp\/v2\/product_brand?post=1003363"},{"taxonomy":"product_cat","embeddable":true,"href":"https:\/\/scn.eu\/sv\/wp-json\/wp\/v2\/product_cat?post=1003363"},{"taxonomy":"product_tag","embeddable":true,"href":"https:\/\/scn.eu\/sv\/wp-json\/wp\/v2\/product_tag?post=1003363"},{"taxonomy":"product_facet","embeddable":true,"href":"https:\/\/scn.eu\/sv\/wp-json\/wp\/v2\/product_facet?post=1003363"}],"curies":[{"name":"wp","href":"https:\/\/api.w.org\/{rel}","templated":true}]}}