{"id":1003351,"date":"2025-01-01T00:00:01","date_gmt":"2025-01-01T00:00:01","guid":{"rendered":"http:\/\/&#038;p=1003351"},"modified":"2026-03-24T02:47:46","modified_gmt":"2026-03-24T02:47:46","slug":"10at","status":"publish","type":"product","link":"https:\/\/scn.eu\/sv\/produkt\/10at\/","title":{"rendered":"Mikrobrytare Klixon\u00ae 10AT-serie"},"content":{"rendered":"<p>Klixon\u00ae 10AT-serien fr\u00e5n Sensata \u00e4r hermetiskt tillslutna mikrobrytare med snap-action-funktion, konstruerade f\u00f6r att leverera tillf\u00f6rlitlig prestanda i extrema milj\u00f6er inom flyg-, f\u00f6rsvars- och rymdindustrin.<\/p>\n<p>Dessa mikrobrytare \u00e4r s\u00e4rskilt l\u00e4mpade f\u00f6r applikationer som kr\u00e4ver h\u00f6g tillf\u00f6rlitlighet under extrema f\u00f6rh\u00e5llanden, s\u00e5som i flygplanssystem, milit\u00e4ra fordon och rymdfarkoster.<\/p>\n<p>&#8211; Konstruktion: Hermetiskt tillsluten med rostfritt st\u00e5lh\u00f6lje och torr kv\u00e4vgasfyllning, vilket uppfyller MIL-PRF-8805-standarder.<br \/>\n&#8211; Elektrisk kapacitet:<br \/>\nResistiv last: upp till 4\u202fA vid 28\u202fVDC.<br \/>\nInduktiv last: 1\u202fA vid 28\u202fVDC.<br \/>\nLamplast: 2\u202fA vid 28\u202fVDC.<br \/>\n&#8211; Mekanisk livsl\u00e4ngd: Minst 100\u202f000 cykler; 25\u202f000 cykler vid nominell last.<br \/>\n&#8211; Temperaturomr\u00e5de: Drift fr\u00e5n -65\u202f\u00b0C till +135\u202f\u00b0C.<br \/>\n&#8211; Vibrationsmotst\u00e5nd: T\u00e5l vibrationer upp till 65\u202fG inom frekvensomr\u00e5det 10\u20132000\u202fHz.<br \/>\n&#8211; St\u00f6tt\u00e5lighet: T\u00e5l st\u00f6tar upp till 200\u202fG under 6\u202fms.<br \/>\n&#8211; T\u00e4tning: Hermetisk t\u00e4tning enligt MIL-PRF-8805, design enclosure 5.<br \/>\n&#8211; L\u00e4ckagehastighet: Max 1&#215;10\u207b\u2078 cc He\/sek vid 1 atm differenstryck.<br \/>\n&#8211; Isolationsmotst\u00e5nd: Minst 100 megaohm vid 500\u202fVDC.<br \/>\n&#8211; Sp\u00e4nningsfall vid 1\u202fA: Max 0,04\u202fV<\/p>\n","protected":false},"excerpt":{"rendered":"<p>Klixon\u00ae 10AT-serien fr\u00e5n Sensata \u00e4r hermetiskt tillslutna mikrobrytare med snap-action-funktion, konstruerade f\u00f6r att leverera tillf\u00f6rlitlig prestanda i extrema milj\u00f6er inom flyg-, f\u00f6rsvars- och rymdindustrin. Dessa mikrobrytare \u00e4r s\u00e4rskilt l\u00e4mpade f\u00f6r applikationer som kr\u00e4ver h\u00f6g tillf\u00f6rlitlighet under extrema f\u00f6rh\u00e5llanden, s\u00e5som i flygplanssystem, milit\u00e4ra fordon och rymdfarkoster. &#8211; Konstruktion: Hermetiskt tillsluten med rostfritt st\u00e5lh\u00f6lje och torr kv\u00e4vgasfyllning,&#8230;<\/p>\n","protected":false},"featured_media":2003202,"comment_status":"closed","ping_status":"closed","template":"","meta":{"_kad_post_transparent":"default","_kad_post_title":"","_kad_post_layout":"default","_kad_post_sidebar_id":"","_kad_post_content_style":"default","_kad_post_vertical_padding":"default","_kad_post_feature":"","_kad_post_feature_position":"","_kad_post_header":false,"_kad_post_footer":false,"_kad_post_classname":""},"product_brand":[922],"product_cat":[10631,10752],"product_tag":[],"product_facet":[10773],"class_list":{"0":"post-1003351","1":"product","2":"type-product","3":"status-publish","4":"has-post-thumbnail","6":"product_brand-sensata","7":"product_cat-components","8":"product_cat-products","9":"product_facet-facet-components","11":"first","12":"instock","13":"downloadable","14":"shipping-taxable","15":"product-type-simple","16":"entry","17":"content-bg","18":"loop-entry"},"_links":{"self":[{"href":"https:\/\/scn.eu\/sv\/wp-json\/wp\/v2\/product\/1003351","targetHints":{"allow":["GET"]}}],"collection":[{"href":"https:\/\/scn.eu\/sv\/wp-json\/wp\/v2\/product"}],"about":[{"href":"https:\/\/scn.eu\/sv\/wp-json\/wp\/v2\/types\/product"}],"replies":[{"embeddable":true,"href":"https:\/\/scn.eu\/sv\/wp-json\/wp\/v2\/comments?post=1003351"}],"version-history":[{"count":1,"href":"https:\/\/scn.eu\/sv\/wp-json\/wp\/v2\/product\/1003351\/revisions"}],"predecessor-version":[{"id":8062440,"href":"https:\/\/scn.eu\/sv\/wp-json\/wp\/v2\/product\/1003351\/revisions\/8062440"}],"wp:featuredmedia":[{"embeddable":true,"href":"https:\/\/scn.eu\/sv\/wp-json\/wp\/v2\/media\/2003202"}],"wp:attachment":[{"href":"https:\/\/scn.eu\/sv\/wp-json\/wp\/v2\/media?parent=1003351"}],"wp:term":[{"taxonomy":"product_brand","embeddable":true,"href":"https:\/\/scn.eu\/sv\/wp-json\/wp\/v2\/product_brand?post=1003351"},{"taxonomy":"product_cat","embeddable":true,"href":"https:\/\/scn.eu\/sv\/wp-json\/wp\/v2\/product_cat?post=1003351"},{"taxonomy":"product_tag","embeddable":true,"href":"https:\/\/scn.eu\/sv\/wp-json\/wp\/v2\/product_tag?post=1003351"},{"taxonomy":"product_facet","embeddable":true,"href":"https:\/\/scn.eu\/sv\/wp-json\/wp\/v2\/product_facet?post=1003351"}],"curies":[{"name":"wp","href":"https:\/\/api.w.org\/{rel}","templated":true}]}}