{"id":1003344,"date":"2025-01-01T00:00:01","date_gmt":"2025-01-01T00:00:01","guid":{"rendered":"http:\/\/&#038;p=1003344"},"modified":"2026-03-24T13:49:54","modified_gmt":"2026-03-24T13:49:54","slug":"m2","status":"publish","type":"product","link":"https:\/\/scn.eu\/sv\/produkt\/m2\/","title":{"rendered":"M2"},"content":{"rendered":"<p>Enpolig \/ enkelriktad (SPST) och kan f\u00e5s som normalt \u00f6ppen (NO) eller normalt st\u00e4ngd (NC).<\/p>\n<p>Hermetiskt vakuumf\u00f6rseglade och fyllda med kv\u00e4ve.<br \/>\nExtremt motst\u00e5ndskraftig mot st\u00f6tar och vibrationer.<br \/>\nF\u00f6r 30VDC\/VAC och 120VAC f\u00f6r resistiva belastningar upp till 2A.<br \/>\nKompakt format fr\u00e5n \u00d817mm och l\u00e5g vikt fr\u00e5n 5,5 gram.<\/p>\n<p>I enlighet med MIL-PRF-24236\/20, S-311-641 och NASA S-311-664 QPL.<\/p>\n<p>F\u00f6r till\u00e4mpningar med h\u00f6ga krav, till exempel i satelliter, radarsystem, luftfl\u00f6den och kemiska detektionssystem.<\/p>\n","protected":false},"excerpt":{"rendered":"<p>Enpolig \/ enkelriktad (SPST) och kan f\u00e5s som normalt \u00f6ppen (NO) eller normalt st\u00e4ngd (NC). Hermetiskt vakuumf\u00f6rseglade och fyllda med kv\u00e4ve. Extremt motst\u00e5ndskraftig mot st\u00f6tar och vibrationer. F\u00f6r 30VDC\/VAC och 120VAC f\u00f6r resistiva belastningar upp till 2A. Kompakt format fr\u00e5n \u00d817mm och l\u00e5g vikt fr\u00e5n 5,5 gram. I enlighet med MIL-PRF-24236\/20, S-311-641 och NASA S-311-664&#8230;<\/p>\n","protected":false},"featured_media":2003195,"comment_status":"closed","ping_status":"closed","template":"","meta":{"_kad_post_transparent":"default","_kad_post_title":"","_kad_post_layout":"default","_kad_post_sidebar_id":"","_kad_post_content_style":"default","_kad_post_vertical_padding":"default","_kad_post_feature":"","_kad_post_feature_position":"","_kad_post_header":false,"_kad_post_footer":false,"_kad_post_classname":""},"product_brand":[922],"product_cat":[10630,10759,10565],"product_tag":[],"product_facet":[10773],"class_list":{"0":"post-1003344","1":"product","2":"type-product","3":"status-publish","4":"has-post-thumbnail","6":"product_brand-sensata","7":"product_cat-components","8":"product_cat-products","9":"product_cat-thermostats","10":"product_facet-facet-components","12":"first","13":"instock","14":"downloadable","15":"shipping-taxable","16":"product-type-simple","17":"entry","18":"content-bg","19":"loop-entry"},"_links":{"self":[{"href":"https:\/\/scn.eu\/sv\/wp-json\/wp\/v2\/product\/1003344","targetHints":{"allow":["GET"]}}],"collection":[{"href":"https:\/\/scn.eu\/sv\/wp-json\/wp\/v2\/product"}],"about":[{"href":"https:\/\/scn.eu\/sv\/wp-json\/wp\/v2\/types\/product"}],"replies":[{"embeddable":true,"href":"https:\/\/scn.eu\/sv\/wp-json\/wp\/v2\/comments?post=1003344"}],"version-history":[{"count":2,"href":"https:\/\/scn.eu\/sv\/wp-json\/wp\/v2\/product\/1003344\/revisions"}],"predecessor-version":[{"id":8072267,"href":"https:\/\/scn.eu\/sv\/wp-json\/wp\/v2\/product\/1003344\/revisions\/8072267"}],"wp:featuredmedia":[{"embeddable":true,"href":"https:\/\/scn.eu\/sv\/wp-json\/wp\/v2\/media\/2003195"}],"wp:attachment":[{"href":"https:\/\/scn.eu\/sv\/wp-json\/wp\/v2\/media?parent=1003344"}],"wp:term":[{"taxonomy":"product_brand","embeddable":true,"href":"https:\/\/scn.eu\/sv\/wp-json\/wp\/v2\/product_brand?post=1003344"},{"taxonomy":"product_cat","embeddable":true,"href":"https:\/\/scn.eu\/sv\/wp-json\/wp\/v2\/product_cat?post=1003344"},{"taxonomy":"product_tag","embeddable":true,"href":"https:\/\/scn.eu\/sv\/wp-json\/wp\/v2\/product_tag?post=1003344"},{"taxonomy":"product_facet","embeddable":true,"href":"https:\/\/scn.eu\/sv\/wp-json\/wp\/v2\/product_facet?post=1003344"}],"curies":[{"name":"wp","href":"https:\/\/api.w.org\/{rel}","templated":true}]}}