{"id":1003343,"date":"2025-01-01T00:00:01","date_gmt":"2025-01-01T00:00:01","guid":{"rendered":"http:\/\/&#038;p=1003343"},"modified":"2026-03-24T13:59:45","modified_gmt":"2026-03-24T13:59:45","slug":"m111041","status":"publish","type":"product","link":"https:\/\/scn.eu\/sv\/produkt\/m111041\/","title":{"rendered":"M1 och 11041"},"content":{"rendered":"<p>KLIXON\u00ae 11041 \/ M1 Serien med hermetiskt f\u00f6rseglade termostater i halvtumsstorlek (M24236\/1) \u00e4r konstruerad f\u00f6r exceptionell vibrations- och st\u00f6tt\u00e5lighet f\u00f6r att ge tillf\u00f6rlitlig omkoppling i de mest kr\u00e4vande till\u00e4mpningar.<\/p>\n<p>F\u00f6re den slutliga svetsningen vakuumbakas det hermetiska paketet och fylls p\u00e5 med torrt kv\u00e4ve.<br \/>\nDen inerta, torra atmosf\u00e4ren eliminerar fukt f\u00f6r att f\u00f6rhindra kondensering vid l\u00e5ga temperaturer, f\u00f6rb\u00e4ttrar termostatens dielektriska egenskaper och f\u00f6rhindrar oxidation av kontakterna.<\/p>\n<p>Termostaterna 11041 och M1 \u00e4r de idealiska valen f\u00f6r till\u00e4mpningar som till exempel skydd mot isbildning och luftdatasensorer, uppv\u00e4rmd dr\u00e4nering f\u00f6r flygplan, temperaturreglering av utloppsluftstemperatur, v\u00e4rmare f\u00f6r kanaler\/ventilation\/toaletter i flygplan, v\u00e4rmereglering av batterier i satelliter och temperaturreglering av propulsionsledningar i satelliter.<\/p>\n<p>Funktioner:<br \/>\nEnpolig \/ enkelriktad (SPST)<br \/>\nF\u00f6rinst\u00e4llda temperaturv\u00e4xlingar, ej justerbar kalibrering.<br \/>\nH\u00f6g motst\u00e5ndskraft mot st\u00f6tar och vibrationer.<br \/>\nHermetiskt f\u00f6rseglad, vakuumbakad och \u00e5terfylld med kv\u00e4ve.<br \/>\nOlika monteringskonfigurationer tillg\u00e4ngliga.<br \/>\nKvalificerad enligt MIL-PRF-24236\/1<br \/>\nKvalificerad enligt NASA S-311-P641\/05<\/p>\n","protected":false},"excerpt":{"rendered":"<p>KLIXON\u00ae 11041 \/ M1 Serien med hermetiskt f\u00f6rseglade termostater i halvtumsstorlek (M24236\/1) \u00e4r konstruerad f\u00f6r exceptionell vibrations- och st\u00f6tt\u00e5lighet f\u00f6r att ge tillf\u00f6rlitlig omkoppling i de mest kr\u00e4vande till\u00e4mpningar. F\u00f6re den slutliga svetsningen vakuumbakas det hermetiska paketet och fylls p\u00e5 med torrt kv\u00e4ve. Den inerta, torra atmosf\u00e4ren eliminerar fukt f\u00f6r att f\u00f6rhindra kondensering vid l\u00e5ga&#8230;<\/p>\n","protected":false},"featured_media":2003194,"comment_status":"closed","ping_status":"closed","template":"","meta":{"_kad_post_transparent":"default","_kad_post_title":"","_kad_post_layout":"default","_kad_post_sidebar_id":"","_kad_post_content_style":"default","_kad_post_vertical_padding":"default","_kad_post_feature":"","_kad_post_feature_position":"","_kad_post_header":false,"_kad_post_footer":false,"_kad_post_classname":""},"product_brand":[922],"product_cat":[10630,10759,10565],"product_tag":[],"product_facet":[],"class_list":{"0":"post-1003343","1":"product","2":"type-product","3":"status-publish","4":"has-post-thumbnail","6":"product_brand-sensata","7":"product_cat-components","8":"product_cat-products","9":"product_cat-thermostats","11":"first","12":"instock","13":"downloadable","14":"shipping-taxable","15":"product-type-simple","16":"entry","17":"content-bg","18":"loop-entry"},"_links":{"self":[{"href":"https:\/\/scn.eu\/sv\/wp-json\/wp\/v2\/product\/1003343","targetHints":{"allow":["GET"]}}],"collection":[{"href":"https:\/\/scn.eu\/sv\/wp-json\/wp\/v2\/product"}],"about":[{"href":"https:\/\/scn.eu\/sv\/wp-json\/wp\/v2\/types\/product"}],"replies":[{"embeddable":true,"href":"https:\/\/scn.eu\/sv\/wp-json\/wp\/v2\/comments?post=1003343"}],"version-history":[{"count":2,"href":"https:\/\/scn.eu\/sv\/wp-json\/wp\/v2\/product\/1003343\/revisions"}],"predecessor-version":[{"id":8072268,"href":"https:\/\/scn.eu\/sv\/wp-json\/wp\/v2\/product\/1003343\/revisions\/8072268"}],"wp:featuredmedia":[{"embeddable":true,"href":"https:\/\/scn.eu\/sv\/wp-json\/wp\/v2\/media\/2003194"}],"wp:attachment":[{"href":"https:\/\/scn.eu\/sv\/wp-json\/wp\/v2\/media?parent=1003343"}],"wp:term":[{"taxonomy":"product_brand","embeddable":true,"href":"https:\/\/scn.eu\/sv\/wp-json\/wp\/v2\/product_brand?post=1003343"},{"taxonomy":"product_cat","embeddable":true,"href":"https:\/\/scn.eu\/sv\/wp-json\/wp\/v2\/product_cat?post=1003343"},{"taxonomy":"product_tag","embeddable":true,"href":"https:\/\/scn.eu\/sv\/wp-json\/wp\/v2\/product_tag?post=1003343"},{"taxonomy":"product_facet","embeddable":true,"href":"https:\/\/scn.eu\/sv\/wp-json\/wp\/v2\/product_facet?post=1003343"}],"curies":[{"name":"wp","href":"https:\/\/api.w.org\/{rel}","templated":true}]}}