{"id":1003338,"date":"2025-01-01T00:00:01","date_gmt":"2025-01-01T00:00:01","guid":{"rendered":"http:\/\/&#038;p=1003338"},"modified":"2026-03-20T04:04:20","modified_gmt":"2026-03-20T04:04:20","slug":"propenny","status":"publish","type":"product","link":"https:\/\/scn.eu\/sv\/produkt\/propenny\/","title":{"rendered":"Lateral LED positionslampa PRO-PENNY"},"content":{"rendered":"<p>Indikatorlampa f\u00f6r sidomontering, kategori 5.<\/p>\n<p>Snabb och enkel fasts\u00e4ttning med 3M-klisterplatta.<\/p>\n<p>Extremt liten konstruktion.<\/p>\n<p>Kabeln \u00e4r vattent\u00e4t.<\/p>\n<p>Kabell\u00e4ngd 0,5m.<\/p>\n<p>12\/24 Volt &#8211; 0,8 Watt.<\/p>\n<p>ECE-godk\u00e4nd, ADR-godk\u00e4nd.<\/p>\n<p>IP6K9K<\/p>\n","protected":false},"excerpt":{"rendered":"<p>Indikatorlampa f\u00f6r sidomontering, kategori 5. Snabb och enkel fasts\u00e4ttning med 3M-klisterplatta. Extremt liten konstruktion. Kabeln \u00e4r vattent\u00e4t. Kabell\u00e4ngd 0,5m. 12\/24 Volt &#8211; 0,8 Watt. ECE-godk\u00e4nd, ADR-godk\u00e4nd. IP6K9K<\/p>\n","protected":false},"featured_media":2003189,"comment_status":"closed","ping_status":"closed","template":"","meta":{"_kad_post_transparent":"default","_kad_post_title":"","_kad_post_layout":"default","_kad_post_sidebar_id":"","_kad_post_content_style":"default","_kad_post_vertical_padding":"default","_kad_post_feature":"","_kad_post_feature_position":"","_kad_post_header":false,"_kad_post_footer":false,"_kad_post_classname":""},"product_brand":[942],"product_cat":[10630,9099,10641,10759],"product_tag":[],"product_facet":[10773],"class_list":{"0":"post-1003338","1":"product","2":"type-product","3":"status-publish","4":"has-post-thumbnail","6":"product_brand-proplast","7":"product_cat-components","8":"product_cat-led-direction-indication-and-beacon-lights","9":"product_cat-led-lights","10":"product_cat-products","11":"product_facet-facet-components","13":"first","14":"instock","15":"downloadable","16":"shipping-taxable","17":"product-type-simple","18":"entry","19":"content-bg","20":"loop-entry"},"_links":{"self":[{"href":"https:\/\/scn.eu\/sv\/wp-json\/wp\/v2\/product\/1003338","targetHints":{"allow":["GET"]}}],"collection":[{"href":"https:\/\/scn.eu\/sv\/wp-json\/wp\/v2\/product"}],"about":[{"href":"https:\/\/scn.eu\/sv\/wp-json\/wp\/v2\/types\/product"}],"replies":[{"embeddable":true,"href":"https:\/\/scn.eu\/sv\/wp-json\/wp\/v2\/comments?post=1003338"}],"version-history":[{"count":1,"href":"https:\/\/scn.eu\/sv\/wp-json\/wp\/v2\/product\/1003338\/revisions"}],"predecessor-version":[{"id":8062223,"href":"https:\/\/scn.eu\/sv\/wp-json\/wp\/v2\/product\/1003338\/revisions\/8062223"}],"wp:featuredmedia":[{"embeddable":true,"href":"https:\/\/scn.eu\/sv\/wp-json\/wp\/v2\/media\/2003189"}],"wp:attachment":[{"href":"https:\/\/scn.eu\/sv\/wp-json\/wp\/v2\/media?parent=1003338"}],"wp:term":[{"taxonomy":"product_brand","embeddable":true,"href":"https:\/\/scn.eu\/sv\/wp-json\/wp\/v2\/product_brand?post=1003338"},{"taxonomy":"product_cat","embeddable":true,"href":"https:\/\/scn.eu\/sv\/wp-json\/wp\/v2\/product_cat?post=1003338"},{"taxonomy":"product_tag","embeddable":true,"href":"https:\/\/scn.eu\/sv\/wp-json\/wp\/v2\/product_tag?post=1003338"},{"taxonomy":"product_facet","embeddable":true,"href":"https:\/\/scn.eu\/sv\/wp-json\/wp\/v2\/product_facet?post=1003338"}],"curies":[{"name":"wp","href":"https:\/\/api.w.org\/{rel}","templated":true}]}}