{"id":1003327,"date":"2025-01-01T00:00:01","date_gmt":"2025-01-01T00:00:01","guid":{"rendered":"http:\/\/&#038;p=1003327"},"modified":"2026-03-20T04:03:39","modified_gmt":"2026-03-20T04:03:39","slug":"gsm","status":"publish","type":"product","link":"https:\/\/scn.eu\/sv\/produkt\/gsm\/","title":{"rendered":"GSM &#8211; GM, GF och GC Serien"},"content":{"rendered":"<p>Produktf\u00f6rdelar:<br \/>\n&#8211; Driftsp\u00e4nning upp till 150VDC per pol f\u00f6r DC-versioner.<br \/>\n&#8211; Magnetotermisk detektering, enbart magnetisk eller enbart termisk.<br \/>\n&#8211; F\u00f6rst\u00e4rkt slagt\u00e5lighet som g\u00f6r det m\u00f6jligt att anv\u00e4nda dem under de sv\u00e5raste f\u00f6rh\u00e5llanden, s\u00e4rskilt i milit\u00e4ra till\u00e4mpningar.<br \/>\n&#8211; Kalibermarkering p\u00e5 aktiveringsknappen.<br \/>\n&#8211; T\u00e4tningstillbeh\u00f6r p\u00e5 framsidan.<br \/>\n&#8211; Specialprodukt enligt kundens specifikationer.<br \/>\n&#8211; Storlekar p\u00e5 beg\u00e4ran.<br \/>\n&#8211; Best\u00e4llning och monteringsl\u00f6sning p\u00e5 beg\u00e4ran.<\/p>\n<p>STOPCIRCUIT-Automats\u00e4kring uppfyller alla krav.<\/p>\n<p>Standarder:<br \/>\n&#8211; \u00d6verensst\u00e4mmelse med standarden IEC 60 898.<br \/>\n&#8211; \u00d6verensst\u00e4mmelse med standarden NF F 62 001 om termisk-magnetiska brytare f\u00f6r t\u00e5g.<br \/>\n&#8211; Motst\u00e5ndskraftig mot vibrationer och st\u00f6tar.<br \/>\n&#8211; Temperaturkompensation fr\u00e5n -40\u00b0C till +85\u00b0C (endast p\u00e5 GD-versionen).<\/p>\n","protected":false},"excerpt":{"rendered":"<p>Produktf\u00f6rdelar: &#8211; Driftsp\u00e4nning upp till 150VDC per pol f\u00f6r DC-versioner. &#8211; Magnetotermisk detektering, enbart magnetisk eller enbart termisk. &#8211; F\u00f6rst\u00e4rkt slagt\u00e5lighet som g\u00f6r det m\u00f6jligt att anv\u00e4nda dem under de sv\u00e5raste f\u00f6rh\u00e5llanden, s\u00e4rskilt i milit\u00e4ra till\u00e4mpningar. &#8211; Kalibermarkering p\u00e5 aktiveringsknappen. &#8211; T\u00e4tningstillbeh\u00f6r p\u00e5 framsidan. &#8211; Specialprodukt enligt kundens specifikationer. &#8211; Storlekar p\u00e5 beg\u00e4ran. &#8211; Best\u00e4llning&#8230;<\/p>\n","protected":false},"featured_media":2003181,"comment_status":"closed","ping_status":"closed","template":"","meta":{"_kad_post_transparent":"default","_kad_post_title":"","_kad_post_layout":"default","_kad_post_sidebar_id":"","_kad_post_content_style":"default","_kad_post_vertical_padding":"default","_kad_post_feature":"","_kad_post_feature_position":"","_kad_post_header":false,"_kad_post_footer":false,"_kad_post_classname":""},"product_brand":[980],"product_cat":[10630,10682,10759,9205],"product_tag":[],"product_facet":[],"class_list":{"0":"post-1003327","1":"product","2":"type-product","3":"status-publish","4":"has-post-thumbnail","6":"product_brand-stopcircuit","7":"product_cat-components","8":"product_cat-power-supplies","9":"product_cat-products","10":"product_cat-single-phase","12":"first","13":"instock","14":"downloadable","15":"shipping-taxable","16":"product-type-simple","17":"entry","18":"content-bg","19":"loop-entry"},"_links":{"self":[{"href":"https:\/\/scn.eu\/sv\/wp-json\/wp\/v2\/product\/1003327","targetHints":{"allow":["GET"]}}],"collection":[{"href":"https:\/\/scn.eu\/sv\/wp-json\/wp\/v2\/product"}],"about":[{"href":"https:\/\/scn.eu\/sv\/wp-json\/wp\/v2\/types\/product"}],"replies":[{"embeddable":true,"href":"https:\/\/scn.eu\/sv\/wp-json\/wp\/v2\/comments?post=1003327"}],"version-history":[{"count":1,"href":"https:\/\/scn.eu\/sv\/wp-json\/wp\/v2\/product\/1003327\/revisions"}],"predecessor-version":[{"id":8062083,"href":"https:\/\/scn.eu\/sv\/wp-json\/wp\/v2\/product\/1003327\/revisions\/8062083"}],"wp:featuredmedia":[{"embeddable":true,"href":"https:\/\/scn.eu\/sv\/wp-json\/wp\/v2\/media\/2003181"}],"wp:attachment":[{"href":"https:\/\/scn.eu\/sv\/wp-json\/wp\/v2\/media?parent=1003327"}],"wp:term":[{"taxonomy":"product_brand","embeddable":true,"href":"https:\/\/scn.eu\/sv\/wp-json\/wp\/v2\/product_brand?post=1003327"},{"taxonomy":"product_cat","embeddable":true,"href":"https:\/\/scn.eu\/sv\/wp-json\/wp\/v2\/product_cat?post=1003327"},{"taxonomy":"product_tag","embeddable":true,"href":"https:\/\/scn.eu\/sv\/wp-json\/wp\/v2\/product_tag?post=1003327"},{"taxonomy":"product_facet","embeddable":true,"href":"https:\/\/scn.eu\/sv\/wp-json\/wp\/v2\/product_facet?post=1003327"}],"curies":[{"name":"wp","href":"https:\/\/api.w.org\/{rel}","templated":true}]}}