{"id":1003324,"date":"2025-01-01T00:00:01","date_gmt":"2025-01-01T00:00:01","guid":{"rendered":"http:\/\/&#038;p=1003324"},"modified":"2026-03-24T02:46:52","modified_gmt":"2026-03-24T02:46:52","slug":"14p","status":"publish","type":"product","link":"https:\/\/scn.eu\/sv\/produkt\/14p\/","title":{"rendered":"Gr\u00e4nsl\u00e4gesbrytare 14P 2PDT \/ 1A"},"content":{"rendered":"<p>Leach 14P \u00e4r en kapslad gr\u00e4nsl\u00e4gesbrytare med 2PDT-konfiguration och snap-action-funktion, s\u00e4rskilt utformad f\u00f6r anv\u00e4ndning i kr\u00e4vande milj\u00f6er med h\u00f6ga krav p\u00e5 tillf\u00f6rlitlighet och robusthet. Den \u00e4r tillverkad helt i rostfritt st\u00e5l och erbjuder skydd enligt IP66-standard mot vatten, damm och sand.<\/p>\n<p>&#8211; Kontaktkonfiguration: 2PDT (tv\u00e5polig, dubbelkast)<br \/>\n&#8211; Elektrisk kapacitet:<br \/>\n&#8211; Resistiv last: 1\u202fA vid 30\u202fVDC<br \/>\n&#8211; Induktiv last: 0,7\u202fA vid 30\u202fVDC (L\/R = 5 ms)<br \/>\nL\u00e5gstr\u00f6msapplikationer: 0,5\u202fmA till 50\u202fmA<br \/>\n&#8211; Temperaturomr\u00e5de: \u201310\u202f\u00b0C till +55\u202f\u00b0C<br \/>\n&#8211; Skyddsklass: IP66 enligt IEC 529<br \/>\n&#8211; Vibration och st\u00f6t: 1\u202fg (16\u201355 Hz), 50\u202fg (11 ms)<br \/>\n&#8211; Livsl\u00e4ngd: 50\u202f000 cykler vid nominell last<br \/>\n&#8211; Material: Rostfritt st\u00e5l<br \/>\n&#8211; Vikt: 130\u202fg \u00b15\u202f% (utan kabel)<br \/>\n&#8211; Anpassningsbarhet: Finns med olika kroppar, st\u00e4lldon och kabeltyper<br \/>\n&#8211; Aktiveringspunkt: Justerbar via monteringsmutter och brickor<\/p>\n","protected":false},"excerpt":{"rendered":"<p>Leach 14P \u00e4r en kapslad gr\u00e4nsl\u00e4gesbrytare med 2PDT-konfiguration och snap-action-funktion, s\u00e4rskilt utformad f\u00f6r anv\u00e4ndning i kr\u00e4vande milj\u00f6er med h\u00f6ga krav p\u00e5 tillf\u00f6rlitlighet och robusthet. Den \u00e4r tillverkad helt i rostfritt st\u00e5l och erbjuder skydd enligt IP66-standard mot vatten, damm och sand. &#8211; Kontaktkonfiguration: 2PDT (tv\u00e5polig, dubbelkast) &#8211; Elektrisk kapacitet: &#8211; Resistiv last: 1\u202fA vid 30\u202fVDC&#8230;<\/p>\n","protected":false},"featured_media":2003178,"comment_status":"closed","ping_status":"closed","template":"","meta":{"_kad_post_transparent":"default","_kad_post_title":"","_kad_post_layout":"default","_kad_post_sidebar_id":"","_kad_post_content_style":"default","_kad_post_vertical_padding":"default","_kad_post_feature":"","_kad_post_feature_position":"","_kad_post_header":false,"_kad_post_footer":false,"_kad_post_classname":""},"product_brand":[917],"product_cat":[10631,10752],"product_tag":[],"product_facet":[10773],"class_list":{"0":"post-1003324","1":"product","2":"type-product","3":"status-publish","4":"has-post-thumbnail","6":"product_brand-leach","7":"product_cat-components","8":"product_cat-products","9":"product_facet-facet-components","11":"first","12":"instock","13":"downloadable","14":"shipping-taxable","15":"product-type-simple","16":"entry","17":"content-bg","18":"loop-entry"},"_links":{"self":[{"href":"https:\/\/scn.eu\/sv\/wp-json\/wp\/v2\/product\/1003324","targetHints":{"allow":["GET"]}}],"collection":[{"href":"https:\/\/scn.eu\/sv\/wp-json\/wp\/v2\/product"}],"about":[{"href":"https:\/\/scn.eu\/sv\/wp-json\/wp\/v2\/types\/product"}],"replies":[{"embeddable":true,"href":"https:\/\/scn.eu\/sv\/wp-json\/wp\/v2\/comments?post=1003324"}],"version-history":[{"count":1,"href":"https:\/\/scn.eu\/sv\/wp-json\/wp\/v2\/product\/1003324\/revisions"}],"predecessor-version":[{"id":8062032,"href":"https:\/\/scn.eu\/sv\/wp-json\/wp\/v2\/product\/1003324\/revisions\/8062032"}],"wp:featuredmedia":[{"embeddable":true,"href":"https:\/\/scn.eu\/sv\/wp-json\/wp\/v2\/media\/2003178"}],"wp:attachment":[{"href":"https:\/\/scn.eu\/sv\/wp-json\/wp\/v2\/media?parent=1003324"}],"wp:term":[{"taxonomy":"product_brand","embeddable":true,"href":"https:\/\/scn.eu\/sv\/wp-json\/wp\/v2\/product_brand?post=1003324"},{"taxonomy":"product_cat","embeddable":true,"href":"https:\/\/scn.eu\/sv\/wp-json\/wp\/v2\/product_cat?post=1003324"},{"taxonomy":"product_tag","embeddable":true,"href":"https:\/\/scn.eu\/sv\/wp-json\/wp\/v2\/product_tag?post=1003324"},{"taxonomy":"product_facet","embeddable":true,"href":"https:\/\/scn.eu\/sv\/wp-json\/wp\/v2\/product_facet?post=1003324"}],"curies":[{"name":"wp","href":"https:\/\/api.w.org\/{rel}","templated":true}]}}