{"id":1003322,"date":"2025-01-01T00:00:01","date_gmt":"2025-01-01T00:00:01","guid":{"rendered":"http:\/\/&#038;p=1003322"},"modified":"2026-03-20T04:03:13","modified_gmt":"2026-03-20T04:03:13","slug":"gfp400","status":"publish","type":"product","link":"https:\/\/scn.eu\/sv\/produkt\/gfp400\/","title":{"rendered":"GFP400 S\u00e4kring med passiv aktivering"},"content":{"rendered":"<p>GIGAVAC forts\u00e4tter att vara ledande inom t\u00e4tad kopplingsteknik med introduktionen av t\u00e4ta s\u00e4kringsprodukter. GIGAVAC-s\u00e4kringsprodukter inkluderar nu PyroTactor\u2122, v\u00e4rldens f\u00f6rsta kontaktor med integrerad pyro-s\u00e4kring, och GigaFuse\u2122, v\u00e4rldens enda hermetiskt f\u00f6rseglade elektromekaniska s\u00e4kring. B\u00e5da dessa serier \u00e4r konstruerade f\u00f6r h\u00f6gsp\u00e4nnings- och h\u00f6gsp\u00e4nningss\u00e4kringskrav.<\/p>\n<p>GFC PyroTactor \u2122 kombinerar funktionen av h\u00f6gsp\u00e4nningss\u00e4kringar och kontaktorer i en enda enhet. Detta eliminerar behovet av att dimensionera varje komponent separat. GFC-serien \u00e4r bidirektionell, kan hantera systemsp\u00e4nningar upp till 1500VDC. Finns i varianter med endast passiv utl\u00f6sning eller passiv och aktiv utl\u00f6sning. Denna nya design reducerar motst\u00e5ndet avsev\u00e4rt, eliminerar termisk \u00e5ldring och reducerar installationstiden, komplexiteten samt kostnaden betydligt.<\/p>\n<p>GFP- och GFPA GigaFuse\u2122-serien inneh\u00e5ller s\u00e4kringsprodukter med b\u00e5de passiva och passiva\/aktiva kombinationer. Precis som GFC-serien, reducerar GFP- och GFPA-serien avsev\u00e4rt motst\u00e5ndet, eliminerar termisk \u00e5ldrande och reducerar installationstiden, komplexiteten och kostnaden dramatiskt.<\/p>\n<p>Andra GIGAVAC-t\u00e4tade kopplingsprodukter inkluderar EPIC\u00ae-f\u00f6rseglade kontaktorer, GX-industrikontakter och MX Milit\u00e4rklassade\/Heavy Duty-kontaktorer, tillsammans med GV hermetiskt t\u00e4tade kostnadseffektiva kontaktorer, kontaktorer f\u00f6r kretskortsmontage, sm\u00e5 MiniTACTOR\u2122-kontaktorer och hermetiskt t\u00e4tade manuella brytare.<\/p>\n","protected":false},"excerpt":{"rendered":"<p>GIGAVAC forts\u00e4tter att vara ledande inom t\u00e4tad kopplingsteknik med introduktionen av t\u00e4ta s\u00e4kringsprodukter. GIGAVAC-s\u00e4kringsprodukter inkluderar nu PyroTactor\u2122, v\u00e4rldens f\u00f6rsta kontaktor med integrerad pyro-s\u00e4kring, och GigaFuse\u2122, v\u00e4rldens enda hermetiskt f\u00f6rseglade elektromekaniska s\u00e4kring. B\u00e5da dessa serier \u00e4r konstruerade f\u00f6r h\u00f6gsp\u00e4nnings- och h\u00f6gsp\u00e4nningss\u00e4kringskrav. GFC PyroTactor \u2122 kombinerar funktionen av h\u00f6gsp\u00e4nningss\u00e4kringar och kontaktorer i en enda enhet. Detta eliminerar&#8230;<\/p>\n","protected":false},"featured_media":2003176,"comment_status":"closed","ping_status":"closed","template":"","meta":{"_kad_post_transparent":"default","_kad_post_title":"","_kad_post_layout":"default","_kad_post_sidebar_id":"","_kad_post_content_style":"default","_kad_post_vertical_padding":"default","_kad_post_feature":"","_kad_post_feature_position":"","_kad_post_header":false,"_kad_post_footer":false,"_kad_post_classname":""},"product_brand":[920],"product_cat":[10631,664,10752],"product_tag":[],"product_facet":[10773],"class_list":{"0":"post-1003322","1":"product","2":"type-product","3":"status-publish","4":"has-post-thumbnail","6":"product_brand-gigavac","7":"product_cat-components","8":"product_cat-power-contactors","9":"product_cat-products","10":"product_facet-facet-components","12":"first","13":"instock","14":"downloadable","15":"shipping-taxable","16":"product-type-simple","17":"entry","18":"content-bg","19":"loop-entry"},"_links":{"self":[{"href":"https:\/\/scn.eu\/sv\/wp-json\/wp\/v2\/product\/1003322","targetHints":{"allow":["GET"]}}],"collection":[{"href":"https:\/\/scn.eu\/sv\/wp-json\/wp\/v2\/product"}],"about":[{"href":"https:\/\/scn.eu\/sv\/wp-json\/wp\/v2\/types\/product"}],"replies":[{"embeddable":true,"href":"https:\/\/scn.eu\/sv\/wp-json\/wp\/v2\/comments?post=1003322"}],"version-history":[{"count":1,"href":"https:\/\/scn.eu\/sv\/wp-json\/wp\/v2\/product\/1003322\/revisions"}],"predecessor-version":[{"id":8062000,"href":"https:\/\/scn.eu\/sv\/wp-json\/wp\/v2\/product\/1003322\/revisions\/8062000"}],"wp:featuredmedia":[{"embeddable":true,"href":"https:\/\/scn.eu\/sv\/wp-json\/wp\/v2\/media\/2003176"}],"wp:attachment":[{"href":"https:\/\/scn.eu\/sv\/wp-json\/wp\/v2\/media?parent=1003322"}],"wp:term":[{"taxonomy":"product_brand","embeddable":true,"href":"https:\/\/scn.eu\/sv\/wp-json\/wp\/v2\/product_brand?post=1003322"},{"taxonomy":"product_cat","embeddable":true,"href":"https:\/\/scn.eu\/sv\/wp-json\/wp\/v2\/product_cat?post=1003322"},{"taxonomy":"product_tag","embeddable":true,"href":"https:\/\/scn.eu\/sv\/wp-json\/wp\/v2\/product_tag?post=1003322"},{"taxonomy":"product_facet","embeddable":true,"href":"https:\/\/scn.eu\/sv\/wp-json\/wp\/v2\/product_facet?post=1003322"}],"curies":[{"name":"wp","href":"https:\/\/api.w.org\/{rel}","templated":true}]}}