{"id":1003320,"date":"2025-01-01T00:00:01","date_gmt":"2025-01-01T00:00:01","guid":{"rendered":"http:\/\/&#038;p=1003320"},"modified":"2026-03-20T04:03:04","modified_gmt":"2026-03-20T04:03:04","slug":"frontsheetwithprocesslvh","status":"publish","type":"product","link":"https:\/\/scn.eu\/sv\/produkt\/frontsheetwithprocesslvh\/","title":{"rendered":"Frontpl\u00e5t med h\u00e5ltagning"},"content":{"rendered":"<p>Frontpl\u00e5t Med process LVH2.01.3030&#8230;LVH2.01.6060 med en tjocklek p\u00e5 2 mm.<\/p>\n<p>Frontpl\u00e5t med processen LVH3.01.3030&#8230;LVH3.01.6060 med en tjocklek p\u00e5 3 mm.<\/p>\n<p>B\u00e5da modellerna finns i storlekar fr\u00e5n 300x300mm upp till 600x600mm.<\/p>\n","protected":false},"excerpt":{"rendered":"<p>Frontpl\u00e5t Med process LVH2.01.3030&#8230;LVH2.01.6060 med en tjocklek p\u00e5 2 mm. Frontpl\u00e5t med processen LVH3.01.3030&#8230;LVH3.01.6060 med en tjocklek p\u00e5 3 mm. B\u00e5da modellerna finns i storlekar fr\u00e5n 300x300mm upp till 600x600mm.<\/p>\n","protected":false},"featured_media":2003174,"comment_status":"closed","ping_status":"closed","template":"","meta":{"_kad_post_transparent":"default","_kad_post_title":"","_kad_post_layout":"default","_kad_post_sidebar_id":"","_kad_post_content_style":"default","_kad_post_vertical_padding":"default","_kad_post_feature":"","_kad_post_feature_position":"","_kad_post_header":false,"_kad_post_footer":false,"_kad_post_classname":""},"product_brand":[934],"product_cat":[10630,9380,10759,10669],"product_tag":[],"product_facet":[10773],"class_list":{"0":"post-1003320","1":"product","2":"type-product","3":"status-publish","4":"has-post-thumbnail","6":"product_brand-teknokol","7":"product_cat-components","8":"product_cat-operator-control-panel-hmi-enclosure-systems","9":"product_cat-products","10":"product_cat-support-arm-and-control-panel-systems","11":"product_facet-facet-components","13":"first","14":"instock","15":"downloadable","16":"shipping-taxable","17":"product-type-simple","18":"entry","19":"content-bg","20":"loop-entry"},"_links":{"self":[{"href":"https:\/\/scn.eu\/sv\/wp-json\/wp\/v2\/product\/1003320","targetHints":{"allow":["GET"]}}],"collection":[{"href":"https:\/\/scn.eu\/sv\/wp-json\/wp\/v2\/product"}],"about":[{"href":"https:\/\/scn.eu\/sv\/wp-json\/wp\/v2\/types\/product"}],"replies":[{"embeddable":true,"href":"https:\/\/scn.eu\/sv\/wp-json\/wp\/v2\/comments?post=1003320"}],"version-history":[{"count":1,"href":"https:\/\/scn.eu\/sv\/wp-json\/wp\/v2\/product\/1003320\/revisions"}],"predecessor-version":[{"id":8061974,"href":"https:\/\/scn.eu\/sv\/wp-json\/wp\/v2\/product\/1003320\/revisions\/8061974"}],"wp:featuredmedia":[{"embeddable":true,"href":"https:\/\/scn.eu\/sv\/wp-json\/wp\/v2\/media\/2003174"}],"wp:attachment":[{"href":"https:\/\/scn.eu\/sv\/wp-json\/wp\/v2\/media?parent=1003320"}],"wp:term":[{"taxonomy":"product_brand","embeddable":true,"href":"https:\/\/scn.eu\/sv\/wp-json\/wp\/v2\/product_brand?post=1003320"},{"taxonomy":"product_cat","embeddable":true,"href":"https:\/\/scn.eu\/sv\/wp-json\/wp\/v2\/product_cat?post=1003320"},{"taxonomy":"product_tag","embeddable":true,"href":"https:\/\/scn.eu\/sv\/wp-json\/wp\/v2\/product_tag?post=1003320"},{"taxonomy":"product_facet","embeddable":true,"href":"https:\/\/scn.eu\/sv\/wp-json\/wp\/v2\/product_facet?post=1003320"}],"curies":[{"name":"wp","href":"https:\/\/api.w.org\/{rel}","templated":true}]}}