{"id":1003319,"date":"2025-01-01T00:00:01","date_gmt":"2025-01-01T00:00:01","guid":{"rendered":"http:\/\/&#038;p=1003319"},"modified":"2026-03-20T04:02:58","modified_gmt":"2026-03-20T04:02:58","slug":"fdlafdlmfdlsfdlt","status":"publish","type":"product","link":"https:\/\/scn.eu\/sv\/produkt\/fdlafdlmfdlsfdlt\/","title":{"rendered":"FDLA, FDLM, FDLS och FDLT"},"content":{"rendered":"<p>Termiska automats\u00e4kringar fr\u00e5n 35A till 150A vid 30 VDC.<\/p>\n<p>Finns med automatisk eller manuell \u00e5terst\u00e4llning, utl\u00f6sningsindikering och som omkopplare i en och samma enhet.<\/p>\n<p>F-serien \u00e4r v\u00e4derbest\u00e4ndig, gnistskyddad och kan inte \u00e5terst\u00e4llas innan kretsen \u00e4r s\u00e4ker igen. Allt detta i en mycket robust konstruktion med terminalbultar tillg\u00e4ngliga i 1\/4&#8243; eller den st\u00f6rre 3\/8&#8243;.<\/p>\n<p>Robust h\u00f6lje f\u00f6r att ge skydd i den h\u00e5rda milj\u00f6n som till exempel finns i tunga lastbilar, terr\u00e4ngfordon, marin- och byggnadstill\u00e4mpningar.<\/p>\n","protected":false},"excerpt":{"rendered":"<p>Termiska automats\u00e4kringar fr\u00e5n 35A till 150A vid 30 VDC. Finns med automatisk eller manuell \u00e5terst\u00e4llning, utl\u00f6sningsindikering och som omkopplare i en och samma enhet. F-serien \u00e4r v\u00e4derbest\u00e4ndig, gnistskyddad och kan inte \u00e5terst\u00e4llas innan kretsen \u00e4r s\u00e4ker igen. Allt detta i en mycket robust konstruktion med terminalbultar tillg\u00e4ngliga i 1\/4&#8243; eller den st\u00f6rre 3\/8&#8243;. Robust h\u00f6lje&#8230;<\/p>\n","protected":false},"featured_media":2003173,"comment_status":"closed","ping_status":"closed","template":"","meta":{"_kad_post_transparent":"default","_kad_post_title":"","_kad_post_layout":"default","_kad_post_sidebar_id":"","_kad_post_content_style":"default","_kad_post_vertical_padding":"default","_kad_post_feature":"","_kad_post_feature_position":"","_kad_post_header":false,"_kad_post_footer":false,"_kad_post_classname":""},"product_brand":[922],"product_cat":[10630,10682,10759,9205],"product_tag":[],"product_facet":[10773],"class_list":{"0":"post-1003319","1":"product","2":"type-product","3":"status-publish","4":"has-post-thumbnail","6":"product_brand-sensata","7":"product_cat-components","8":"product_cat-power-supplies","9":"product_cat-products","10":"product_cat-single-phase","11":"product_facet-facet-components","13":"first","14":"instock","15":"downloadable","16":"shipping-taxable","17":"product-type-simple","18":"entry","19":"content-bg","20":"loop-entry"},"_links":{"self":[{"href":"https:\/\/scn.eu\/sv\/wp-json\/wp\/v2\/product\/1003319","targetHints":{"allow":["GET"]}}],"collection":[{"href":"https:\/\/scn.eu\/sv\/wp-json\/wp\/v2\/product"}],"about":[{"href":"https:\/\/scn.eu\/sv\/wp-json\/wp\/v2\/types\/product"}],"replies":[{"embeddable":true,"href":"https:\/\/scn.eu\/sv\/wp-json\/wp\/v2\/comments?post=1003319"}],"version-history":[{"count":1,"href":"https:\/\/scn.eu\/sv\/wp-json\/wp\/v2\/product\/1003319\/revisions"}],"predecessor-version":[{"id":8061955,"href":"https:\/\/scn.eu\/sv\/wp-json\/wp\/v2\/product\/1003319\/revisions\/8061955"}],"wp:featuredmedia":[{"embeddable":true,"href":"https:\/\/scn.eu\/sv\/wp-json\/wp\/v2\/media\/2003173"}],"wp:attachment":[{"href":"https:\/\/scn.eu\/sv\/wp-json\/wp\/v2\/media?parent=1003319"}],"wp:term":[{"taxonomy":"product_brand","embeddable":true,"href":"https:\/\/scn.eu\/sv\/wp-json\/wp\/v2\/product_brand?post=1003319"},{"taxonomy":"product_cat","embeddable":true,"href":"https:\/\/scn.eu\/sv\/wp-json\/wp\/v2\/product_cat?post=1003319"},{"taxonomy":"product_tag","embeddable":true,"href":"https:\/\/scn.eu\/sv\/wp-json\/wp\/v2\/product_tag?post=1003319"},{"taxonomy":"product_facet","embeddable":true,"href":"https:\/\/scn.eu\/sv\/wp-json\/wp\/v2\/product_facet?post=1003319"}],"curies":[{"name":"wp","href":"https:\/\/api.w.org\/{rel}","templated":true}]}}