{"id":1003316,"date":"2025-01-01T00:00:01","date_gmt":"2025-01-01T00:00:01","guid":{"rendered":"http:\/\/&#038;p=1003316"},"modified":"2026-03-20T04:02:47","modified_gmt":"2026-03-20T04:02:47","slug":"eso010","status":"publish","type":"product","link":"https:\/\/scn.eu\/sv\/produkt\/eso010\/","title":{"rendered":"ESO010 Halvledarrel\u00e4 80A"},"content":{"rendered":"<p>MOSFET-teknik<br \/>\n&#8211; f\u00f6r till\u00e4mpningar d\u00e4r \u00f6verstr\u00f6msf\u00f6rm\u00e5ga och l\u00e5g effektf\u00f6rlust kr\u00e4vs.<\/p>\n<p>M\u00e5tt (mm): 45&#215;58,5&#215;30<\/p>\n<p>ESO01000<br \/>\nOmkopplingsstr\u00f6m: 0-80A<br \/>\nKopplingssp\u00e4nning: 0-130VDC<br \/>\nToppsp\u00e4nning: 200V<br \/>\nStyrsp\u00e4nning: Skydd mot ledningsinduktans (C1, D2): tillval f\u00f6r SOM-serien<\/p>\n","protected":false},"excerpt":{"rendered":"<p>MOSFET-teknik &#8211; f\u00f6r till\u00e4mpningar d\u00e4r \u00f6verstr\u00f6msf\u00f6rm\u00e5ga och l\u00e5g effektf\u00f6rlust kr\u00e4vs. M\u00e5tt (mm): 45&#215;58,5&#215;30 ESO01000 Omkopplingsstr\u00f6m: 0-80A Kopplingssp\u00e4nning: 0-130VDC Toppsp\u00e4nning: 200V Styrsp\u00e4nning: Skydd mot ledningsinduktans (C1, D2): tillval f\u00f6r SOM-serien<\/p>\n","protected":false},"featured_media":2003170,"comment_status":"closed","ping_status":"closed","template":"","meta":{"_kad_post_transparent":"default","_kad_post_title":"","_kad_post_layout":"default","_kad_post_sidebar_id":"","_kad_post_content_style":"default","_kad_post_vertical_padding":"default","_kad_post_feature":"","_kad_post_feature_position":"","_kad_post_header":false,"_kad_post_footer":false,"_kad_post_classname":""},"product_brand":[938],"product_cat":[10630,10682,10759,9205],"product_tag":[],"product_facet":[10773],"class_list":{"0":"post-1003316","1":"product","2":"type-product","3":"status-publish","4":"has-post-thumbnail","6":"product_brand-celduc","7":"product_cat-components","8":"product_cat-power-supplies","9":"product_cat-products","10":"product_cat-single-phase","11":"product_facet-facet-components","13":"first","14":"instock","15":"downloadable","16":"shipping-taxable","17":"product-type-simple","18":"entry","19":"content-bg","20":"loop-entry"},"_links":{"self":[{"href":"https:\/\/scn.eu\/sv\/wp-json\/wp\/v2\/product\/1003316","targetHints":{"allow":["GET"]}}],"collection":[{"href":"https:\/\/scn.eu\/sv\/wp-json\/wp\/v2\/product"}],"about":[{"href":"https:\/\/scn.eu\/sv\/wp-json\/wp\/v2\/types\/product"}],"replies":[{"embeddable":true,"href":"https:\/\/scn.eu\/sv\/wp-json\/wp\/v2\/comments?post=1003316"}],"version-history":[{"count":1,"href":"https:\/\/scn.eu\/sv\/wp-json\/wp\/v2\/product\/1003316\/revisions"}],"predecessor-version":[{"id":8061898,"href":"https:\/\/scn.eu\/sv\/wp-json\/wp\/v2\/product\/1003316\/revisions\/8061898"}],"wp:featuredmedia":[{"embeddable":true,"href":"https:\/\/scn.eu\/sv\/wp-json\/wp\/v2\/media\/2003170"}],"wp:attachment":[{"href":"https:\/\/scn.eu\/sv\/wp-json\/wp\/v2\/media?parent=1003316"}],"wp:term":[{"taxonomy":"product_brand","embeddable":true,"href":"https:\/\/scn.eu\/sv\/wp-json\/wp\/v2\/product_brand?post=1003316"},{"taxonomy":"product_cat","embeddable":true,"href":"https:\/\/scn.eu\/sv\/wp-json\/wp\/v2\/product_cat?post=1003316"},{"taxonomy":"product_tag","embeddable":true,"href":"https:\/\/scn.eu\/sv\/wp-json\/wp\/v2\/product_tag?post=1003316"},{"taxonomy":"product_facet","embeddable":true,"href":"https:\/\/scn.eu\/sv\/wp-json\/wp\/v2\/product_facet?post=1003316"}],"curies":[{"name":"wp","href":"https:\/\/api.w.org\/{rel}","templated":true}]}}