{"id":1003312,"date":"2025-01-01T00:00:01","date_gmt":"2025-01-01T00:00:01","guid":{"rendered":"http:\/\/&#038;p=1003312"},"modified":"2026-03-20T04:02:26","modified_gmt":"2026-03-20T04:02:26","slug":"cmcacdmcda","status":"publish","type":"product","link":"https:\/\/scn.eu\/sv\/produkt\/cmcacdmcda\/","title":{"rendered":"CM, CA, CDM och CDA"},"content":{"rendered":"<p>Termiska automats\u00e4kringar fr\u00e5n 2A till 40A vid 30VDC eller 120VAC.<\/p>\n<p>Snabb responstid och med automatisk eller manuell \u00e5terst\u00e4llning. <\/p>\n<p>C-serien \u00e4r kompakt, l\u00e4tt, v\u00e4derbest\u00e4ndig om s\u00e5 \u00f6nskas och l\u00e4mpar sig d\u00e5 f\u00f6r sv\u00e5ra milj\u00f6er.<\/p>\n<p>Vanliga till\u00e4mpningar \u00e4r skydd av tillbeh\u00f6r, utrustning, batterier f\u00f6r marin, terr\u00e4ng, \u00e4ventyr, gruvor, jordbruk och elektriska hybrider.<\/p>\n","protected":false},"excerpt":{"rendered":"<p>Termiska automats\u00e4kringar fr\u00e5n 2A till 40A vid 30VDC eller 120VAC. Snabb responstid och med automatisk eller manuell \u00e5terst\u00e4llning. C-serien \u00e4r kompakt, l\u00e4tt, v\u00e4derbest\u00e4ndig om s\u00e5 \u00f6nskas och l\u00e4mpar sig d\u00e5 f\u00f6r sv\u00e5ra milj\u00f6er. Vanliga till\u00e4mpningar \u00e4r skydd av tillbeh\u00f6r, utrustning, batterier f\u00f6r marin, terr\u00e4ng, \u00e4ventyr, gruvor, jordbruk och elektriska hybrider.<\/p>\n","protected":false},"featured_media":2003166,"comment_status":"closed","ping_status":"closed","template":"","meta":{"_kad_post_transparent":"default","_kad_post_title":"","_kad_post_layout":"default","_kad_post_sidebar_id":"","_kad_post_content_style":"default","_kad_post_vertical_padding":"default","_kad_post_feature":"","_kad_post_feature_position":"","_kad_post_header":false,"_kad_post_footer":false,"_kad_post_classname":""},"product_brand":[922],"product_cat":[10630,10682,10759,9205],"product_tag":[],"product_facet":[],"class_list":{"0":"post-1003312","1":"product","2":"type-product","3":"status-publish","4":"has-post-thumbnail","6":"product_brand-sensata","7":"product_cat-components","8":"product_cat-power-supplies","9":"product_cat-products","10":"product_cat-single-phase","12":"first","13":"instock","14":"downloadable","15":"shipping-taxable","16":"product-type-simple","17":"entry","18":"content-bg","19":"loop-entry"},"_links":{"self":[{"href":"https:\/\/scn.eu\/sv\/wp-json\/wp\/v2\/product\/1003312","targetHints":{"allow":["GET"]}}],"collection":[{"href":"https:\/\/scn.eu\/sv\/wp-json\/wp\/v2\/product"}],"about":[{"href":"https:\/\/scn.eu\/sv\/wp-json\/wp\/v2\/types\/product"}],"replies":[{"embeddable":true,"href":"https:\/\/scn.eu\/sv\/wp-json\/wp\/v2\/comments?post=1003312"}],"version-history":[{"count":1,"href":"https:\/\/scn.eu\/sv\/wp-json\/wp\/v2\/product\/1003312\/revisions"}],"predecessor-version":[{"id":8061837,"href":"https:\/\/scn.eu\/sv\/wp-json\/wp\/v2\/product\/1003312\/revisions\/8061837"}],"wp:featuredmedia":[{"embeddable":true,"href":"https:\/\/scn.eu\/sv\/wp-json\/wp\/v2\/media\/2003166"}],"wp:attachment":[{"href":"https:\/\/scn.eu\/sv\/wp-json\/wp\/v2\/media?parent=1003312"}],"wp:term":[{"taxonomy":"product_brand","embeddable":true,"href":"https:\/\/scn.eu\/sv\/wp-json\/wp\/v2\/product_brand?post=1003312"},{"taxonomy":"product_cat","embeddable":true,"href":"https:\/\/scn.eu\/sv\/wp-json\/wp\/v2\/product_cat?post=1003312"},{"taxonomy":"product_tag","embeddable":true,"href":"https:\/\/scn.eu\/sv\/wp-json\/wp\/v2\/product_tag?post=1003312"},{"taxonomy":"product_facet","embeddable":true,"href":"https:\/\/scn.eu\/sv\/wp-json\/wp\/v2\/product_facet?post=1003312"}],"curies":[{"name":"wp","href":"https:\/\/api.w.org\/{rel}","templated":true}]}}