{"id":1003309,"date":"2025-01-01T00:00:01","date_gmt":"2025-01-01T00:00:01","guid":{"rendered":"http:\/\/&#038;p=1003309"},"modified":"2026-03-20T04:02:16","modified_gmt":"2026-03-20T04:02:16","slug":"applicationsamplesss","status":"publish","type":"product","link":"https:\/\/scn.eu\/sv\/produkt\/applicationsamplesss\/","title":{"rendered":"Applikationsf\u00f6rslag  rostfritt st\u00e5l"},"content":{"rendered":"<p>Konfigurationer A-F, se bilder.<\/p>\n<p>Operat\u00f6rsarm- och panelprodukter tillverkade av rostfritt st\u00e5l 1.4301 (AISI 304) erbjuder betydande f\u00f6rdelar, s\u00e4rskilt i livsmedels- och l\u00e4kemedelsproduktionsanl\u00e4ggningar d\u00e4r strikt hygienkontroll \u00e4r obligatorisk. Dessa produkter kan enkelt integreras i de maskiner och automationssystem som anv\u00e4nds i s\u00e5dana produktionsprocesser. P\u00e5 grund av dess enast\u00e5ende egenskaper v\u00e4ljs rostfritt st\u00e5l 1.4301 ofta f\u00f6r dessa typer av applikationer.<\/p>\n<p>AISI 304 rostfritt st\u00e5l, med sin sammans\u00e4ttning av 18 % krom och 8 % nickel, ger utm\u00e4rkt korrosionsbest\u00e4ndighet. Denna funktion \u00e4r s\u00e4rskilt kritisk i milj\u00f6er d\u00e4r korrosionsproblem \u00e4r vanliga, s\u00e5som fuktiga och sura f\u00f6rh\u00e5llanden. Med tanke p\u00e5 tonvikten p\u00e5 hygien i livsmedels- och l\u00e4kemedelsproduktionsomr\u00e5den \u00e4r anv\u00e4ndningen av material som \u00e4r resistenta mot korrosion avg\u00f6rande f\u00f6r produkts\u00e4kerhet och kvalitetskontroll.<\/p>\n<p>Den h\u00f6ga IP-klassificeringen (Ingress Protection) f\u00f6r dessa operat\u00f6rsarm- och panelprodukter s\u00e4kerst\u00e4ller \u00f6verl\u00e4gset skydd mot damm, vatten och andra yttre faktorer. Detta bidrar till livsl\u00e4ngden p\u00e5 den utrustning som anv\u00e4nds i produktionsomr\u00e5dena och minskar underh\u00e5llskostnaderna. En h\u00f6g IP-klassning s\u00e4kerst\u00e4ller ocks\u00e5 s\u00e4ker anv\u00e4ndning i milj\u00f6er d\u00e4r elektroniska komponenter \u00e4r k\u00e4nsliga f\u00f6r yttre p\u00e5verkan.<\/p>\n<p>En annan betydande f\u00f6rdel med rostfritt st\u00e5l 1.4301 \u00e4r dess enkla sterilisering. Detta material \u00e4r kompatibelt med de reng\u00f6ringsl\u00f6sningar som anv\u00e4nds inom livsmedels- och l\u00e4kemedelsindustrin och \u00e4r resistent mot regelbundna desinfektions- och reng\u00f6ringsprocesser. Detta s\u00e4kerst\u00e4ller att produktionsprocesserna kan forts\u00e4tta utan avbrott och s\u00e4kert. Dessutom f\u00f6rhindrar den sl\u00e4ta ytan av rostfritt st\u00e5l ansamling av mikroorganismer och smuts, vilket hj\u00e4lper till att uppr\u00e4tth\u00e5lla hygienstandarder.<\/p>\n<p>Sammanfattningsvis erbjuder operat\u00f6rsarm och panelprodukter tillverkade av rostfritt st\u00e5l 1.4301 en idealisk l\u00f6sning i livsmedels- och l\u00e4kemedelsproduktionsanl\u00e4ggningar, som erbjuder b\u00e5de h\u00e5llbarhet och hygien. Den h\u00f6ga motst\u00e5ndskraften mot korrosion, h\u00f6ga IP-klassificering och enkla sterilisering \u00e4r nyckelfaktorer i deras val. F\u00f6ljaktligen s\u00e4kerst\u00e4ller dessa produkter tillf\u00f6rlitlig och l\u00e5ngvarig anv\u00e4ndning i produktionsprocesser.<\/p>\n","protected":false},"excerpt":{"rendered":"<p>Konfigurationer A-F, se bilder. Operat\u00f6rsarm- och panelprodukter tillverkade av rostfritt st\u00e5l 1.4301 (AISI 304) erbjuder betydande f\u00f6rdelar, s\u00e4rskilt i livsmedels- och l\u00e4kemedelsproduktionsanl\u00e4ggningar d\u00e4r strikt hygienkontroll \u00e4r obligatorisk. Dessa produkter kan enkelt integreras i de maskiner och automationssystem som anv\u00e4nds i s\u00e5dana produktionsprocesser. P\u00e5 grund av dess enast\u00e5ende egenskaper v\u00e4ljs rostfritt st\u00e5l 1.4301 ofta f\u00f6r dessa&#8230;<\/p>\n","protected":false},"featured_media":2003163,"comment_status":"closed","ping_status":"closed","template":"","meta":{"_kad_post_transparent":"default","_kad_post_title":"","_kad_post_layout":"default","_kad_post_sidebar_id":"","_kad_post_content_style":"default","_kad_post_vertical_padding":"default","_kad_post_feature":"","_kad_post_feature_position":"","_kad_post_header":false,"_kad_post_footer":false,"_kad_post_classname":""},"product_brand":[934],"product_cat":[10631,10752,719],"product_tag":[],"product_facet":[],"class_list":{"0":"post-1003309","1":"product","2":"type-product","3":"status-publish","4":"has-post-thumbnail","6":"product_brand-teknokol","7":"product_cat-components","8":"product_cat-products","9":"product_cat-support-arm-and-control-panel-systems","11":"first","12":"instock","13":"downloadable","14":"shipping-taxable","15":"product-type-simple","16":"entry","17":"content-bg","18":"loop-entry"},"_links":{"self":[{"href":"https:\/\/scn.eu\/sv\/wp-json\/wp\/v2\/product\/1003309","targetHints":{"allow":["GET"]}}],"collection":[{"href":"https:\/\/scn.eu\/sv\/wp-json\/wp\/v2\/product"}],"about":[{"href":"https:\/\/scn.eu\/sv\/wp-json\/wp\/v2\/types\/product"}],"replies":[{"embeddable":true,"href":"https:\/\/scn.eu\/sv\/wp-json\/wp\/v2\/comments?post=1003309"}],"version-history":[{"count":1,"href":"https:\/\/scn.eu\/sv\/wp-json\/wp\/v2\/product\/1003309\/revisions"}],"predecessor-version":[{"id":8061780,"href":"https:\/\/scn.eu\/sv\/wp-json\/wp\/v2\/product\/1003309\/revisions\/8061780"}],"wp:featuredmedia":[{"embeddable":true,"href":"https:\/\/scn.eu\/sv\/wp-json\/wp\/v2\/media\/2003163"}],"wp:attachment":[{"href":"https:\/\/scn.eu\/sv\/wp-json\/wp\/v2\/media?parent=1003309"}],"wp:term":[{"taxonomy":"product_brand","embeddable":true,"href":"https:\/\/scn.eu\/sv\/wp-json\/wp\/v2\/product_brand?post=1003309"},{"taxonomy":"product_cat","embeddable":true,"href":"https:\/\/scn.eu\/sv\/wp-json\/wp\/v2\/product_cat?post=1003309"},{"taxonomy":"product_tag","embeddable":true,"href":"https:\/\/scn.eu\/sv\/wp-json\/wp\/v2\/product_tag?post=1003309"},{"taxonomy":"product_facet","embeddable":true,"href":"https:\/\/scn.eu\/sv\/wp-json\/wp\/v2\/product_facet?post=1003309"}],"curies":[{"name":"wp","href":"https:\/\/api.w.org\/{rel}","templated":true}]}}